{"id":5862,"date":"2023-06-27T20:32:48","date_gmt":"2023-06-27T20:32:48","guid":{"rendered":"https:\/\/tm2023.mittmagasin.online\/?page_id=5862"},"modified":"2023-06-28T13:44:44","modified_gmt":"2023-06-28T13:44:44","slug":"ambassadorene-er-der-for-deg","status":"publish","type":"page","link":"https:\/\/tm2023.mittmagasin.online\/?page_id=5862","title":{"rendered":"Ambassad\u00f8rene er der for deg"},"content":{"rendered":"<p>\n    <a href=\"\">Forrige<\/a>\n<\/p>\n<p>\n    <a href=\"\">Neste<\/a>\n<\/p>\n<h1>\n<p>Ambassad\u00f8rene er der for deg<\/p>\n<\/h1>\n<p><img decoding=\"async\" src=\"\/wp-content\/uploads\/2023\/06\/ambasadorene.jpg\" alt=\"\"><\/p>\n<div>\n<p><em><strong>Ambassad\u00f8rene:<\/strong> Trondheim Maraton sine ambassad\u00f8rer representerer bredden av deltakermassen. (Foto: Privat)<\/em><\/p>\n<\/div>\n<div>\n<p><em>Av Marianne R\u00f8hme<\/em><\/p>\n<p>\u2013 Vi har faste l\u00f8petreninger hver mandag. De er gratis og \u00e5pne for alle i forkant av arrangementet. P\u00e5 selve l\u00f8psdagen vil vi v\u00e6re til stede litt over alt. Vi har egne jakker som det st\u00e5r at vi er ambassad\u00f8rer p\u00e5. Om noen trenger en venn eller litt hjelp, er det bare \u00e5 ta kontakt, sier Anette Skjelstad H\u00fcttepohl som selv er ambassad\u00f8r for Trondheim Maraton.<\/p>\n<figure id=\"attachment_5871\" aria-describedby=\"caption-attachment-5871\" style=\"width: 500px\" class=\"wp-caption alignright\"><a href=\"https:\/\/tm2023.mittmagasin.online\/wp-content\/uploads\/2023\/06\/anette.jpg\"><img loading=\"lazy\" decoding=\"async\" src=\"https:\/\/tm2023.mittmagasin.online\/wp-content\/uploads\/2023\/06\/anette.jpg\" alt=\"\" width=\"500\" height=\"501\" class=\"size-full wp-image-5871\" srcset=\"https:\/\/tm2023.mittmagasin.online\/wp-content\/uploads\/2023\/06\/anette.jpg 500w, https:\/\/tm2023.mittmagasin.online\/wp-content\/uploads\/2023\/06\/anette-300x300.jpg 300w, https:\/\/tm2023.mittmagasin.online\/wp-content\/uploads\/2023\/06\/anette-150x150.jpg 150w\" sizes=\"auto, (max-width: 500px) 100vw, 500px\" \/><\/a><figcaption id=\"caption-attachment-5871\" class=\"wp-caption-text\"><strong>Godt for mye:<\/strong> \u2013 L\u00f8ping er fint for mye. En blir raskt mer opplagt etter en l\u00f8petur, sier Anette som planlegger \u00e5 stille til start i Trondheim Maraton ogs\u00e5 i \u00e5r. (Foto: Privat)<\/figcaption><\/figure>\n<p>Anette bor i Saltdal i Nordland og f\u00e5r ikke anledning til \u00e5 v\u00e6re med p\u00e5 de faste mandagstreningene, men kommer ned p\u00e5 l\u00f8psdagen for \u00e5 hjelpe til.<\/p>\n<p>Hun forteller at de som er ambassad\u00f8rer for Trondheim Maraton, er bosatt over hele landet og er en lite ensartet gruppe.<\/p>\n<p>\u2013 Det er meningen at vi skal representere hele bredden av deltakermassen. Blant ambassad\u00f8rene har vi b\u00e5de erfarne og ferske l\u00f8pere, menn og kvinner, unge og gamle. Felles for oss alle er at vi gjerne vil hjelpe deltakerne i \u00e5 oppleve mestring med l\u00f8ping, sier hun.<\/p>\n<p>Selv begynte Anette \u00e5 trene l\u00f8ping mer systematisk i 2018. N\u00e5 har det blitt en n\u00f8dvendighet.<\/p>\n<p>\u2013 L\u00f8ping er fint for s\u00e5 mye. F\u00f8ler en seg litt nedkj\u00f8rt og sliten, blir en raskt mer opplagt etter en l\u00f8petur. L\u00f8pingen bygger oss opp b\u00e5de fysisk og psykisk, sier Anette og legger ikke skjul p\u00e5 at hun gleder seg til l\u00f8psdagen den 2. september.<\/p>\n<\/div>\n<p>\n    <a href=\"\">Forrige<\/a>\n<\/p>\n<p>\n    <a href=\"\">Neste<\/a>\n<\/p>\n<p><!--more--><br \/>\n<!-- {\"type\":\"layout\",\"children\":[{\"type\":\"section\",\"props\":{\"style\":\"default\",\"width\":\"default\",\"vertical_align\":\"middle\",\"title_position\":\"top-left\",\"title_rotation\":\"left\",\"title_breakpoint\":\"xl\",\"image_position\":\"center-center\",\"padding\":\"xsmall\",\"padding_remove_top\":false},\"children\":[{\"type\":\"row\",\"props\":{\"layout\":\"1-2,1-2\"},\"children\":[{\"type\":\"column\",\"props\":{\"position_sticky_breakpoint\":\"m\",\"image_position\":\"center-center\",\"media_overlay_gradient\":\"\",\"width_medium\":\"1-2\"},\"children\":[{\"type\":\"button\",\"props\":{\"grid_column_gap\":\"small\",\"grid_row_gap\":\"small\",\"margin\":\"default\",\"position\":\"absolute\"},\"children\":[{\"type\":\"button_item\",\"props\":{\"button_style\":\"danger\",\"icon_align\":\"left\",\"content\":\"Forrige\"},\"source\":{\"query\":{\"name\":\"pages.singleNextPage\"},\"props\":{\"link\":{\"filters\":{\"search\":\"\"},\"name\":\"link\"}}}}]}]},{\"type\":\"column\",\"props\":{\"position_sticky_breakpoint\":\"m\",\"image_position\":\"center-center\",\"media_overlay_gradient\":\"\",\"width_medium\":\"1-2\"},\"children\":[{\"type\":\"button\",\"props\":{\"grid_column_gap\":\"small\",\"grid_row_gap\":\"small\",\"margin\":\"default\",\"text_align\":\"right\",\"position\":\"absolute\"},\"children\":[{\"type\":\"button_item\",\"props\":{\"button_style\":\"danger\",\"icon_align\":\"left\",\"content\":\"Neste\"},\"source\":{\"query\":{\"name\":\"pages.singlePreviousPage\"},\"props\":{\"link\":{\"filters\":{\"search\":\"\"},\"name\":\"link\"}}}}]}]}]}],\"name\":\"Forrige\\\/Neste - TOPP\"},{\"type\":\"section\",\"props\":{\"style\":\"default\",\"width\":\"default\",\"vertical_align\":\"middle\",\"title_position\":\"top-left\",\"title_rotation\":\"left\",\"title_breakpoint\":\"xl\",\"image_position\":\"center-center\"},\"children\":[{\"type\":\"row\",\"children\":[{\"type\":\"column\",\"props\":{\"position_sticky_breakpoint\":\"m\",\"image_position\":\"center-center\",\"media_overlay_gradient\":\"\"},\"children\":[{\"type\":\"headline\",\"props\":{\"title_element\":\"h1\",\"content\":\"\n\n<p>Ambassad\\u00f8rene er der for deg<\\\/p>\",\"text_align\":\"center\"}},{\"type\":\"image\",\"props\":{\"margin\":\"small\",\"image_svg_color\":\"emphasis\",\"image\":\"wp-content\\\/uploads\\\/2023\\\/06\\\/ambasadorene.jpg\"}},{\"type\":\"text\",\"props\":{\"margin\":\"default\",\"column_breakpoint\":\"m\",\"content\":\"\n\n<p><em><strong>Ambassad\\u00f8rene:<\\\/strong> Trondheim Maraton sine ambassad\\u00f8rer representerer bredden av deltakermassen. (Foto: Privat)<\\\/em><\\\/p>\",\"margin_remove_top\":true}},{\"type\":\"text\",\"props\":{\"margin\":\"default\",\"column_breakpoint\":\"m\",\"content\":\"\n\n<p><em>Av Marianne R\\u00f8hme<\\\/em><\\\/p>\\n\n\n<p>\\u2013 Vi har faste l\\u00f8petreninger hver mandag. De er gratis og \\u00e5pne for alle i forkant av arrangementet. P\\u00e5 selve l\\u00f8psdagen vil vi v\\u00e6re til stede litt over alt. Vi har egne jakker som det st\\u00e5r at vi er ambassad\\u00f8rer p\\u00e5. Om noen trenger en venn eller litt hjelp, er det bare \\u00e5 ta kontakt, sier Anette Skjelstad H\\u00fcttepohl som selv er ambassad\\u00f8r for Trondheim Maraton.<\\\/p>\\n[caption id=\\\"attachment_5871\\\" align=\\\"alignright\\\" width=\\\"500\\\"]<a href=\\\"https:\\\/\\\/tm2023.mittmagasin.online\\\/wp-content\\\/uploads\\\/2023\\\/06\\\/anette.jpg\\\"><img src=\\\"https:\\\/\\\/tm2023.mittmagasin.online\\\/wp-content\\\/uploads\\\/2023\\\/06\\\/anette.jpg\\\" alt=\\\"\\\" width=\\\"500\\\" height=\\\"501\\\" class=\\\"size-full wp-image-5871\\\" \\\/><\\\/a> <strong>Godt for mye:<\\\/strong> \\u2013 L\\u00f8ping er fint for mye. En blir raskt mer opplagt etter en l\\u00f8petur, sier Anette som planlegger \\u00e5 stille til start i Trondheim Maraton ogs\\u00e5 i \\u00e5r. (Foto: Privat)[\\\/caption]\\n\n\n<p>Anette bor i Saltdal i Nordland og f\\u00e5r ikke anledning til \\u00e5 v\\u00e6re med p\\u00e5 de faste mandagstreningene, men kommer ned p\\u00e5 l\\u00f8psdagen for \\u00e5 hjelpe til.<\\\/p>\\n\n\n<p>Hun forteller at de som er ambassad\\u00f8rer for Trondheim Maraton, er bosatt over hele landet og er en lite ensartet gruppe.<\\\/p>\\n\n\n<p>\\u2013 Det er meningen at vi skal representere hele bredden av deltakermassen. Blant ambassad\\u00f8rene har vi b\\u00e5de erfarne og ferske l\\u00f8pere, menn og kvinner, unge og gamle. Felles for oss alle er at vi gjerne vil hjelpe deltakerne i \\u00e5 oppleve mestring med l\\u00f8ping, sier hun.<\\\/p>\\n\n\n<p>Selv begynte Anette \\u00e5 trene l\\u00f8ping mer systematisk i 2018. N\\u00e5 har det blitt en n\\u00f8dvendighet.<\\\/p>\\n\n\n<p>\\u2013 L\\u00f8ping er fint for s\\u00e5 mye. F\\u00f8ler en seg litt nedkj\\u00f8rt og sliten, blir en raskt mer opplagt etter en l\\u00f8petur. L\\u00f8pingen bygger oss opp b\\u00e5de fysisk og psykisk, sier Anette og legger ikke skjul p\\u00e5 at hun gleder seg til l\\u00f8psdagen den 2. september.<\\\/p>\"}}]}]}]},{\"type\":\"section\",\"props\":{\"style\":\"default\",\"width\":\"default\",\"vertical_align\":\"middle\",\"title_position\":\"top-left\",\"title_rotation\":\"left\",\"title_breakpoint\":\"xl\",\"image_position\":\"center-center\",\"padding\":\"large\",\"padding_remove_top\":false},\"children\":[{\"type\":\"row\",\"props\":{\"layout\":\"1-2,1-2\"},\"children\":[{\"type\":\"column\",\"props\":{\"position_sticky_breakpoint\":\"m\",\"image_position\":\"center-center\",\"media_overlay_gradient\":\"\",\"width_medium\":\"1-2\"},\"children\":[{\"type\":\"button\",\"props\":{\"grid_column_gap\":\"small\",\"grid_row_gap\":\"small\",\"margin\":\"default\",\"position\":\"absolute\"},\"children\":[{\"type\":\"button_item\",\"props\":{\"button_style\":\"danger\",\"icon_align\":\"left\",\"content\":\"Forrige\"},\"source\":{\"query\":{\"name\":\"pages.singleNextPage\"},\"props\":{\"link\":{\"filters\":{\"search\":\"\"},\"name\":\"link\"}}}}]}]},{\"type\":\"column\",\"props\":{\"position_sticky_breakpoint\":\"m\",\"image_position\":\"center-center\",\"media_overlay_gradient\":\"\",\"width_medium\":\"1-2\"},\"children\":[{\"type\":\"button\",\"props\":{\"grid_column_gap\":\"small\",\"grid_row_gap\":\"small\",\"margin\":\"default\",\"text_align\":\"right\",\"position\":\"absolute\"},\"children\":[{\"type\":\"button_item\",\"props\":{\"button_style\":\"danger\",\"icon_align\":\"left\",\"content\":\"Neste\"},\"source\":{\"query\":{\"name\":\"pages.singlePreviousPage\"},\"props\":{\"link\":{\"filters\":{\"search\":\"\"},\"name\":\"link\"}}}}]}]}]}],\"name\":\"Forrige\\\/Neste - BUNN\"}],\"version\":\"2.7.22\"} --><\/p>\n","protected":false},"excerpt":{"rendered":"<p>Forrige Neste Ambassad\u00f8rene er der for deg Ambassad\u00f8rene: Trondheim Maraton sine ambassad\u00f8rer representerer bredden av deltakermassen. (Foto: Privat) Av Marianne R\u00f8hme \u2013 Vi har faste l\u00f8petreninger hver mandag. De er gratis og \u00e5pne for alle i forkant av arrangementet. P\u00e5 selve l\u00f8psdagen vil vi v\u00e6re til stede litt over alt. Vi har egne jakker som [&hellip;]<\/p>\n","protected":false},"author":1,"featured_media":0,"parent":0,"menu_order":26,"comment_status":"closed","ping_status":"closed","template":"","meta":{"footnotes":""},"class_list":["post-5862","page","type-page","status-publish","hentry"],"acf":[],"_links":{"self":[{"href":"https:\/\/tm2023.mittmagasin.online\/index.php?rest_route=\/wp\/v2\/pages\/5862","targetHints":{"allow":["GET"]}}],"collection":[{"href":"https:\/\/tm2023.mittmagasin.online\/index.php?rest_route=\/wp\/v2\/pages"}],"about":[{"href":"https:\/\/tm2023.mittmagasin.online\/index.php?rest_route=\/wp\/v2\/types\/page"}],"author":[{"embeddable":true,"href":"https:\/\/tm2023.mittmagasin.online\/index.php?rest_route=\/wp\/v2\/users\/1"}],"replies":[{"embeddable":true,"href":"https:\/\/tm2023.mittmagasin.online\/index.php?rest_route=%2Fwp%2Fv2%2Fcomments&post=5862"}],"version-history":[{"count":8,"href":"https:\/\/tm2023.mittmagasin.online\/index.php?rest_route=\/wp\/v2\/pages\/5862\/revisions"}],"predecessor-version":[{"id":6024,"href":"https:\/\/tm2023.mittmagasin.online\/index.php?rest_route=\/wp\/v2\/pages\/5862\/revisions\/6024"}],"wp:attachment":[{"href":"https:\/\/tm2023.mittmagasin.online\/index.php?rest_route=%2Fwp%2Fv2%2Fmedia&parent=5862"}],"curies":[{"name":"wp","href":"https:\/\/api.w.org\/{rel}","templated":true}]}}