{"id":5824,"date":"2023-06-27T20:15:38","date_gmt":"2023-06-27T20:15:38","guid":{"rendered":"https:\/\/tm2023.mittmagasin.online\/?page_id=5824"},"modified":"2023-06-28T13:44:06","modified_gmt":"2023-06-28T13:44:06","slug":"en-kontrollmalt-kvart-og-halvmaraton","status":"publish","type":"page","link":"https:\/\/tm2023.mittmagasin.online\/?page_id=5824","title":{"rendered":"En kontrollm\u00e5lt kvart- og halvmaraton"},"content":{"rendered":"<p>\n    <a href=\"\">Forrige<\/a>\n<\/p>\n<p>\n    <a href=\"\">Neste<\/a>\n<\/p>\n<h1>\n<p>Trondheim Skogsmaraton<\/p>\n<p>\u2013 en kontrollm\u00e5lt kvart- og halvmaraton<\/p>\n<\/h1>\n<p><img decoding=\"async\" src=\"\/wp-content\/uploads\/2023\/06\/Skogsmaraton-021021-308-4f7d70b4.webp\" alt=\"\"><\/p>\n<div>\n<p><em><strong>For alle:<\/strong> Trondheim Skogsmaraton er for alle, b\u00e5de de som l\u00f8per for \u00e5 konkurrere mot seg selv og andre, og de som \u00f8nsker \u00e5 g\u00e5 en tur i marka. (Foto: Kjell Thore Leinhardt)<\/em><\/p>\n<\/div>\n<h2>\n<div class=\"uk-section-default uk-section uk-section-xsmall\">\n<div class=\"uk-container\">\n<div class=\"tm-grid-expand uk-child-width-1-1 uk-grid-margin uk-grid uk-grid-stack\" uk-grid=\"\">\n<div class=\"uk-first-column\">\n<p>Etter at Trondheim Maraton er gjennomf\u00f8rt er Trondheim Skogsmaraton 7. oktober det neste m\u00e5let for mange. Her kan en velge mellom 10,55 kilometer eller halvmaraton i Bymarka med start og m\u00e5l p\u00e5 Nilsbyen skiskytterarena.<\/p>\n<\/div>\n<\/div>\n<\/div>\n<\/div>\n<\/h2>\n<div>\n<p>Trondheim Skogsmaraton ble f\u00f8rste gang arrangert i 2020. Den gangen var det 650 p\u00e5meldte. \u00c5ret etter var antall p\u00e5meldte allerede oppe i 845, og n\u00e5 i \u00e5r h\u00e5per Bedriftsidretten Midt-Norge, som er arrang\u00f8r, at tallet vil \u00f8ke til 1000 p\u00e5meldte. \u00a0<\/p>\n<p>\u2013 N\u00e5r vi 1000 p\u00e5meldte, vil Trondheim Skogsmaraton v\u00e6re det nest st\u00f8rste l\u00f8pet i Trondheimsregionen, forteller Morten Rasch Eliassen som er den \u00f8verste ansvarlige for arrangementet. Han legger til at Trondheim Skogsmaraton er for alle.<\/p>\n<p>\u2013 Dette er et kjempefint l\u00f8p enten en har som m\u00e5l \u00e5 l\u00f8pe s\u00e5 fort en klarer gjennom l\u00f8ypa, eller en kun planlegger \u00e5 gogge. Vi kan by p\u00e5 flott natur og en distanse som er overkommelig for de aller fleste, sier han.<\/p>\n<p>Halvmaratonl\u00f8ypa omkranser sju flott vann i Bymarka<\/p>\n<p>\u2013 Dette blir som \u00e5 l\u00f8pe Bymarka \u00abrundt\u00bb. Begge l\u00f8ypene er harde med mange h\u00f8ydemeter, men det skal det v\u00e6re. Er det litt hardt og vondt underveis, blir mestringsf\u00f8lelsen st\u00f8rre ved m\u00e5lgang, ler Morten.<\/p>\n<p>Om en melder p\u00e5 b\u00e5de Trondheim Maraton og Trondheim Skogsmaraton, f\u00e5r en to fine m\u00e5l \u00e5 trene mot.<\/p>\n<p>\u2013 Det er viktig \u00e5 opprettholde kontinuiteten i treningen. N\u00e5r en har to slike m\u00e5l \u00e5 trene mot, er det lettere \u00e5 komme seg ut p\u00e5 treningsturer over en lengre periode, sier Morten.<\/p>\n<\/div>\n<h2>\n<p>Alt du trenger \u00e5 vite om Trondheim Skogsmaraton<\/p>\n<\/h2>\n<div>\n<p><strong>Nettside:<\/strong> www.trondheimskogsmaraton.no<\/p>\n<p><strong>Arena:<\/strong> Nilsbyen Skiskytterarena<\/p>\n<p><strong>Dato:<\/strong> 7. oktober<\/p>\n<p><strong>Distanser:<\/strong> Kvartmaraton og halvmaraton<\/p>\n<p><strong>Starttid:<\/strong> Fra kl. 10:00<\/p>\n<p><strong>Parkering:<\/strong> Stavset Skole og Gran\u00e5sen<\/p>\n<\/p>\n<p><strong>P\u00e5 arena<\/strong><\/p>\n<ul>\n<li>Toalett og urinal<\/li>\n<li>Veskeoppbevaring<\/li>\n<li>Startnummerutdeling<\/li>\n<li>DJ og god stemning<\/li>\n<\/ul>\n<p><strong>Drikkestasjon<\/strong><\/p>\n<ul>\n<li>Ferista parkering (Fuel of Norway)<\/li>\n<li>Fjellseter parkering (Fuel of Norway)<\/li>\n<li>M\u00e5lgang (Fuel of Norway)<\/li>\n<\/ul>\n<p>Vi anbefaler \u00e5 l\u00f8pe med drikkesekk\/belte med egen ern\u00e6ring og drikke.<\/p>\n<p><strong>Instagram:<\/strong> @trondheimskogsmaraton.no<\/p>\n<\/div>\n<p>\n    <a href=\"\">Forrige<\/a>\n<\/p>\n<p>\n    <a href=\"\">Neste<\/a>\n<\/p>\n<p><!--more--><br \/>\n<!-- {\"type\":\"layout\",\"children\":[{\"type\":\"section\",\"props\":{\"style\":\"default\",\"width\":\"default\",\"vertical_align\":\"middle\",\"title_position\":\"top-left\",\"title_rotation\":\"left\",\"title_breakpoint\":\"xl\",\"image_position\":\"center-center\",\"padding\":\"xsmall\",\"padding_remove_top\":false},\"children\":[{\"type\":\"row\",\"props\":{\"layout\":\"1-2,1-2\"},\"children\":[{\"type\":\"column\",\"props\":{\"position_sticky_breakpoint\":\"m\",\"image_position\":\"center-center\",\"media_overlay_gradient\":\"\",\"width_medium\":\"1-2\"},\"children\":[{\"type\":\"button\",\"props\":{\"grid_column_gap\":\"small\",\"grid_row_gap\":\"small\",\"margin\":\"default\",\"position\":\"absolute\"},\"children\":[{\"type\":\"button_item\",\"props\":{\"button_style\":\"danger\",\"icon_align\":\"left\",\"content\":\"Forrige\"},\"source\":{\"query\":{\"name\":\"pages.singleNextPage\"},\"props\":{\"link\":{\"filters\":{\"search\":\"\"},\"name\":\"link\"}}}}]}]},{\"type\":\"column\",\"props\":{\"position_sticky_breakpoint\":\"m\",\"image_position\":\"center-center\",\"media_overlay_gradient\":\"\",\"width_medium\":\"1-2\"},\"children\":[{\"type\":\"button\",\"props\":{\"grid_column_gap\":\"small\",\"grid_row_gap\":\"small\",\"margin\":\"default\",\"text_align\":\"right\",\"position\":\"absolute\"},\"children\":[{\"type\":\"button_item\",\"props\":{\"button_style\":\"danger\",\"icon_align\":\"left\",\"content\":\"Neste\"},\"source\":{\"query\":{\"name\":\"pages.singlePreviousPage\"},\"props\":{\"link\":{\"filters\":{\"search\":\"\"},\"name\":\"link\"}}}}]}]}]}],\"name\":\"Forrige\\\/Neste - TOPP\"},{\"type\":\"section\",\"props\":{\"style\":\"default\",\"width\":\"default\",\"vertical_align\":\"middle\",\"title_position\":\"top-left\",\"title_rotation\":\"left\",\"title_breakpoint\":\"xl\",\"image_position\":\"center-center\",\"padding\":\"small\",\"padding_remove_top\":false},\"children\":[{\"type\":\"row\",\"children\":[{\"type\":\"column\",\"props\":{\"position_sticky_breakpoint\":\"m\",\"image_position\":\"center-center\",\"media_overlay_gradient\":\"\"},\"children\":[{\"type\":\"headline\",\"props\":{\"title_element\":\"h1\",\"content\":\"\n\n<p>Trondheim Skogsmaraton<\\\/p>\\n\n\n<p>\\u2013 en kontrollm\\u00e5lt kvart- og halvmaraton<\\\/p>\",\"text_align\":\"center\"}},{\"type\":\"image\",\"props\":{\"margin\":\"small\",\"image_svg_color\":\"emphasis\",\"image\":\"wp-content\\\/uploads\\\/2023\\\/06\\\/Skogsmaraton-021021-308-4f7d70b4.webp\"}},{\"type\":\"text\",\"props\":{\"margin\":\"default\",\"column_breakpoint\":\"m\",\"content\":\"\n\n<p><em><strong>For alle:<\\\/strong> Trondheim Skogsmaraton er for alle, b\\u00e5de de som l\\u00f8per for \\u00e5 konkurrere mot seg selv og andre, og de som \\u00f8nsker \\u00e5 g\\u00e5 en tur i marka. (Foto: Kjell Thore Leinhardt)<\\\/em><\\\/p>\",\"margin_remove_top\":true}},{\"type\":\"headline\",\"props\":{\"title_element\":\"h2\",\"content\":\"\n\n<div class=\\\"uk-section-default uk-section uk-section-xsmall\\\">\\n\n\n<div class=\\\"uk-container\\\">\\n\n\n<div class=\\\"tm-grid-expand uk-child-width-1-1 uk-grid-margin uk-grid uk-grid-stack\\\" uk-grid=\\\"\\\">\\n\n\n<div class=\\\"uk-first-column\\\">\\n\n\n<p>Etter at Trondheim Maraton er gjennomf\\u00f8rt er Trondheim Skogsmaraton 7. oktober det neste m\\u00e5let for mange. Her kan en velge mellom 10,55 kilometer eller halvmaraton i Bymarka med start og m\\u00e5l p\\u00e5 Nilsbyen skiskytterarena.<\\\/p>\\n<\\\/div>\\n<\\\/div>\\n<\\\/div>\\n<\\\/div>\"}}]}]}]},{\"type\":\"section\",\"props\":{\"style\":\"default\",\"width\":\"default\",\"vertical_align\":\"middle\",\"title_position\":\"top-left\",\"title_rotation\":\"left\",\"title_breakpoint\":\"xl\",\"image_position\":\"center-center\",\"padding_remove_top\":true},\"children\":[{\"type\":\"row\",\"props\":{\"layout\":\"2-3,1-3\"},\"children\":[{\"type\":\"column\",\"props\":{\"position_sticky_breakpoint\":\"m\",\"image_position\":\"center-center\",\"media_overlay_gradient\":\"\",\"width_medium\":\"2-3\"},\"children\":[{\"type\":\"text\",\"props\":{\"margin\":\"default\",\"column_breakpoint\":\"m\",\"content\":\"\n\n<p>Trondheim Skogsmaraton ble f\\u00f8rste gang arrangert i 2020. Den gangen var det 650 p\\u00e5meldte. \\u00c5ret etter var antall p\\u00e5meldte allerede oppe i 845, og n\\u00e5 i \\u00e5r h\\u00e5per Bedriftsidretten Midt-Norge, som er arrang\\u00f8r, at tallet vil \\u00f8ke til 1000 p\\u00e5meldte. \\u00a0<\\\/p>\\n\n\n<p>\\u2013 N\\u00e5r vi 1000 p\\u00e5meldte, vil Trondheim Skogsmaraton v\\u00e6re det nest st\\u00f8rste l\\u00f8pet i Trondheimsregionen, forteller Morten Rasch Eliassen som er den \\u00f8verste ansvarlige for arrangementet. Han legger til at Trondheim Skogsmaraton er for alle.<\\\/p>\\n\n\n<p>\\u2013 Dette er et kjempefint l\\u00f8p enten en har som m\\u00e5l \\u00e5 l\\u00f8pe s\\u00e5 fort en klarer gjennom l\\u00f8ypa, eller en kun planlegger \\u00e5 gogge. Vi kan by p\\u00e5 flott natur og en distanse som er overkommelig for de aller fleste, sier han.<\\\/p>\\n\n\n<p>Halvmaratonl\\u00f8ypa omkranser sju flott vann i Bymarka<\\\/p>\\n\n\n<p>\\u2013 Dette blir som \\u00e5 l\\u00f8pe Bymarka \\u00abrundt\\u00bb. Begge l\\u00f8ypene er harde med mange h\\u00f8ydemeter, men det skal det v\\u00e6re. Er det litt hardt og vondt underveis, blir mestringsf\\u00f8lelsen st\\u00f8rre ved m\\u00e5lgang, ler Morten.<\\\/p>\\n\n\n<p>Om en melder p\\u00e5 b\\u00e5de Trondheim Maraton og Trondheim Skogsmaraton, f\\u00e5r en to fine m\\u00e5l \\u00e5 trene mot.<\\\/p>\\n\n\n<p>\\u2013 Det er viktig \\u00e5 opprettholde kontinuiteten i treningen. N\\u00e5r en har to slike m\\u00e5l \\u00e5 trene mot, er det lettere \\u00e5 komme seg ut p\\u00e5 treningsturer over en lengre periode, sier Morten.<\\\/p>\",\"margin_remove_top\":false}}]},{\"type\":\"column\",\"props\":{\"position_sticky_breakpoint\":\"m\",\"image_position\":\"center-center\",\"media_overlay_gradient\":\"\",\"width_medium\":\"1-3\",\"style\":\"muted\",\"padding\":\"small\"},\"children\":[{\"type\":\"headline\",\"props\":{\"title_element\":\"h2\",\"content\":\"\n\n<p>Alt du trenger \\u00e5 vite om Trondheim Skogsmaraton<\\\/p>\"}},{\"type\":\"text\",\"props\":{\"margin\":\"default\",\"column_breakpoint\":\"m\",\"content\":\"\n\n<p><strong>Nettside:<\\\/strong> www.trondheimskogsmaraton.no<\\\/p>\\n\n\n<p><strong>Arena:<\\\/strong> Nilsbyen Skiskytterarena<\\\/p>\\n\n\n<p><strong>Dato:<\\\/strong> 7. oktober<\\\/p>\\n\n\n<p><strong>Distanser:<\\\/strong> Kvartmaraton og halvmaraton<\\\/p>\\n\n\n<p><strong>Starttid:<\\\/strong> Fra kl. 10:00<\\\/p>\\n\n\n<p><strong>Parkering:<\\\/strong> Stavset Skole og Gran\\u00e5sen<\\\/p>\\n\n\n<p><\\\/p>\\n\n\n<p><strong>P\\u00e5 arena<\\\/strong><\\\/p>\\n\n\n<ul>\\n\n\n<li>Toalett og urinal<\\\/li>\\n\n\n<li>Veskeoppbevaring<\\\/li>\\n\n\n<li>Startnummerutdeling<\\\/li>\\n\n\n<li>DJ og god stemning<\\\/li>\\n<\\\/ul>\\n\n\n<p><strong>Drikkestasjon<\\\/strong><\\\/p>\\n\n\n<ul>\\n\n\n<li>Ferista parkering (Fuel of Norway)<\\\/li>\\n\n\n<li>Fjellseter parkering (Fuel of Norway)<\\\/li>\\n\n\n<li>M\\u00e5lgang (Fuel of Norway)<\\\/li>\\n<\\\/ul>\\n\n\n<p>Vi anbefaler \\u00e5 l\\u00f8pe med drikkesekk\\\/belte med egen ern\\u00e6ring og drikke.<\\\/p>\\n\n\n<p><strong>Instagram:<\\\/strong> @trondheimskogsmaraton.no<\\\/p>\"}}]}]}]},{\"type\":\"section\",\"props\":{\"style\":\"default\",\"width\":\"default\",\"vertical_align\":\"middle\",\"title_position\":\"top-left\",\"title_rotation\":\"left\",\"title_breakpoint\":\"xl\",\"image_position\":\"center-center\",\"padding\":\"large\",\"padding_remove_top\":false},\"children\":[{\"type\":\"row\",\"props\":{\"layout\":\"1-2,1-2\"},\"children\":[{\"type\":\"column\",\"props\":{\"position_sticky_breakpoint\":\"m\",\"image_position\":\"center-center\",\"media_overlay_gradient\":\"\",\"width_medium\":\"1-2\"},\"children\":[{\"type\":\"button\",\"props\":{\"grid_column_gap\":\"small\",\"grid_row_gap\":\"small\",\"margin\":\"default\",\"position\":\"absolute\"},\"children\":[{\"type\":\"button_item\",\"props\":{\"button_style\":\"danger\",\"icon_align\":\"left\",\"content\":\"Forrige\"},\"source\":{\"query\":{\"name\":\"pages.singleNextPage\"},\"props\":{\"link\":{\"filters\":{\"search\":\"\"},\"name\":\"link\"}}}}]}]},{\"type\":\"column\",\"props\":{\"position_sticky_breakpoint\":\"m\",\"image_position\":\"center-center\",\"media_overlay_gradient\":\"\",\"width_medium\":\"1-2\"},\"children\":[{\"type\":\"button\",\"props\":{\"grid_column_gap\":\"small\",\"grid_row_gap\":\"small\",\"margin\":\"default\",\"text_align\":\"right\",\"position\":\"absolute\"},\"children\":[{\"type\":\"button_item\",\"props\":{\"button_style\":\"danger\",\"icon_align\":\"left\",\"content\":\"Neste\"},\"source\":{\"query\":{\"name\":\"pages.singlePreviousPage\"},\"props\":{\"link\":{\"filters\":{\"search\":\"\"},\"name\":\"link\"}}}}]}]}]}],\"name\":\"Forrige\\\/Neste - BUNN\"}],\"version\":\"2.7.22\"} --><\/p>\n","protected":false},"excerpt":{"rendered":"<p>Forrige Neste Trondheim Skogsmaraton \u2013 en kontrollm\u00e5lt kvart- og halvmaraton For alle: Trondheim Skogsmaraton er for alle, b\u00e5de de som l\u00f8per for \u00e5 konkurrere mot seg selv og andre, og de som \u00f8nsker \u00e5 g\u00e5 en tur i marka. (Foto: Kjell Thore Leinhardt) Etter at Trondheim Maraton er gjennomf\u00f8rt er Trondheim Skogsmaraton 7. oktober det [&hellip;]<\/p>\n","protected":false},"author":1,"featured_media":0,"parent":0,"menu_order":24,"comment_status":"closed","ping_status":"closed","template":"","meta":{"footnotes":""},"class_list":["post-5824","page","type-page","status-publish","hentry"],"acf":[],"_links":{"self":[{"href":"https:\/\/tm2023.mittmagasin.online\/index.php?rest_route=\/wp\/v2\/pages\/5824","targetHints":{"allow":["GET"]}}],"collection":[{"href":"https:\/\/tm2023.mittmagasin.online\/index.php?rest_route=\/wp\/v2\/pages"}],"about":[{"href":"https:\/\/tm2023.mittmagasin.online\/index.php?rest_route=\/wp\/v2\/types\/page"}],"author":[{"embeddable":true,"href":"https:\/\/tm2023.mittmagasin.online\/index.php?rest_route=\/wp\/v2\/users\/1"}],"replies":[{"embeddable":true,"href":"https:\/\/tm2023.mittmagasin.online\/index.php?rest_route=%2Fwp%2Fv2%2Fcomments&post=5824"}],"version-history":[{"count":25,"href":"https:\/\/tm2023.mittmagasin.online\/index.php?rest_route=\/wp\/v2\/pages\/5824\/revisions"}],"predecessor-version":[{"id":6022,"href":"https:\/\/tm2023.mittmagasin.online\/index.php?rest_route=\/wp\/v2\/pages\/5824\/revisions\/6022"}],"wp:attachment":[{"href":"https:\/\/tm2023.mittmagasin.online\/index.php?rest_route=%2Fwp%2Fv2%2Fmedia&parent=5824"}],"curies":[{"name":"wp","href":"https:\/\/api.w.org\/{rel}","templated":true}]}}