{"id":5801,"date":"2023-06-27T19:44:27","date_gmt":"2023-06-27T19:44:27","guid":{"rendered":"https:\/\/tm2023.mittmagasin.online\/?page_id=5801"},"modified":"2023-06-28T13:57:22","modified_gmt":"2023-06-28T13:57:22","slug":"drikke-og-ernaering-i-lange-lop","status":"publish","type":"page","link":"https:\/\/tm2023.mittmagasin.online\/?page_id=5801","title":{"rendered":"Drikke og ern\u00e6ring i lange l\u00f8p"},"content":{"rendered":"<p>\n    <a href=\"\">Forrige<\/a>\n<\/p>\n<p>\n    <a href=\"\">Neste<\/a>\n<\/p>\n<h1>\n<p>Drikke og ern\u00e6ring i lange l\u00f8p<\/p>\n<\/h1>\n<p><img decoding=\"async\" src=\"\/wp-content\/uploads\/2023\/06\/Matstasjon_inne_i_Longyearbyen_under_Spitsbergen_Marathon_2023_KD_99858_Foto_Marianne_Rohme.jpg\" alt=\"\"><\/p>\n<div>\n<p><em><strong>Drikkestasjon:<\/strong> Mat- og drikkestasjoner i l\u00f8p er gjerne godt merket et par hundre meter f\u00f8r du kommer fram. V\u00e6r bevisst p\u00e5 \u00e5 innta b\u00e5de v\u00e6ske og n\u00e6ring regelmessig. Her fra Spitsbergen Marathon sin drikkestasjon inne i Longyearbyen. (Foto: Marianne R\u00f8hme)<\/em><\/p>\n<\/div>\n<div><figure id=\"attachment_5810\" aria-describedby=\"caption-attachment-5810\" style=\"width: 500px\" class=\"wp-caption alignright\"><a href=\"https:\/\/tm2023.mittmagasin.online\/wp-content\/uploads\/2023\/06\/Ernaering_maraton_halvmaraton_V23.jpg\" target=\"_blank\" rel=\"noopener\"><img loading=\"lazy\" decoding=\"async\" src=\"https:\/\/tm2023.mittmagasin.online\/wp-content\/uploads\/2023\/06\/Ernaering_maraton_halvmaraton_V23-739x1024.jpg\" alt=\"\" width=\"500\" height=\"693\" class=\"wp-image-5810\" srcset=\"https:\/\/tm2023.mittmagasin.online\/wp-content\/uploads\/2023\/06\/Ernaering_maraton_halvmaraton_V23-739x1024.jpg 739w, https:\/\/tm2023.mittmagasin.online\/wp-content\/uploads\/2023\/06\/Ernaering_maraton_halvmaraton_V23-217x300.jpg 217w, https:\/\/tm2023.mittmagasin.online\/wp-content\/uploads\/2023\/06\/Ernaering_maraton_halvmaraton_V23-768x1064.jpg 768w, https:\/\/tm2023.mittmagasin.online\/wp-content\/uploads\/2023\/06\/Ernaering_maraton_halvmaraton_V23.jpg 1000w\" sizes=\"auto, (max-width: 500px) 100vw, 500px\" \/><\/a><figcaption id=\"caption-attachment-5810\" class=\"wp-caption-text\">Figuren viser L\u00f6plabbets anbefalinger n\u00e5r det gjelder v\u00e6ske og n\u00e6ring i lange l\u00f8p. (Klikk for \u00e5 \u00e5pne illustrasjonen i en ny fane)<\/figcaption><\/figure><\/p>\n<p><em>Tekst: Henrik Nordtug, L\u00f6plabbet<\/em><\/p>\n<p>N\u00e5r varigheten p\u00e5 konkurransen er lengre enn en time, b\u00f8r du fylle p\u00e5 med energi og v\u00e6ske underveis. Behovet for p\u00e5fyll avhenger av flere ting: varighet, intensitet, karbohydratlager og temperatur.<\/p>\n<p><strong>God v\u00e6skebalanse viktig<\/strong><\/p>\n<p>Prestasjon er n\u00e6rt knyttet til kroppens v\u00e6skebalanse og tilgang til rask energi. For at kroppen skal fungere optimalt under lange l\u00f8p trenger den tilstrekkelig med energi, og den m\u00e5 ha en god v\u00e6skebalanse.<\/p>\n<p>Et godt utgangspunkt for inntak av energi er 60-80 gram karbohydrater i timen og 3-6 desiliter vann i timen. I tillegg trenger kroppen p\u00e5fyll av salt og andre mineraler. Hensikten med \u00e5 drikke under konkurranser er ikke n\u00f8dvendigvis \u00e5 erstatte all v\u00e6ske du forbruker underveis, men \u00e5 unng\u00e5 at v\u00e6sketapet blir st\u00f8rre enn 2-3 % av kroppsvekten. Svetter du mye, m\u00e5 du drikke mer enn en som svetter lite. V\u00e6sketapet fra kroppen under fysiske anstrengelser kommer mest fra svette fordi kroppen har behov for \u00e5 kvitte seg med overskuddsvarme.<\/p>\n<p>Saltkonsentrasjonen i svette er normalt 0,2\u20130,3 %, mens saltkonsentrasjonen i blodet og store deler av kroppen er p\u00e5 0,9 %. Derfor taper man mer vann enn salt n\u00e5r man svetter mye. Det betyr at du kan erstatte det meste av v\u00e6sketapet med vann, men du b\u00f8r ogs\u00e5 f\u00e5 i deg salt i form av sportsdrikke eller energigeler med jevne mellomrom.<\/p>\n<p><strong>Store individuelle forskjeller<\/strong><\/p>\n<p>Det er store individuelle forskjeller man m\u00e5 ta hensyn til n\u00e5r man planlegger inntak under l\u00f8p. Gjennomf\u00f8rer du l\u00f8pet p\u00e5 smilepuls og er i komfortsonen hele l\u00f8pet, eller tar du p\u00e5 krigsmaling og banker p\u00e5 kjellerd\u00f8ra hele l\u00f8pet gjennom? Alle har nok energi tilgjengelig til \u00e5 l\u00f8pe en maraton, s\u00e5 lenge intensiteten er lav. Men med startnummer p\u00e5 brystet og et \u00f8nske om \u00e5 presse tiden ned, trenger kroppen tilgang til raske karbohydrater. Det er disse energilagrene som m\u00e5 fylles p\u00e5 underveis.<\/p>\n<p><strong>\u00d8v p\u00e5 forh\u00e5nd<\/strong><\/p>\n<p>Det \u00e5 f\u00e5 i seg b\u00e5de v\u00e6ske, geler og energibarer er noe du b\u00f8r trene p\u00e5 i forkant av l\u00f8pet. Det \u00e5 ha \u00f8vd p\u00e5 \u00e5 \u00e5pne flasker og pakker i fart sparer deg for mye knot og stress p\u00e5 l\u00f8psdagen. Og det \u00e5 finne de smakene du liker og de produktene magen t\u00e5ler best, er en stor fordel slik at du unng\u00e5r magetr\u00f8bbel og kjedelige stopp underveis i l\u00f8pet.<\/p>\n<p>Kjenn deg selv og planlegg n\u00e6ringsinntaket p\u00e5 forh\u00e5nd. Du b\u00f8r alltid v\u00e6re i forkant av behovet, s\u00e5 du unng\u00e5r store svingninger i energitilgangen underveis. P\u00e5 de aller fleste lange l\u00f8p stiller arrang\u00f8r med drikkestasjoner med jevne mellomrom. Sett deg inn i hvor ofte de kommer, og hva som serveres. Du b\u00f8r bruke drikkestasjonene for det de er verdt. L\u00f8per du p\u00e5 ca. 85 % av makspuls i to timer, er det mer enn energilagrene dine klarer \u00e5 dekke. Fyller du ikke p\u00e5 underveis, g\u00e5r du tom.<\/p>\n<p>Start tidlig med \u00e5 ta til deg drikke og n\u00e6ring. Da er du i forkant og unng\u00e5r store svingninger i energitilgang. N\u00e5r du er sliten, er det ikke alltid smaken av gel eller sportsdrikk er den beste, s\u00e5 start inntaket mens du har overskudd til \u00e5 ta det til deg.<\/p>\n<p><strong>Siste tips<\/strong><\/p>\n<p>Tre vanlige ting \u00e5 finne p\u00e5 drikkestasjoner p\u00e5 l\u00f8p i Norge er vann, sportsdrikk av en eller annen form og bananer delt i biter. En kopp med sportsdrikk (ca. 2 dl) og en kvart banan gir omtrent 12 g karbohydrater.<\/p>\n<p>P\u00e5 slutten av et l\u00f8p er man sliten b\u00e5de i hode og kropp. Da kan en dose med koffein v\u00e6re lurt. Det kan b\u00e5de redusere tretthetsf\u00f8lelse og \u00f8ke konsentrasjonen. F\u00f8r i tiden var det vanlig \u00e5 blande kaffe og cola for \u00e5 f\u00e5 en oppkvikker n\u00e5r de siste kreftene skal hentes frem. Heldigvis finnes det l\u00f8sninger n\u00e5 som er snillere b\u00e5de for smaksl\u00f8ker og mage. En energigel med konsentrert koffein gir en oppkvikkende effekt uten \u00e5 fylle opp magen med mye v\u00e6ske.<\/p>\n<p>Energi\u00adinntaket underveis b\u00f8r komme fra raske karbohydrater som er lettford\u00f8yelige. P\u00e5 L\u00f6plabbet har vi valgt Maurten, Squeezy og Fuel of Norway som leverand\u00f8rer av sportsern\u00e6ring. Felles for alle produktene er at de har naturlige ingredienser, er snille mot magen, og at n\u00e6ringen tas raskt opp i kroppen.<\/p>\n<\/div>\n<p>\n    <a href=\"\">Forrige<\/a>\n<\/p>\n<p>\n    <a href=\"\">Neste<\/a>\n<\/p>\n<p><!--more--><br \/>\n<!-- {\"type\":\"layout\",\"children\":[{\"type\":\"section\",\"props\":{\"style\":\"default\",\"width\":\"default\",\"vertical_align\":\"middle\",\"title_position\":\"top-left\",\"title_rotation\":\"left\",\"title_breakpoint\":\"xl\",\"image_position\":\"center-center\",\"padding\":\"xsmall\",\"padding_remove_top\":false},\"children\":[{\"type\":\"row\",\"props\":{\"layout\":\"1-2,1-2\"},\"children\":[{\"type\":\"column\",\"props\":{\"position_sticky_breakpoint\":\"m\",\"image_position\":\"center-center\",\"media_overlay_gradient\":\"\",\"width_medium\":\"1-2\"},\"children\":[{\"type\":\"button\",\"props\":{\"grid_column_gap\":\"small\",\"grid_row_gap\":\"small\",\"margin\":\"default\",\"position\":\"absolute\"},\"children\":[{\"type\":\"button_item\",\"props\":{\"button_style\":\"danger\",\"icon_align\":\"left\",\"content\":\"Forrige\"},\"source\":{\"query\":{\"name\":\"pages.singleNextPage\"},\"props\":{\"link\":{\"filters\":{\"search\":\"\"},\"name\":\"link\"}}}}]}]},{\"type\":\"column\",\"props\":{\"position_sticky_breakpoint\":\"m\",\"image_position\":\"center-center\",\"media_overlay_gradient\":\"\",\"width_medium\":\"1-2\"},\"children\":[{\"type\":\"button\",\"props\":{\"grid_column_gap\":\"small\",\"grid_row_gap\":\"small\",\"margin\":\"default\",\"text_align\":\"right\",\"position\":\"absolute\"},\"children\":[{\"type\":\"button_item\",\"props\":{\"button_style\":\"danger\",\"icon_align\":\"left\",\"content\":\"Neste\"},\"source\":{\"query\":{\"name\":\"pages.singlePreviousPage\"},\"props\":{\"link\":{\"filters\":{\"search\":\"\"},\"name\":\"link\"}}}}]}]}]}],\"name\":\"Forrige\\\/Neste - TOPP\"},{\"type\":\"section\",\"props\":{\"style\":\"default\",\"width\":\"default\",\"vertical_align\":\"middle\",\"title_position\":\"top-left\",\"title_rotation\":\"left\",\"title_breakpoint\":\"xl\",\"image_position\":\"center-center\"},\"children\":[{\"type\":\"row\",\"children\":[{\"type\":\"column\",\"props\":{\"position_sticky_breakpoint\":\"m\",\"image_position\":\"center-center\",\"media_overlay_gradient\":\"\"},\"children\":[{\"type\":\"headline\",\"props\":{\"title_element\":\"h1\",\"content\":\"\n\n<p>Drikke og ern\\u00e6ring i lange l\\u00f8p<\\\/p>\",\"text_align\":\"center\"}},{\"type\":\"image\",\"props\":{\"margin\":\"small\",\"image_svg_color\":\"emphasis\",\"image\":\"wp-content\\\/uploads\\\/2023\\\/06\\\/Matstasjon_inne_i_Longyearbyen_under_Spitsbergen_Marathon_2023_KD_99858_Foto_Marianne_Rohme.jpg\",\"margin_remove_bottom\":false}},{\"type\":\"text\",\"props\":{\"margin\":\"default\",\"column_breakpoint\":\"m\",\"content\":\"\n\n<p><em><strong>Drikkestasjon:<\\\/strong> Mat- og drikkestasjoner i l\\u00f8p er gjerne godt merket et par hundre meter f\\u00f8r du kommer fram. V\\u00e6r bevisst p\\u00e5 \\u00e5 innta b\\u00e5de v\\u00e6ske og n\\u00e6ring regelmessig. Her fra Spitsbergen Marathon sin drikkestasjon inne i Longyearbyen. (Foto: Marianne R\\u00f8hme)<\\\/em><\\\/p>\",\"margin_remove_top\":true}},{\"type\":\"text\",\"props\":{\"margin\":\"default\",\"column_breakpoint\":\"m\",\"content\":\"[caption id=\\\"attachment_5810\\\" align=\\\"alignright\\\" width=\\\"500\\\"]<a href=\\\"https:\\\/\\\/tm2023.mittmagasin.online\\\/wp-content\\\/uploads\\\/2023\\\/06\\\/Ernaering_maraton_halvmaraton_V23.jpg\\\" target=\\\"_blank\\\" rel=\\\"noopener\\\"><img src=\\\"https:\\\/\\\/tm2023.mittmagasin.online\\\/wp-content\\\/uploads\\\/2023\\\/06\\\/Ernaering_maraton_halvmaraton_V23-739x1024.jpg\\\" alt=\\\"\\\" width=\\\"500\\\" height=\\\"693\\\" class=\\\"wp-image-5810\\\" \\\/><\\\/a> Figuren viser L\\u00f6plabbets anbefalinger n\\u00e5r det gjelder v\\u00e6ske og n\\u00e6ring i lange l\\u00f8p. (Klikk for \\u00e5 \\u00e5pne illustrasjonen i en ny fane)[\\\/caption]\\n\n\n<p><\\\/p>\\n\n\n<p><em>Tekst: Henrik Nordtug, L\\u00f6plabbet<\\\/em><\\\/p>\\n\n\n<p>N\\u00e5r varigheten p\\u00e5 konkurransen er lengre enn en time, b\\u00f8r du fylle p\\u00e5 med energi og v\\u00e6ske underveis. Behovet for p\\u00e5fyll avhenger av flere ting: varighet, intensitet, karbohydratlager og temperatur.<\\\/p>\\n\n\n<p><strong>God v\\u00e6skebalanse viktig<\\\/strong><\\\/p>\\n\n\n<p>Prestasjon er n\\u00e6rt knyttet til kroppens v\\u00e6skebalanse og tilgang til rask energi. For at kroppen skal fungere optimalt under lange l\\u00f8p trenger den tilstrekkelig med energi, og den m\\u00e5 ha en god v\\u00e6skebalanse.<\\\/p>\\n\n\n<p>Et godt utgangspunkt for inntak av energi er 60-80 gram karbohydrater i timen og 3-6 desiliter vann i timen. I tillegg trenger kroppen p\\u00e5fyll av salt og andre mineraler. Hensikten med \\u00e5 drikke under konkurranser er ikke n\\u00f8dvendigvis \\u00e5 erstatte all v\\u00e6ske du forbruker underveis, men \\u00e5 unng\\u00e5 at v\\u00e6sketapet blir st\\u00f8rre enn 2-3 % av kroppsvekten. Svetter du mye, m\\u00e5 du drikke mer enn en som svetter lite. V\\u00e6sketapet fra kroppen under fysiske anstrengelser kommer mest fra svette fordi kroppen har behov for \\u00e5 kvitte seg med overskuddsvarme.<\\\/p>\\n\n\n<p>Saltkonsentrasjonen i svette er normalt 0,2\\u20130,3 %, mens saltkonsentrasjonen i blodet og store deler av kroppen er p\\u00e5 0,9 %. Derfor taper man mer vann enn salt n\\u00e5r man svetter mye. Det betyr at du kan erstatte det meste av v\\u00e6sketapet med vann, men du b\\u00f8r ogs\\u00e5 f\\u00e5 i deg salt i form av sportsdrikke eller energigeler med jevne mellomrom.<\\\/p>\\n\n\n<p><strong>Store individuelle forskjeller<\\\/strong><\\\/p>\\n\n\n<p>Det er store individuelle forskjeller man m\\u00e5 ta hensyn til n\\u00e5r man planlegger inntak under l\\u00f8p. Gjennomf\\u00f8rer du l\\u00f8pet p\\u00e5 smilepuls og er i komfortsonen hele l\\u00f8pet, eller tar du p\\u00e5 krigsmaling og banker p\\u00e5 kjellerd\\u00f8ra hele l\\u00f8pet gjennom? Alle har nok energi tilgjengelig til \\u00e5 l\\u00f8pe en maraton, s\\u00e5 lenge intensiteten er lav. Men med startnummer p\\u00e5 brystet og et \\u00f8nske om \\u00e5 presse tiden ned, trenger kroppen tilgang til raske karbohydrater. Det er disse energilagrene som m\\u00e5 fylles p\\u00e5 underveis.<\\\/p>\\n\n\n<p><strong>\\u00d8v p\\u00e5 forh\\u00e5nd<\\\/strong><\\\/p>\\n\n\n<p>Det \\u00e5 f\\u00e5 i seg b\\u00e5de v\\u00e6ske, geler og energibarer er noe du b\\u00f8r trene p\\u00e5 i forkant av l\\u00f8pet. Det \\u00e5 ha \\u00f8vd p\\u00e5 \\u00e5 \\u00e5pne flasker og pakker i fart sparer deg for mye knot og stress p\\u00e5 l\\u00f8psdagen. Og det \\u00e5 finne de smakene du liker og de produktene magen t\\u00e5ler best, er en stor fordel slik at du unng\\u00e5r magetr\\u00f8bbel og kjedelige stopp underveis i l\\u00f8pet.<\\\/p>\\n\n\n<p>Kjenn deg selv og planlegg n\\u00e6ringsinntaket p\\u00e5 forh\\u00e5nd. Du b\\u00f8r alltid v\\u00e6re i forkant av behovet, s\\u00e5 du unng\\u00e5r store svingninger i energitilgangen underveis. P\\u00e5 de aller fleste lange l\\u00f8p stiller arrang\\u00f8r med drikkestasjoner med jevne mellomrom. Sett deg inn i hvor ofte de kommer, og hva som serveres. Du b\\u00f8r bruke drikkestasjonene for det de er verdt. L\\u00f8per du p\\u00e5 ca. 85 % av makspuls i to timer, er det mer enn energilagrene dine klarer \\u00e5 dekke. Fyller du ikke p\\u00e5 underveis, g\\u00e5r du tom.<\\\/p>\\n\n\n<p>Start tidlig med \\u00e5 ta til deg drikke og n\\u00e6ring. Da er du i forkant og unng\\u00e5r store svingninger i energitilgang. N\\u00e5r du er sliten, er det ikke alltid smaken av gel eller sportsdrikk er den beste, s\\u00e5 start inntaket mens du har overskudd til \\u00e5 ta det til deg.<\\\/p>\\n\n\n<p><strong>Siste tips<\\\/strong><\\\/p>\\n\n\n<p>Tre vanlige ting \\u00e5 finne p\\u00e5 drikkestasjoner p\\u00e5 l\\u00f8p i Norge er vann, sportsdrikk av en eller annen form og bananer delt i biter. En kopp med sportsdrikk (ca. 2 dl) og en kvart banan gir omtrent 12 g karbohydrater.<\\\/p>\\n\n\n<p>P\\u00e5 slutten av et l\\u00f8p er man sliten b\\u00e5de i hode og kropp. Da kan en dose med koffein v\\u00e6re lurt. Det kan b\\u00e5de redusere tretthetsf\\u00f8lelse og \\u00f8ke konsentrasjonen. F\\u00f8r i tiden var det vanlig \\u00e5 blande kaffe og cola for \\u00e5 f\\u00e5 en oppkvikker n\\u00e5r de siste kreftene skal hentes frem. Heldigvis finnes det l\\u00f8sninger n\\u00e5 som er snillere b\\u00e5de for smaksl\\u00f8ker og mage. En energigel med konsentrert koffein gir en oppkvikkende effekt uten \\u00e5 fylle opp magen med mye v\\u00e6ske.<\\\/p>\\n\n\n<p>Energi\\u00adinntaket underveis b\\u00f8r komme fra raske karbohydrater som er lettford\\u00f8yelige. P\\u00e5 L\\u00f6plabbet har vi valgt Maurten, Squeezy og Fuel of Norway som leverand\\u00f8rer av sportsern\\u00e6ring. Felles for alle produktene er at de har naturlige ingredienser, er snille mot magen, og at n\\u00e6ringen tas raskt opp i kroppen.<\\\/p>\"}}]}]}]},{\"type\":\"section\",\"props\":{\"style\":\"default\",\"width\":\"default\",\"vertical_align\":\"middle\",\"title_position\":\"top-left\",\"title_rotation\":\"left\",\"title_breakpoint\":\"xl\",\"image_position\":\"center-center\",\"padding\":\"large\",\"padding_remove_top\":false},\"children\":[{\"type\":\"row\",\"props\":{\"layout\":\"1-2,1-2\"},\"children\":[{\"type\":\"column\",\"props\":{\"position_sticky_breakpoint\":\"m\",\"image_position\":\"center-center\",\"media_overlay_gradient\":\"\",\"width_medium\":\"1-2\"},\"children\":[{\"type\":\"button\",\"props\":{\"grid_column_gap\":\"small\",\"grid_row_gap\":\"small\",\"margin\":\"default\",\"position\":\"absolute\"},\"children\":[{\"type\":\"button_item\",\"props\":{\"button_style\":\"danger\",\"icon_align\":\"left\",\"content\":\"Forrige\"},\"source\":{\"query\":{\"name\":\"pages.singleNextPage\"},\"props\":{\"link\":{\"filters\":{\"search\":\"\"},\"name\":\"link\"}}}}]}]},{\"type\":\"column\",\"props\":{\"position_sticky_breakpoint\":\"m\",\"image_position\":\"center-center\",\"media_overlay_gradient\":\"\",\"width_medium\":\"1-2\"},\"children\":[{\"type\":\"button\",\"props\":{\"grid_column_gap\":\"small\",\"grid_row_gap\":\"small\",\"margin\":\"default\",\"text_align\":\"right\",\"position\":\"absolute\"},\"children\":[{\"type\":\"button_item\",\"props\":{\"button_style\":\"danger\",\"icon_align\":\"left\",\"content\":\"Neste\"},\"source\":{\"query\":{\"name\":\"pages.singlePreviousPage\"},\"props\":{\"link\":{\"filters\":{\"search\":\"\"},\"name\":\"link\"}}}}]}]}]}],\"name\":\"Forrige\\\/Neste - BUNN\"}],\"version\":\"2.7.22\"} --><\/p>\n","protected":false},"excerpt":{"rendered":"<p>Forrige Neste Drikke og ern\u00e6ring i lange l\u00f8p Drikkestasjon: Mat- og drikkestasjoner i l\u00f8p er gjerne godt merket et par hundre meter f\u00f8r du kommer fram. V\u00e6r bevisst p\u00e5 \u00e5 innta b\u00e5de v\u00e6ske og n\u00e6ring regelmessig. Her fra Spitsbergen Marathon sin drikkestasjon inne i Longyearbyen. (Foto: Marianne R\u00f8hme) Tekst: Henrik Nordtug, L\u00f6plabbet N\u00e5r varigheten p\u00e5 [&hellip;]<\/p>\n","protected":false},"author":1,"featured_media":0,"parent":0,"menu_order":22,"comment_status":"closed","ping_status":"closed","template":"","meta":{"footnotes":""},"class_list":["post-5801","page","type-page","status-publish","hentry"],"acf":[],"_links":{"self":[{"href":"https:\/\/tm2023.mittmagasin.online\/index.php?rest_route=\/wp\/v2\/pages\/5801","targetHints":{"allow":["GET"]}}],"collection":[{"href":"https:\/\/tm2023.mittmagasin.online\/index.php?rest_route=\/wp\/v2\/pages"}],"about":[{"href":"https:\/\/tm2023.mittmagasin.online\/index.php?rest_route=\/wp\/v2\/types\/page"}],"author":[{"embeddable":true,"href":"https:\/\/tm2023.mittmagasin.online\/index.php?rest_route=\/wp\/v2\/users\/1"}],"replies":[{"embeddable":true,"href":"https:\/\/tm2023.mittmagasin.online\/index.php?rest_route=%2Fwp%2Fv2%2Fcomments&post=5801"}],"version-history":[{"count":12,"href":"https:\/\/tm2023.mittmagasin.online\/index.php?rest_route=\/wp\/v2\/pages\/5801\/revisions"}],"predecessor-version":[{"id":6046,"href":"https:\/\/tm2023.mittmagasin.online\/index.php?rest_route=\/wp\/v2\/pages\/5801\/revisions\/6046"}],"wp:attachment":[{"href":"https:\/\/tm2023.mittmagasin.online\/index.php?rest_route=%2Fwp%2Fv2%2Fmedia&parent=5801"}],"curies":[{"name":"wp","href":"https:\/\/api.w.org\/{rel}","templated":true}]}}