{"id":5764,"date":"2023-06-27T19:26:10","date_gmt":"2023-06-27T19:26:10","guid":{"rendered":"https:\/\/tm2023.mittmagasin.online\/?page_id=5764"},"modified":"2023-06-28T13:42:35","modified_gmt":"2023-06-28T13:42:35","slug":"vant-etter-fem-maneder-trening","status":"publish","type":"page","link":"https:\/\/tm2023.mittmagasin.online\/?page_id=5764","title":{"rendered":"Vant etter fem m\u00e5neder trening"},"content":{"rendered":"<p>\n    <a href=\"\">Forrige<\/a>\n<\/p>\n<p>\n    <a href=\"\">Neste<\/a>\n<\/p>\n<h1>\n<p>Oskar Andr\u00e9n vant Trondheim Maraton <br \/>etter fem m\u00e5neder med trening<\/p>\n<\/h1>\n<p><img decoding=\"async\" src=\"\/wp-content\/uploads\/2023\/06\/Oskar_Andr_n.jpg\" alt=\"\"><\/p>\n<div>\n<p><em><strong>Ledet overlegent:<\/strong> Oskar Andr\u00e9n l\u00f8p alene i tet fra to kilometer og til m\u00e5l p\u00e5 maratondistansen under Trondheim Maraton i fjor.<\/em><\/p>\n<\/div>\n<h2>\n<p>I februar i fjor havnet Oskar Andr\u00e9n p\u00e5 St. Olav sykehus i Trondheim med en aggressiv bakterieinfeksjon p\u00e5 strupehodet. Det ble innleggelse, operasjon og \u00e5tte ukers totalt treningsforbud. Her forteller han om hvordan han p\u00e5 kort tid trente seg opp og ble sterk nok til \u00e5 vinne maratondistansen i Trondheim.<\/p>\n<\/h2>\n<div>\n<p><em>Tekst og foto: Marianne R\u00f8hme<\/em><\/p>\n<p>Oskar Andr\u00e9n er bosatt i Trondheim og blant Sveriges beste orienteringsl\u00f8pere med m\u00e5l om \u00e5 kunne delta for Sverige i EM i sprintorientering i Italia i oktober i \u00e5r.<\/p>\n<p>Da han ble innlagt p\u00e5 St. Olav i fjor, hadde han mange \u00e5r med god trening i kroppen.<\/p>\n<p>\u2013 Jeg var godt trent, men det er utrolig hvor mye kroppen forfaller n\u00e5r den ikke vedlikeholdes. For at operasjonss\u00e5ret skulle gro ordentlig, fikk jeg ikke lov til \u00e5 bli andpusten p\u00e5 \u00e5tte uker etter operasjonen. Jeg var derfor i elendig form da jeg startet opptreningen, sier Oskar og forteller at han la opp til et treningsprogram der han startet forsiktig, men at det var lagt inn en god progresjon.<\/p>\n<p>\u2013 Jeg testet formen regelmessig med noen innlagte orienteringsl\u00f8p og merket at jeg kom ganske fort i bedre form. Det er rart med det; det var akkurat som om kroppen husket at den hadde v\u00e6rt god en gang, sier han.<\/p>\n<p><strong>En god bekreftelse<\/strong><\/p>\n<p>Oskar var ogs\u00e5 med i Trondheim Maraton i 2019. Den gangen plasserte han seg som nummer tre. Da han stilte til start i fjor, var det for \u00e5 vinne.<\/p>\n<p>\u2013 Jeg kjente l\u00f8ypa og gikk ut fra start i den farten jeg mente var bra. En av mine konkurrenter gikk opp i tet, men dabbet av ved rundt to kilometer, mens jeg fortsatte i samme tempo og l\u00e5 alene i tet helt inn. Det \u00e5 l\u00f8pe f\u00f8rst i m\u00e5l var en god bekreftelse p\u00e5 at jeg var p\u00e5 rett vei igjen, sier Oskar.<\/p>\n<p>Den st\u00f8rste opplevelsen han hadde i fjor, var likevel prestasjonen p\u00e5 orienteringsstafetten Jukola i Finland 18.-19. juni. Dette er en stor orienteringsstafett med rundt 1600 lag p\u00e5 startstreken. Herrene startet klokken 23 l\u00f8rdag kveld. Oskar l\u00f8p f\u00f8rste etappe for syvmannslaget til By\u00e5sen IL og var den f\u00f8rste som kom inn til veksling.<\/p>\n<p><strong>Mye mengde p\u00e5 vinteren<\/strong><\/p>\n<p>Oskar konkurrerer f\u00f8rst og fremst i sprintorientering og gj\u00f8r det aller best p\u00e5 sprintdistanser som har rundt 13 minutters l\u00f8petid. Likevel legger han inn mye mengdetrening gjennom vinteren.<\/p>\n<p>\u2013 Jeg pleier \u00e5 l\u00f8pe mye mengde i vinterhalv\u00e5ret, mens jeg reduserer antall kilometer og \u00f8ker farten n\u00e5r det n\u00e6rmer seg konkurransesesong, sier han og legger til at det fort blir opp mot 130-140 kilometer i uka vinterstid, mens han er nede i 40, 60 og 80 kilometer i uka i sommerhalv\u00e5ret.<\/p>\n<p>\u2013 Det kommer litt an p\u00e5 hvor mange konkurranser jeg l\u00f8per. I en konkurransetett periode blir det kanskje bare 40 kilometer i l\u00f8pet av ei uke, forteller Oskar, som i \u00e5r hadde Roma Maraton i mars som det f\u00f8rste m\u00e5let p\u00e5 sesongen.<\/p>\n<p>\u2013 Jeg brukte Roma Marathon som motivasjon i treningen. Da er det lettere \u00e5 legge ned det arbeidet som kreves, sier mannen som har sin maratonpers p\u00e5 2.23.01 fra \u00e5rets deltakelse i Roma.<\/p>\n<p><strong>N\u00f8kkel\u00f8ktene<\/strong><\/p>\n<p>Oskar er vanligvis ikke opptatt av hvor mange \u00f8kter han l\u00f8per i uka, men antall kilometer og hvor fort det skal g\u00e5.<\/p>\n<p>\u2013 I konkurransesesongen hvor jeg \u00f8nsker \u00e5 l\u00f8pe fortere, l\u00f8per jeg heller to \u00f8kter p\u00e5 \u00e9n time en dag enn \u00e9n \u00f8kt p\u00e5 to timer, sier han.<\/p>\n<p>Fra jul og fram mot Roma Marathon i mars i \u00e5r la han inn to harde \u00f8kter med intervaller i uka. Da kunne den ene \u00f8kta ha 25-30 kilometer draglengde, og best\u00e5 av for eksempel 25 x 1000 meter eller 3 x 3000 meter + 3 x 2000 meter + 3 x 1000 meter, eller han kunne l\u00f8pe 21 kilometer i maratonfart, og avslutte med 10 x 1000 meter i et tempo som var litt raskere enn maratonfart. \u00a0<\/p>\n<p>\u2013 Den andre hard\u00f8kta er ikke like lang, innr\u00f8mmer han.<\/p>\n<p>I tillegg til \u00e5 l\u00f8pe 25-30 kilometer med intervaller la han ogs\u00e5 inn en langtur p\u00e5 dr\u00f8ye to timer som ble p\u00e5 rundt 30-35 kilometer.<\/p>\n<p>\u2013 I vinterhalv\u00e5ret l\u00f8per jeg mye i intensitetssone to og tre. Jeg tar ofte p\u00e5 meg skoene og l\u00f8per \u00e9n time i sone-2-fart, sier han.<\/p>\n<p><strong>Lite skadet<\/strong><\/p>\n<p>Oskar har v\u00e6rt lite plaget av skader i det siste.<\/p>\n<p>P\u00e5 sp\u00f8rsm\u00e5let om hva han gj\u00f8r for \u00e5 unng\u00e5 skader, svarer Oskar:<\/p>\n<p>\u2013 Det er viktig \u00e5 ikke \u00f8ke treningsbelastningen mer enn kroppen t\u00e5ler. Jeg pleier \u00e5 tenke \u00abHva ville mamma sagt?\u00bb. Da er det lettere \u00e5 v\u00e6re fornuftig, ler han.<\/p>\n<p><strong>EM viktigst<\/strong><\/p>\n<p>I \u00e5r er orienterings-EM i Italia i oktober det viktigste m\u00e5let. For \u00e5 kvalifisere seg dit m\u00e5 han til Sverige for \u00e5 l\u00f8pe kvalifiseringsl\u00f8p og f\u00e5r ikke anledning til \u00e5 stille til start for \u00e5 forsvare seieren i Trondheim Maraton denne gangen.<\/p>\n<\/div>\n<h2>\n<p>Litt mer om Oskar Andr\u00e9n<\/p>\n<\/h2>\n<p><img decoding=\"async\" src=\"\/wp-content\/uploads\/2023\/06\/Oskar_Andr_n_ble_intervjuet.jpg\" alt=\"\"><\/p>\n<div>\n<p><strong>Alder:<\/strong> 28 \u00e5r<\/p>\n<p><strong>Yrke:<\/strong> Orienteringstrener ved Heimdal videreg\u00e5ende skole, By\u00e5sen IL orientering og det norske landslaget<\/p>\n<p><strong>Sivilstatus:<\/strong> Singel<\/p>\n<p><strong>Perser:<\/strong><\/p>\n<ul>\n<li>Maraton: 2.23.01 (Roma, 2023)<\/li>\n<li>10 km: 31.31 (Tordenskioldl\u00f8pet i Trondheim, 2023)<\/li>\n<\/ul>\n<p><strong>Meritter: <\/strong><\/p>\n<ul>\n<li>Gull SM sprintstafett i orientering, 2023<\/li>\n<li>plass Trondheim Maraton, 2022<\/li>\n<li>plass i Roma Marathon, 2023<\/li>\n<li>Verdenscup runde 4 i orientering, Kina 2019 \u2013 sprint: 36, mellom 45.<\/li>\n<\/ul>\n<\/div>\n<p>\n    <a href=\"\">Forrige<\/a>\n<\/p>\n<p>\n    <a href=\"\">Neste<\/a>\n<\/p>\n<p><!--more--><br \/>\n<!-- {\"type\":\"layout\",\"children\":[{\"type\":\"section\",\"props\":{\"style\":\"default\",\"width\":\"default\",\"vertical_align\":\"middle\",\"title_position\":\"top-left\",\"title_rotation\":\"left\",\"title_breakpoint\":\"xl\",\"image_position\":\"center-center\",\"padding\":\"xsmall\",\"padding_remove_top\":false},\"children\":[{\"type\":\"row\",\"props\":{\"layout\":\"1-2,1-2\"},\"children\":[{\"type\":\"column\",\"props\":{\"position_sticky_breakpoint\":\"m\",\"image_position\":\"center-center\",\"media_overlay_gradient\":\"\",\"width_medium\":\"1-2\"},\"children\":[{\"type\":\"button\",\"props\":{\"grid_column_gap\":\"small\",\"grid_row_gap\":\"small\",\"margin\":\"default\",\"position\":\"absolute\"},\"children\":[{\"type\":\"button_item\",\"props\":{\"button_style\":\"danger\",\"icon_align\":\"left\",\"content\":\"Forrige\"},\"source\":{\"query\":{\"name\":\"pages.singleNextPage\"},\"props\":{\"link\":{\"filters\":{\"search\":\"\"},\"name\":\"link\"}}}}]}]},{\"type\":\"column\",\"props\":{\"position_sticky_breakpoint\":\"m\",\"image_position\":\"center-center\",\"media_overlay_gradient\":\"\",\"width_medium\":\"1-2\"},\"children\":[{\"type\":\"button\",\"props\":{\"grid_column_gap\":\"small\",\"grid_row_gap\":\"small\",\"margin\":\"default\",\"text_align\":\"right\",\"position\":\"absolute\"},\"children\":[{\"type\":\"button_item\",\"props\":{\"button_style\":\"danger\",\"icon_align\":\"left\",\"content\":\"Neste\"},\"source\":{\"query\":{\"name\":\"pages.singlePreviousPage\"},\"props\":{\"link\":{\"filters\":{\"search\":\"\"},\"name\":\"link\"}}}}]}]}]}],\"name\":\"Forrige\\\/Neste - TOPP\"},{\"type\":\"section\",\"props\":{\"style\":\"default\",\"width\":\"default\",\"vertical_align\":\"middle\",\"title_position\":\"top-left\",\"title_rotation\":\"left\",\"title_breakpoint\":\"xl\",\"image_position\":\"center-center\",\"padding_remove_bottom\":true},\"children\":[{\"type\":\"row\",\"children\":[{\"type\":\"column\",\"props\":{\"position_sticky_breakpoint\":\"m\",\"image_position\":\"center-center\",\"media_overlay_gradient\":\"\"},\"children\":[{\"type\":\"headline\",\"props\":{\"title_element\":\"h1\",\"content\":\"\n\n<p>Oskar Andr\\u00e9n vant Trondheim Maraton <br \\\/>etter fem m\\u00e5neder med trening<\\\/p>\",\"text_align\":\"center\"}},{\"type\":\"image\",\"props\":{\"margin\":\"\",\"image_svg_color\":\"emphasis\",\"image\":\"wp-content\\\/uploads\\\/2023\\\/06\\\/Oskar_Andr_n.jpg\",\"margin_remove_bottom\":false}},{\"type\":\"text\",\"props\":{\"margin\":\"small\",\"column_breakpoint\":\"m\",\"content\":\"\n\n<p><em><strong>Ledet overlegent:<\\\/strong> Oskar Andr\\u00e9n l\\u00f8p alene i tet fra to kilometer og til m\\u00e5l p\\u00e5 maratondistansen under Trondheim Maraton i fjor.<\\\/em><\\\/p>\",\"margin_remove_top\":false}},{\"type\":\"headline\",\"props\":{\"title_element\":\"h2\",\"content\":\"\n\n<p>I februar i fjor havnet Oskar Andr\\u00e9n p\\u00e5 St. Olav sykehus i Trondheim med en aggressiv bakterieinfeksjon p\\u00e5 strupehodet. Det ble innleggelse, operasjon og \\u00e5tte ukers totalt treningsforbud. Her forteller han om hvordan han p\\u00e5 kort tid trente seg opp og ble sterk nok til \\u00e5 vinne maratondistansen i Trondheim.<\\\/p>\"}}]}]}]},{\"type\":\"section\",\"props\":{\"style\":\"default\",\"width\":\"default\",\"vertical_align\":\"middle\",\"title_position\":\"top-left\",\"title_rotation\":\"left\",\"title_breakpoint\":\"xl\",\"image_position\":\"center-center\",\"padding\":\"small\",\"padding_remove_top\":false},\"children\":[{\"type\":\"row\",\"props\":{\"layout\":\"2-3,1-3\"},\"children\":[{\"type\":\"column\",\"props\":{\"position_sticky_breakpoint\":\"m\",\"image_position\":\"center-center\",\"media_overlay_gradient\":\"\",\"width_medium\":\"2-3\"},\"children\":[{\"type\":\"text\",\"props\":{\"margin\":\"default\",\"column_breakpoint\":\"m\",\"content\":\"\n\n<p><em>Tekst og foto: Marianne R\\u00f8hme<\\\/em><\\\/p>\\n\n\n<p>Oskar Andr\\u00e9n er bosatt i Trondheim og blant Sveriges beste orienteringsl\\u00f8pere med m\\u00e5l om \\u00e5 kunne delta for Sverige i EM i sprintorientering i Italia i oktober i \\u00e5r.<\\\/p>\\n\n\n<p>Da han ble innlagt p\\u00e5 St. Olav i fjor, hadde han mange \\u00e5r med god trening i kroppen.<\\\/p>\\n\n\n<p>\\u2013 Jeg var godt trent, men det er utrolig hvor mye kroppen forfaller n\\u00e5r den ikke vedlikeholdes. For at operasjonss\\u00e5ret skulle gro ordentlig, fikk jeg ikke lov til \\u00e5 bli andpusten p\\u00e5 \\u00e5tte uker etter operasjonen. Jeg var derfor i elendig form da jeg startet opptreningen, sier Oskar og forteller at han la opp til et treningsprogram der han startet forsiktig, men at det var lagt inn en god progresjon.<\\\/p>\\n\n\n<p>\\u2013 Jeg testet formen regelmessig med noen innlagte orienteringsl\\u00f8p og merket at jeg kom ganske fort i bedre form. Det er rart med det; det var akkurat som om kroppen husket at den hadde v\\u00e6rt god en gang, sier han.<\\\/p>\\n\n\n<p><strong>En god bekreftelse<\\\/strong><\\\/p>\\n\n\n<p>Oskar var ogs\\u00e5 med i Trondheim Maraton i 2019. Den gangen plasserte han seg som nummer tre. Da han stilte til start i fjor, var det for \\u00e5 vinne.<\\\/p>\\n\n\n<p>\\u2013 Jeg kjente l\\u00f8ypa og gikk ut fra start i den farten jeg mente var bra. En av mine konkurrenter gikk opp i tet, men dabbet av ved rundt to kilometer, mens jeg fortsatte i samme tempo og l\\u00e5 alene i tet helt inn. Det \\u00e5 l\\u00f8pe f\\u00f8rst i m\\u00e5l var en god bekreftelse p\\u00e5 at jeg var p\\u00e5 rett vei igjen, sier Oskar.<\\\/p>\\n\n\n<p>Den st\\u00f8rste opplevelsen han hadde i fjor, var likevel prestasjonen p\\u00e5 orienteringsstafetten Jukola i Finland 18.-19. juni. Dette er en stor orienteringsstafett med rundt 1600 lag p\\u00e5 startstreken. Herrene startet klokken 23 l\\u00f8rdag kveld. Oskar l\\u00f8p f\\u00f8rste etappe for syvmannslaget til By\\u00e5sen IL og var den f\\u00f8rste som kom inn til veksling.<\\\/p>\\n\n\n<p><strong>Mye mengde p\\u00e5 vinteren<\\\/strong><\\\/p>\\n\n\n<p>Oskar konkurrerer f\\u00f8rst og fremst i sprintorientering og gj\\u00f8r det aller best p\\u00e5 sprintdistanser som har rundt 13 minutters l\\u00f8petid. Likevel legger han inn mye mengdetrening gjennom vinteren.<\\\/p>\\n\n\n<p>\\u2013 Jeg pleier \\u00e5 l\\u00f8pe mye mengde i vinterhalv\\u00e5ret, mens jeg reduserer antall kilometer og \\u00f8ker farten n\\u00e5r det n\\u00e6rmer seg konkurransesesong, sier han og legger til at det fort blir opp mot 130-140 kilometer i uka vinterstid, mens han er nede i 40, 60 og 80 kilometer i uka i sommerhalv\\u00e5ret.<\\\/p>\\n\n\n<p>\\u2013 Det kommer litt an p\\u00e5 hvor mange konkurranser jeg l\\u00f8per. I en konkurransetett periode blir det kanskje bare 40 kilometer i l\\u00f8pet av ei uke, forteller Oskar, som i \\u00e5r hadde Roma Maraton i mars som det f\\u00f8rste m\\u00e5let p\\u00e5 sesongen.<\\\/p>\\n\n\n<p>\\u2013 Jeg brukte Roma Marathon som motivasjon i treningen. Da er det lettere \\u00e5 legge ned det arbeidet som kreves, sier mannen som har sin maratonpers p\\u00e5 2.23.01 fra \\u00e5rets deltakelse i Roma.<\\\/p>\\n\n\n<p><strong>N\\u00f8kkel\\u00f8ktene<\\\/strong><\\\/p>\\n\n\n<p>Oskar er vanligvis ikke opptatt av hvor mange \\u00f8kter han l\\u00f8per i uka, men antall kilometer og hvor fort det skal g\\u00e5.<\\\/p>\\n\n\n<p>\\u2013 I konkurransesesongen hvor jeg \\u00f8nsker \\u00e5 l\\u00f8pe fortere, l\\u00f8per jeg heller to \\u00f8kter p\\u00e5 \\u00e9n time en dag enn \\u00e9n \\u00f8kt p\\u00e5 to timer, sier han.<\\\/p>\\n\n\n<p>Fra jul og fram mot Roma Marathon i mars i \\u00e5r la han inn to harde \\u00f8kter med intervaller i uka. Da kunne den ene \\u00f8kta ha 25-30 kilometer draglengde, og best\\u00e5 av for eksempel 25 x 1000 meter eller 3 x 3000 meter + 3 x 2000 meter + 3 x 1000 meter, eller han kunne l\\u00f8pe 21 kilometer i maratonfart, og avslutte med 10 x 1000 meter i et tempo som var litt raskere enn maratonfart. \\u00a0<\\\/p>\\n\n\n<p>\\u2013 Den andre hard\\u00f8kta er ikke like lang, innr\\u00f8mmer han.<\\\/p>\\n\n\n<p>I tillegg til \\u00e5 l\\u00f8pe 25-30 kilometer med intervaller la han ogs\\u00e5 inn en langtur p\\u00e5 dr\\u00f8ye to timer som ble p\\u00e5 rundt 30-35 kilometer.<\\\/p>\\n\n\n<p>\\u2013 I vinterhalv\\u00e5ret l\\u00f8per jeg mye i intensitetssone to og tre. Jeg tar ofte p\\u00e5 meg skoene og l\\u00f8per \\u00e9n time i sone-2-fart, sier han.<\\\/p>\\n\n\n<p><strong>Lite skadet<\\\/strong><\\\/p>\\n\n\n<p>Oskar har v\\u00e6rt lite plaget av skader i det siste.<\\\/p>\\n\n\n<p>P\\u00e5 sp\\u00f8rsm\\u00e5let om hva han gj\\u00f8r for \\u00e5 unng\\u00e5 skader, svarer Oskar:<\\\/p>\\n\n\n<p>\\u2013 Det er viktig \\u00e5 ikke \\u00f8ke treningsbelastningen mer enn kroppen t\\u00e5ler. Jeg pleier \\u00e5 tenke \\u00abHva ville mamma sagt?\\u00bb. Da er det lettere \\u00e5 v\\u00e6re fornuftig, ler han.<\\\/p>\\n\n\n<p><strong>EM viktigst<\\\/strong><\\\/p>\\n\n\n<p>I \\u00e5r er orienterings-EM i Italia i oktober det viktigste m\\u00e5let. For \\u00e5 kvalifisere seg dit m\\u00e5 han til Sverige for \\u00e5 l\\u00f8pe kvalifiseringsl\\u00f8p og f\\u00e5r ikke anledning til \\u00e5 stille til start for \\u00e5 forsvare seieren i Trondheim Maraton denne gangen.<\\\/p>\"}}]},{\"type\":\"column\",\"props\":{\"position_sticky_breakpoint\":\"m\",\"image_position\":\"center-center\",\"media_overlay_gradient\":\"\",\"width_medium\":\"1-3\",\"style\":\"muted\",\"padding\":\"small\"},\"children\":[{\"type\":\"headline\",\"props\":{\"title_element\":\"h2\",\"content\":\"\n\n<p>Litt mer om Oskar Andr\\u00e9n<\\\/p>\"}},{\"type\":\"image\",\"props\":{\"margin\":\"default\",\"image_svg_color\":\"emphasis\",\"image\":\"wp-content\\\/uploads\\\/2023\\\/06\\\/Oskar_Andr_n_ble_intervjuet.jpg\"}},{\"type\":\"text\",\"props\":{\"margin\":\"default\",\"column_breakpoint\":\"m\",\"content\":\"\n\n<p><strong>Alder:<\\\/strong> 28 \\u00e5r<\\\/p>\\n\n\n<p><strong>Yrke:<\\\/strong> Orienteringstrener ved Heimdal videreg\\u00e5ende skole, By\\u00e5sen IL orientering og det norske landslaget<\\\/p>\\n\n\n<p><strong>Sivilstatus:<\\\/strong> Singel<\\\/p>\\n\n\n<p><strong>Perser:<\\\/strong><\\\/p>\\n\n\n<ul>\\n\n\n<li>Maraton: 2.23.01 (Roma, 2023)<\\\/li>\\n\n\n<li>10 km: 31.31 (Tordenskioldl\\u00f8pet i Trondheim, 2023)<\\\/li>\\n<\\\/ul>\\n\n\n<p><strong>Meritter: <\\\/strong><\\\/p>\\n\n\n<ul>\\n\n\n<li>Gull SM sprintstafett i orientering, 2023<\\\/li>\\n\n\n<li>plass Trondheim Maraton, 2022<\\\/li>\\n\n\n<li>plass i Roma Marathon, 2023<\\\/li>\\n\n\n<li>Verdenscup runde 4 i orientering, Kina 2019 \\u2013 sprint: 36, mellom 45.<\\\/li>\\n<\\\/ul>\"}}]}]}]},{\"type\":\"section\",\"props\":{\"style\":\"default\",\"width\":\"default\",\"vertical_align\":\"middle\",\"title_position\":\"top-left\",\"title_rotation\":\"left\",\"title_breakpoint\":\"xl\",\"image_position\":\"center-center\",\"padding\":\"large\",\"padding_remove_top\":false},\"children\":[{\"type\":\"row\",\"props\":{\"layout\":\"1-2,1-2\"},\"children\":[{\"type\":\"column\",\"props\":{\"position_sticky_breakpoint\":\"m\",\"image_position\":\"center-center\",\"media_overlay_gradient\":\"\",\"width_medium\":\"1-2\"},\"children\":[{\"type\":\"button\",\"props\":{\"grid_column_gap\":\"small\",\"grid_row_gap\":\"small\",\"margin\":\"default\",\"position\":\"absolute\"},\"children\":[{\"type\":\"button_item\",\"props\":{\"button_style\":\"danger\",\"icon_align\":\"left\",\"content\":\"Forrige\"},\"source\":{\"query\":{\"name\":\"pages.singleNextPage\"},\"props\":{\"link\":{\"filters\":{\"search\":\"\"},\"name\":\"link\"}}}}]}]},{\"type\":\"column\",\"props\":{\"position_sticky_breakpoint\":\"m\",\"image_position\":\"center-center\",\"media_overlay_gradient\":\"\",\"width_medium\":\"1-2\"},\"children\":[{\"type\":\"button\",\"props\":{\"grid_column_gap\":\"small\",\"grid_row_gap\":\"small\",\"margin\":\"default\",\"text_align\":\"right\",\"position\":\"absolute\"},\"children\":[{\"type\":\"button_item\",\"props\":{\"button_style\":\"danger\",\"icon_align\":\"left\",\"content\":\"Neste\"},\"source\":{\"query\":{\"name\":\"pages.singlePreviousPage\"},\"props\":{\"link\":{\"filters\":{\"search\":\"\"},\"name\":\"link\"}}}}]}]}]}],\"name\":\"Forrige\\\/Neste - BUNN\"}],\"version\":\"2.7.22\"} --><\/p>\n","protected":false},"excerpt":{"rendered":"<p>Forrige Neste Oskar Andr\u00e9n vant Trondheim Maraton etter fem m\u00e5neder med trening Ledet overlegent: Oskar Andr\u00e9n l\u00f8p alene i tet fra to kilometer og til m\u00e5l p\u00e5 maratondistansen under Trondheim Maraton i fjor. I februar i fjor havnet Oskar Andr\u00e9n p\u00e5 St. Olav sykehus i Trondheim med en aggressiv bakterieinfeksjon p\u00e5 strupehodet. Det ble innleggelse, [&hellip;]<\/p>\n","protected":false},"author":1,"featured_media":0,"parent":0,"menu_order":19,"comment_status":"closed","ping_status":"closed","template":"","meta":{"footnotes":""},"class_list":["post-5764","page","type-page","status-publish","hentry"],"acf":[],"_links":{"self":[{"href":"https:\/\/tm2023.mittmagasin.online\/index.php?rest_route=\/wp\/v2\/pages\/5764","targetHints":{"allow":["GET"]}}],"collection":[{"href":"https:\/\/tm2023.mittmagasin.online\/index.php?rest_route=\/wp\/v2\/pages"}],"about":[{"href":"https:\/\/tm2023.mittmagasin.online\/index.php?rest_route=\/wp\/v2\/types\/page"}],"author":[{"embeddable":true,"href":"https:\/\/tm2023.mittmagasin.online\/index.php?rest_route=\/wp\/v2\/users\/1"}],"replies":[{"embeddable":true,"href":"https:\/\/tm2023.mittmagasin.online\/index.php?rest_route=%2Fwp%2Fv2%2Fcomments&post=5764"}],"version-history":[{"count":20,"href":"https:\/\/tm2023.mittmagasin.online\/index.php?rest_route=\/wp\/v2\/pages\/5764\/revisions"}],"predecessor-version":[{"id":6017,"href":"https:\/\/tm2023.mittmagasin.online\/index.php?rest_route=\/wp\/v2\/pages\/5764\/revisions\/6017"}],"wp:attachment":[{"href":"https:\/\/tm2023.mittmagasin.online\/index.php?rest_route=%2Fwp%2Fv2%2Fmedia&parent=5764"}],"curies":[{"name":"wp","href":"https:\/\/api.w.org\/{rel}","templated":true}]}}