{"id":5747,"date":"2023-06-27T19:16:49","date_gmt":"2023-06-27T19:16:49","guid":{"rendered":"https:\/\/tm2023.mittmagasin.online\/?page_id=5747"},"modified":"2023-06-28T13:56:21","modified_gmt":"2023-06-28T13:56:21","slug":"utfordrer-alle-til-a-prove-a-sla-dem","status":"publish","type":"page","link":"https:\/\/tm2023.mittmagasin.online\/?page_id=5747","title":{"rendered":"Utfordrer alle til \u00e5 pr\u00f8ve \u00e5 sl\u00e5 dem"},"content":{"rendered":"<p>\n    <a href=\"\">Forrige<\/a>\n<\/p>\n<p>\n    <a href=\"\">Neste<\/a>\n<\/p>\n<h1>\n<p>N\u00e6ringsforeningen i Trondheimsregionen utfordrer alle til \u00e5 pr\u00f8ve \u00e5 sl\u00e5 dem i stafetten<\/p>\n<\/h1>\n<p><img decoding=\"async\" src=\"\/wp-content\/uploads\/2023\/06\/IMG_7202.jpg\" alt=\"\"><\/p>\n<div>\n<p><em><strong>Utfordrer:<\/strong> Kommunikasjonsr\u00e5dgiver Karen Gunnes og markedssjef Torgeir S\u00f8lsnes i N\u00e6ringsforeningen i Trondheimsregionen er ikke redd for \u00e5 utfordre andre til \u00e5 pr\u00f8ve \u00e5 sl\u00e5 dem i stafetten. (Foto: Haakon Wuttudal, NiT)<\/em><\/p>\n<\/div>\n<div>\n<p><em>Av Marianne R\u00f8hme<\/em><\/p>\n<p>N\u00e5r N\u00e6ringsforeningen stiller til start i Trondheim Maraton, er det med halvparten av de ansatte p\u00e5 startstreken.<\/p>\n<p>\u2013 Vi er bare 14 ansatte, og med to lag med fire p\u00e5 hvert lag vil over halvparten av oss v\u00e6re med \u00e5 l\u00f8pe denne dagen. De andre har lovt \u00e5 stille opp og heie p\u00e5 oss, sier kommunikasjonsr\u00e5dgiver Karen Gunnes i N\u00e6ringsforeningen i Trondheimsregionen (NiT).<\/p>\n<p><strong>Sosialt<\/strong><\/p>\n<p>P\u00e5meldingen har bidratt til ny giv i fellesskapet p\u00e5 jobben, og n\u00e5 oppfordrer de ogs\u00e5 andre arbeidsplasser til \u00e5 melde seg p\u00e5.<\/p>\n<p>\u2013 Vi vil gjerne at v\u00e5re medlemsbedrifter skal oppleve det samme engasjementet og den \u00f8kte aktiviteten hos seg som det vi har f\u00e5tt. Dette er et viktig tiltak for folkehelsen og FNs b\u00e6rekraftsm\u00e5l nummer 3 som omhandler god helse. Vi vil gjerne oppfordre n\u00e6ringslivet til \u00e5 oppn\u00e5 en helsegevinst og samtidig gj\u00f8re noe som er litt annerledes, sier Torgeir S\u00f8lsnes, markedssjef i NiT, og legger til at bedriftene de utfordrer, kan stille med s\u00e5 mange lag de vil, men det m\u00e5 v\u00e6re mikslag med to kvinner og to menn p\u00e5 hvert lag.<\/p>\n<p><strong>Lett \u00e5 sl\u00e5<\/strong><\/p>\n<p>Karen legger til at det vil ikke v\u00e6re s\u00e5 vanskelig \u00e5 klare \u00e5 sl\u00e5 NiT.<\/p>\n<p>\u2013 Vi stiller med jevnt over helt normalt trente folk som kommer til \u00e5 legge inn en ekstra innsats de kommende m\u00e5nedene, s\u00e5 lag med erfarne l\u00f8pere vil f\u00e5 en lett mach, avsl\u00f8rer hun og legger til at de gj\u00f8r ikke dette for \u00e5 vinne, men for \u00e5 motivere til \u00f8kt aktivitet og forsterking av samholdet p\u00e5 arbeidsplassen.<\/p>\n<p>NiT kj\u00f8rer aktivt p\u00e5 flere plan. I appen MyWorkout m\u00e5ler de aktiviteten og den innsatsen de ansatte legger inn.<\/p>\n<p>\u2013 Det er ikke om \u00e5 gj\u00f8re \u00e5 l\u00f8pe langt eller fort, men \u00e5 v\u00e6re aktiv p\u00e5 ulike vis. Vi konkurrerer mot hverandre som lag, og allerede etter to uker var det registrert nesten 10\u00a0000 aktivitetsminutter i appen. Konkurransen ble kj\u00f8rt i fem uker, med ukentlige k\u00e5ringer av vinnerlag og en sluttk\u00e5ring da det var g\u00e5tt fem uker, sier Karen.<\/p>\n<p>NiT har ogs\u00e5 et godt samarbeid med Trondheim Maraton for \u00e5 engasjere flest mulig til \u00e5 l\u00f8pe.<\/p>\n<p>\u2013 V\u00e5rt m\u00e5l for dagen er at alle skal fullf\u00f8re. Det blir spennende \u00e5 se hvem som klarer \u00e5 sl\u00e5 oss, smiler hun.<\/p>\n<\/div>\n<h2>\n<p>Dette er N\u00e6ringsforeningen i Trondheimsregionen (NiT)<\/p>\n<\/h2>\n<div>\n<p>N\u00e6ringsforeningen i Trondheimsregionen (NiT) er Norges nest st\u00f8rste n\u00e6ringsforening med i underkant av 2000 medlemsbedrifter som representerer vel 50\u00a0000 arbeidstakere. Vi er regionens st\u00f8rste nettverksarena og jobber s\u00e6rskilt med sentrumsutvikling, areal og samferdsel, utvikling av FoU og utdanning samt lavere skatter og \u00f8kt kapitaltilgang i Trondheimsregionen.<\/p>\n<\/div>\n<p>\n    <a href=\"\">Forrige<\/a>\n<\/p>\n<p>\n    <a href=\"\">Neste<\/a>\n<\/p>\n<p><!--more--><br \/>\n<!-- {\"type\":\"layout\",\"children\":[{\"type\":\"section\",\"props\":{\"style\":\"default\",\"width\":\"default\",\"vertical_align\":\"middle\",\"title_position\":\"top-left\",\"title_rotation\":\"left\",\"title_breakpoint\":\"xl\",\"image_position\":\"center-center\",\"padding\":\"xsmall\",\"padding_remove_top\":false},\"children\":[{\"type\":\"row\",\"props\":{\"layout\":\"1-2,1-2\"},\"children\":[{\"type\":\"column\",\"props\":{\"position_sticky_breakpoint\":\"m\",\"image_position\":\"center-center\",\"media_overlay_gradient\":\"\",\"width_medium\":\"1-2\"},\"children\":[{\"type\":\"button\",\"props\":{\"grid_column_gap\":\"small\",\"grid_row_gap\":\"small\",\"margin\":\"default\",\"position\":\"absolute\"},\"children\":[{\"type\":\"button_item\",\"props\":{\"button_style\":\"danger\",\"icon_align\":\"left\",\"content\":\"Forrige\"},\"source\":{\"query\":{\"name\":\"pages.singleNextPage\"},\"props\":{\"link\":{\"filters\":{\"search\":\"\"},\"name\":\"link\"}}}}]}]},{\"type\":\"column\",\"props\":{\"position_sticky_breakpoint\":\"m\",\"image_position\":\"center-center\",\"media_overlay_gradient\":\"\",\"width_medium\":\"1-2\"},\"children\":[{\"type\":\"button\",\"props\":{\"grid_column_gap\":\"small\",\"grid_row_gap\":\"small\",\"margin\":\"default\",\"text_align\":\"right\",\"position\":\"absolute\"},\"children\":[{\"type\":\"button_item\",\"props\":{\"button_style\":\"danger\",\"icon_align\":\"left\",\"content\":\"Neste\"},\"source\":{\"query\":{\"name\":\"pages.singlePreviousPage\"},\"props\":{\"link\":{\"filters\":{\"search\":\"\"},\"name\":\"link\"}}}}]}]}]}],\"name\":\"Forrige\\\/Neste - TOPP\"},{\"type\":\"section\",\"props\":{\"style\":\"default\",\"width\":\"default\",\"vertical_align\":\"middle\",\"title_position\":\"top-left\",\"title_rotation\":\"left\",\"title_breakpoint\":\"xl\",\"image_position\":\"center-center\"},\"children\":[{\"type\":\"row\",\"children\":[{\"type\":\"column\",\"props\":{\"position_sticky_breakpoint\":\"m\",\"image_position\":\"center-center\",\"media_overlay_gradient\":\"\"},\"children\":[{\"type\":\"headline\",\"props\":{\"title_element\":\"h1\",\"content\":\"\n\n<p>N\\u00e6ringsforeningen i Trondheimsregionen utfordrer alle til \\u00e5 pr\\u00f8ve \\u00e5 sl\\u00e5 dem i stafetten<\\\/p>\",\"text_align\":\"center\"}},{\"type\":\"image\",\"props\":{\"margin\":\"small\",\"image_svg_color\":\"emphasis\",\"image\":\"wp-content\\\/uploads\\\/2023\\\/06\\\/IMG_7202.jpg\",\"margin_remove_bottom\":false}},{\"type\":\"text\",\"props\":{\"margin\":\"large\",\"column_breakpoint\":\"m\",\"content\":\"\n\n<p><em><strong>Utfordrer:<\\\/strong> Kommunikasjonsr\\u00e5dgiver Karen Gunnes og markedssjef Torgeir S\\u00f8lsnes i N\\u00e6ringsforeningen i Trondheimsregionen er ikke redd for \\u00e5 utfordre andre til \\u00e5 pr\\u00f8ve \\u00e5 sl\\u00e5 dem i stafetten. (Foto: Haakon Wuttudal, NiT)<\\\/em><\\\/p>\",\"margin_remove_top\":true}},{\"type\":\"text\",\"props\":{\"margin\":\"default\",\"column_breakpoint\":\"m\",\"content\":\"\n\n<p><em>Av Marianne R\\u00f8hme<\\\/em><\\\/p>\\n\n\n<p>N\\u00e5r N\\u00e6ringsforeningen stiller til start i Trondheim Maraton, er det med halvparten av de ansatte p\\u00e5 startstreken.<\\\/p>\\n\n\n<p>\\u2013 Vi er bare 14 ansatte, og med to lag med fire p\\u00e5 hvert lag vil over halvparten av oss v\\u00e6re med \\u00e5 l\\u00f8pe denne dagen. De andre har lovt \\u00e5 stille opp og heie p\\u00e5 oss, sier kommunikasjonsr\\u00e5dgiver Karen Gunnes i N\\u00e6ringsforeningen i Trondheimsregionen (NiT).<\\\/p>\\n\n\n<p><strong>Sosialt<\\\/strong><\\\/p>\\n\n\n<p>P\\u00e5meldingen har bidratt til ny giv i fellesskapet p\\u00e5 jobben, og n\\u00e5 oppfordrer de ogs\\u00e5 andre arbeidsplasser til \\u00e5 melde seg p\\u00e5.<\\\/p>\\n\n\n<p>\\u2013 Vi vil gjerne at v\\u00e5re medlemsbedrifter skal oppleve det samme engasjementet og den \\u00f8kte aktiviteten hos seg som det vi har f\\u00e5tt. Dette er et viktig tiltak for folkehelsen og FNs b\\u00e6rekraftsm\\u00e5l nummer 3 som omhandler god helse. Vi vil gjerne oppfordre n\\u00e6ringslivet til \\u00e5 oppn\\u00e5 en helsegevinst og samtidig gj\\u00f8re noe som er litt annerledes, sier Torgeir S\\u00f8lsnes, markedssjef i NiT, og legger til at bedriftene de utfordrer, kan stille med s\\u00e5 mange lag de vil, men det m\\u00e5 v\\u00e6re mikslag med to kvinner og to menn p\\u00e5 hvert lag.<\\\/p>\\n\n\n<p><strong>Lett \\u00e5 sl\\u00e5<\\\/strong><\\\/p>\\n\n\n<p>Karen legger til at det vil ikke v\\u00e6re s\\u00e5 vanskelig \\u00e5 klare \\u00e5 sl\\u00e5 NiT.<\\\/p>\\n\n\n<p>\\u2013 Vi stiller med jevnt over helt normalt trente folk som kommer til \\u00e5 legge inn en ekstra innsats de kommende m\\u00e5nedene, s\\u00e5 lag med erfarne l\\u00f8pere vil f\\u00e5 en lett mach, avsl\\u00f8rer hun og legger til at de gj\\u00f8r ikke dette for \\u00e5 vinne, men for \\u00e5 motivere til \\u00f8kt aktivitet og forsterking av samholdet p\\u00e5 arbeidsplassen.<\\\/p>\\n\n\n<p>NiT kj\\u00f8rer aktivt p\\u00e5 flere plan. I appen MyWorkout m\\u00e5ler de aktiviteten og den innsatsen de ansatte legger inn.<\\\/p>\\n\n\n<p>\\u2013 Det er ikke om \\u00e5 gj\\u00f8re \\u00e5 l\\u00f8pe langt eller fort, men \\u00e5 v\\u00e6re aktiv p\\u00e5 ulike vis. Vi konkurrerer mot hverandre som lag, og allerede etter to uker var det registrert nesten 10\\u00a0000 aktivitetsminutter i appen. Konkurransen ble kj\\u00f8rt i fem uker, med ukentlige k\\u00e5ringer av vinnerlag og en sluttk\\u00e5ring da det var g\\u00e5tt fem uker, sier Karen.<\\\/p>\\n\n\n<p>NiT har ogs\\u00e5 et godt samarbeid med Trondheim Maraton for \\u00e5 engasjere flest mulig til \\u00e5 l\\u00f8pe.<\\\/p>\\n\n\n<p>\\u2013 V\\u00e5rt m\\u00e5l for dagen er at alle skal fullf\\u00f8re. Det blir spennende \\u00e5 se hvem som klarer \\u00e5 sl\\u00e5 oss, smiler hun.<\\\/p>\",\"margin_remove_top\":false}}]}]}]},{\"type\":\"section\",\"props\":{\"style\":\"muted\",\"width\":\"default\",\"vertical_align\":\"middle\",\"title_position\":\"top-left\",\"title_rotation\":\"left\",\"title_breakpoint\":\"xl\",\"image_position\":\"center-center\",\"padding\":\"small\"},\"children\":[{\"type\":\"row\",\"props\":{\"margin_remove_top\":false},\"children\":[{\"type\":\"column\",\"props\":{\"position_sticky_breakpoint\":\"m\",\"image_position\":\"center-center\",\"media_overlay_gradient\":\"\"},\"children\":[{\"type\":\"headline\",\"props\":{\"title_element\":\"h2\",\"content\":\"\n\n<p>Dette er N\\u00e6ringsforeningen i Trondheimsregionen (NiT)<\\\/p>\"}},{\"type\":\"text\",\"props\":{\"margin\":\"default\",\"column_breakpoint\":\"m\",\"content\":\"\n\n<p>N\\u00e6ringsforeningen i Trondheimsregionen (NiT) er Norges nest st\\u00f8rste n\\u00e6ringsforening med i underkant av 2000 medlemsbedrifter som representerer vel 50\\u00a0000 arbeidstakere. Vi er regionens st\\u00f8rste nettverksarena og jobber s\\u00e6rskilt med sentrumsutvikling, areal og samferdsel, utvikling av FoU og utdanning samt lavere skatter og \\u00f8kt kapitaltilgang i Trondheimsregionen.<\\\/p>\"}}]}]}]},{\"type\":\"section\",\"props\":{\"style\":\"default\",\"width\":\"default\",\"vertical_align\":\"middle\",\"title_position\":\"top-left\",\"title_rotation\":\"left\",\"title_breakpoint\":\"xl\",\"image_position\":\"center-center\",\"padding\":\"large\",\"padding_remove_top\":false},\"children\":[{\"type\":\"row\",\"props\":{\"layout\":\"1-2,1-2\"},\"children\":[{\"type\":\"column\",\"props\":{\"position_sticky_breakpoint\":\"m\",\"image_position\":\"center-center\",\"media_overlay_gradient\":\"\",\"width_medium\":\"1-2\"},\"children\":[{\"type\":\"button\",\"props\":{\"grid_column_gap\":\"small\",\"grid_row_gap\":\"small\",\"margin\":\"default\",\"position\":\"absolute\"},\"children\":[{\"type\":\"button_item\",\"props\":{\"button_style\":\"danger\",\"icon_align\":\"left\",\"content\":\"Forrige\"},\"source\":{\"query\":{\"name\":\"pages.singleNextPage\"},\"props\":{\"link\":{\"filters\":{\"search\":\"\"},\"name\":\"link\"}}}}]}]},{\"type\":\"column\",\"props\":{\"position_sticky_breakpoint\":\"m\",\"image_position\":\"center-center\",\"media_overlay_gradient\":\"\",\"width_medium\":\"1-2\"},\"children\":[{\"type\":\"button\",\"props\":{\"grid_column_gap\":\"small\",\"grid_row_gap\":\"small\",\"margin\":\"default\",\"text_align\":\"right\",\"position\":\"absolute\"},\"children\":[{\"type\":\"button_item\",\"props\":{\"button_style\":\"danger\",\"icon_align\":\"left\",\"content\":\"Neste\"},\"source\":{\"query\":{\"name\":\"pages.singlePreviousPage\"},\"props\":{\"link\":{\"filters\":{\"search\":\"\"},\"name\":\"link\"}}}}]}]}]}],\"name\":\"Forrige\\\/Neste - BUNN\"}],\"version\":\"2.7.22\"} --><\/p>\n","protected":false},"excerpt":{"rendered":"<p>Forrige Neste N\u00e6ringsforeningen i Trondheimsregionen utfordrer alle til \u00e5 pr\u00f8ve \u00e5 sl\u00e5 dem i stafetten Utfordrer: Kommunikasjonsr\u00e5dgiver Karen Gunnes og markedssjef Torgeir S\u00f8lsnes i N\u00e6ringsforeningen i Trondheimsregionen er ikke redd for \u00e5 utfordre andre til \u00e5 pr\u00f8ve \u00e5 sl\u00e5 dem i stafetten. (Foto: Haakon Wuttudal, NiT) Av Marianne R\u00f8hme N\u00e5r N\u00e6ringsforeningen stiller til start i [&hellip;]<\/p>\n","protected":false},"author":1,"featured_media":0,"parent":0,"menu_order":18,"comment_status":"closed","ping_status":"closed","template":"","meta":{"footnotes":""},"class_list":["post-5747","page","type-page","status-publish","hentry"],"acf":[],"_links":{"self":[{"href":"https:\/\/tm2023.mittmagasin.online\/index.php?rest_route=\/wp\/v2\/pages\/5747","targetHints":{"allow":["GET"]}}],"collection":[{"href":"https:\/\/tm2023.mittmagasin.online\/index.php?rest_route=\/wp\/v2\/pages"}],"about":[{"href":"https:\/\/tm2023.mittmagasin.online\/index.php?rest_route=\/wp\/v2\/types\/page"}],"author":[{"embeddable":true,"href":"https:\/\/tm2023.mittmagasin.online\/index.php?rest_route=\/wp\/v2\/users\/1"}],"replies":[{"embeddable":true,"href":"https:\/\/tm2023.mittmagasin.online\/index.php?rest_route=%2Fwp%2Fv2%2Fcomments&post=5747"}],"version-history":[{"count":19,"href":"https:\/\/tm2023.mittmagasin.online\/index.php?rest_route=\/wp\/v2\/pages\/5747\/revisions"}],"predecessor-version":[{"id":6045,"href":"https:\/\/tm2023.mittmagasin.online\/index.php?rest_route=\/wp\/v2\/pages\/5747\/revisions\/6045"}],"wp:attachment":[{"href":"https:\/\/tm2023.mittmagasin.online\/index.php?rest_route=%2Fwp%2Fv2%2Fmedia&parent=5747"}],"curies":[{"name":"wp","href":"https:\/\/api.w.org\/{rel}","templated":true}]}}