{"id":5689,"date":"2023-06-27T13:59:58","date_gmt":"2023-06-27T13:59:58","guid":{"rendered":"https:\/\/tm2023.mittmagasin.online\/?page_id=5689"},"modified":"2023-06-28T13:40:42","modified_gmt":"2023-06-28T13:40:42","slug":"12-ukers-treningsprogram-med-polar","status":"publish","type":"page","link":"https:\/\/tm2023.mittmagasin.online\/?page_id=5689","title":{"rendered":"12 ukers treningsprogram med Polar"},"content":{"rendered":"<p>\n    <a href=\"\">Forrige<\/a>\n<\/p>\n<p>\n    <a href=\"\">Neste<\/a>\n<\/p>\n<h1>\n<p>Slik kan du lage ditt eget treningsprogram<\/p>\n<\/h1>\n<p><img decoding=\"async\" src=\"\/wp-content\/uploads\/2023\/06\/F.v_Runa_Bye_Rodseth_Alf_Kalmar_og_Christine_Heitmann_lop_maraton_under_Trondheim_Maraton_2022_KD_97644_Foto_Marianne_Rohme.jpg\" alt=\"\"><\/p>\n<div>\n<p><em><strong>Klar for l\u00f8p:<\/strong> Det gir en st\u00f8rre trygghet \u00e5 stille til start i l\u00f8p n\u00e5r en vet at en har trent m\u00e5lbevisst p\u00e5 forh\u00e5nd. F.v.: Runa Bye R\u00f8dseth, Alf Kalmar og Christine Heitmann som l\u00f8p maraton under Trondheim Maraton 2022. (Foto: Marianne R\u00f8hme)<\/em><\/p>\n<\/div>\n<div>\n<p>Tren mot en konkurranse eller sikt deg inn p\u00e5 en dato for n\u00e5r du vil l\u00f8pe en bestemt distanse. Deretter vil Polarprogrammet lage planen for deg.<\/p>\n<p>Dersom du har en treningsklokke fra Polar, vil treningsprogrammet kunne v\u00e6re en personlig tilpasset treningsplan basert p\u00e5 dine individuelle verdier. Treningsplanen tilpasser seg underveis i treningsperioden og l\u00e6rer av treningsdataene fra trenings\u00f8ktene dine.<\/p>\n<p>Du kan lage programmer for alt fra 5-kilometer til maraton.<\/p>\n<p>Polar sitt treningsprogram er basert p\u00e5 kondisjonsniv\u00e5et ditt, og det tar hensyn til din n\u00e5v\u00e6rende kondisjon. N\u00e5r du f\u00f8lger programmet, tilpasser det seg utviklingen din og gir deg beskjed n\u00e5r du kan \u00f8ke innsatsen et hakk, og n\u00e5r du trenger \u00e5 roe ned litt.<\/p>\n<p>Programmet er komplementert med \u00f8velser for trening av styrke, kjernemuskulatur og bevegelighet. Det inkluderer ogs\u00e5 en funksjon for \u00e5 ansl\u00e5 din sluttid for den valgte distansen.<\/p>\n<p>I tillegg til l\u00f8petrening kan du velge \u00e5 inkludere st\u00f8tte\u00f8velser i programmet. De er i videoformat og du kan enkelt gj\u00f8re dem hjemme. \u00d8kt styrke, bedre kontroll over kjernemuskulatur og bedre bevegelighet kan utgj\u00f8re en stor forskjell for l\u00f8pingen.<\/p>\n<p>Anslaget er basert p\u00e5 Running Index-verdien du f\u00e5r fra hver l\u00f8pe\u00f8kt. Anslaget oppdateres etter hvert som du fullf\u00f8rer flere l\u00f8pe\u00f8kter.<\/p>\n<\/div>\n<h2>\n<p>Slik gj\u00f8r du det<\/p>\n<\/h2>\n<p><img decoding=\"async\" src=\"\/wp-content\/uploads\/2023\/06\/treningsprogram-bilde.jpg\" alt=\"\"><\/p>\n<div>\n<p>For \u00e5 kunne lage et l\u00f8peprogram hos Polar m\u00e5 du f\u00f8rst opprette en profil p\u00e5 Flow.polar.com. Legg inn personlige data slik du blir bedt om, og du er klar til \u00e5 utforme ditt eget treningsprogram.<\/p>\n<ul>\n<li>Logg inn p\u00e5 Flow.polar.com<\/li>\n<li>Velg \u00abProgrammer\u00bb fra menyen<\/li>\n<li>Velg hvilken distanse du skal l\u00f8pe, n\u00e5r du \u00f8nsker at programmet skal starte og n\u00e5r konkurransedagen er<\/li>\n<li>N\u00e5r du er ferdig kan du trykke p\u00e5 \u00abStart program\u00bb<\/li>\n<\/ul>\n<\/div>\n<p>\n    <a href=\"\">Forrige<\/a>\n<\/p>\n<p>\n    <a href=\"\">Neste<\/a>\n<\/p>\n<p><!--more--><br \/>\n<!-- {\"type\":\"layout\",\"children\":[{\"type\":\"section\",\"props\":{\"style\":\"default\",\"width\":\"default\",\"vertical_align\":\"middle\",\"title_position\":\"top-left\",\"title_rotation\":\"left\",\"title_breakpoint\":\"xl\",\"image_position\":\"center-center\",\"padding\":\"xsmall\",\"padding_remove_top\":false},\"children\":[{\"type\":\"row\",\"props\":{\"layout\":\"1-2,1-2\"},\"children\":[{\"type\":\"column\",\"props\":{\"position_sticky_breakpoint\":\"m\",\"image_position\":\"center-center\",\"media_overlay_gradient\":\"\",\"width_medium\":\"1-2\"},\"children\":[{\"type\":\"button\",\"props\":{\"grid_column_gap\":\"small\",\"grid_row_gap\":\"small\",\"margin\":\"default\",\"position\":\"absolute\"},\"children\":[{\"type\":\"button_item\",\"props\":{\"button_style\":\"danger\",\"icon_align\":\"left\",\"content\":\"Forrige\"},\"source\":{\"query\":{\"name\":\"pages.singleNextPage\"},\"props\":{\"link\":{\"filters\":{\"search\":\"\"},\"name\":\"link\"}}}}]}]},{\"type\":\"column\",\"props\":{\"position_sticky_breakpoint\":\"m\",\"image_position\":\"center-center\",\"media_overlay_gradient\":\"\",\"width_medium\":\"1-2\"},\"children\":[{\"type\":\"button\",\"props\":{\"grid_column_gap\":\"small\",\"grid_row_gap\":\"small\",\"margin\":\"default\",\"text_align\":\"right\",\"position\":\"absolute\"},\"children\":[{\"type\":\"button_item\",\"props\":{\"button_style\":\"danger\",\"icon_align\":\"left\",\"content\":\"Neste\"},\"source\":{\"query\":{\"name\":\"pages.singlePreviousPage\"},\"props\":{\"link\":{\"filters\":{\"search\":\"\"},\"name\":\"link\"}}}}]}]}]}],\"name\":\"Forrige\\\/Neste - TOPP\"},{\"type\":\"section\",\"props\":{\"style\":\"default\",\"width\":\"default\",\"vertical_align\":\"middle\",\"title_position\":\"top-left\",\"title_rotation\":\"left\",\"title_breakpoint\":\"xl\",\"image_position\":\"center-center\"},\"children\":[{\"type\":\"row\",\"children\":[{\"type\":\"column\",\"props\":{\"position_sticky_breakpoint\":\"m\",\"image_position\":\"center-center\",\"media_overlay_gradient\":\"\"},\"children\":[{\"type\":\"headline\",\"props\":{\"title_element\":\"h1\",\"content\":\"\n\n<p>Slik kan du lage ditt eget treningsprogram<\\\/p>\",\"text_align\":\"center\"}},{\"type\":\"image\",\"props\":{\"margin\":\"small\",\"image_svg_color\":\"emphasis\",\"image\":\"wp-content\\\/uploads\\\/2023\\\/06\\\/F.v_Runa_Bye_Rodseth_Alf_Kalmar_og_Christine_Heitmann_lop_maraton_under_Trondheim_Maraton_2022_KD_97644_Foto_Marianne_Rohme.jpg\"}},{\"type\":\"text\",\"props\":{\"margin\":\"default\",\"column_breakpoint\":\"m\",\"content\":\"\n\n<p><em><strong>Klar for l\\u00f8p:<\\\/strong> Det gir en st\\u00f8rre trygghet \\u00e5 stille til start i l\\u00f8p n\\u00e5r en vet at en har trent m\\u00e5lbevisst p\\u00e5 forh\\u00e5nd. F.v.: Runa Bye R\\u00f8dseth, Alf Kalmar og Christine Heitmann som l\\u00f8p maraton under Trondheim Maraton 2022. (Foto: Marianne R\\u00f8hme)<\\\/em><\\\/p>\",\"margin_remove_top\":true}}]}]}]},{\"type\":\"section\",\"props\":{\"style\":\"default\",\"width\":\"default\",\"vertical_align\":\"middle\",\"title_position\":\"top-left\",\"title_rotation\":\"left\",\"title_breakpoint\":\"xl\",\"image_position\":\"center-center\",\"padding_remove_top\":true},\"children\":[{\"type\":\"row\",\"props\":{\"layout\":\"2-3,1-3\"},\"children\":[{\"type\":\"column\",\"props\":{\"position_sticky_breakpoint\":\"m\",\"image_position\":\"center-center\",\"media_overlay_gradient\":\"\",\"width_medium\":\"2-3\"},\"children\":[{\"type\":\"text\",\"props\":{\"margin\":\"default\",\"column_breakpoint\":\"m\",\"content\":\"\n\n<p>Tren mot en konkurranse eller sikt deg inn p\\u00e5 en dato for n\\u00e5r du vil l\\u00f8pe en bestemt distanse. Deretter vil Polarprogrammet lage planen for deg.<\\\/p>\\n\n\n<p>Dersom du har en treningsklokke fra Polar, vil treningsprogrammet kunne v\\u00e6re en personlig tilpasset treningsplan basert p\\u00e5 dine individuelle verdier. Treningsplanen tilpasser seg underveis i treningsperioden og l\\u00e6rer av treningsdataene fra trenings\\u00f8ktene dine.<\\\/p>\\n\n\n<p>Du kan lage programmer for alt fra 5-kilometer til maraton.<\\\/p>\\n\n\n<p>Polar sitt treningsprogram er basert p\\u00e5 kondisjonsniv\\u00e5et ditt, og det tar hensyn til din n\\u00e5v\\u00e6rende kondisjon. N\\u00e5r du f\\u00f8lger programmet, tilpasser det seg utviklingen din og gir deg beskjed n\\u00e5r du kan \\u00f8ke innsatsen et hakk, og n\\u00e5r du trenger \\u00e5 roe ned litt.<\\\/p>\\n\n\n<p>Programmet er komplementert med \\u00f8velser for trening av styrke, kjernemuskulatur og bevegelighet. Det inkluderer ogs\\u00e5 en funksjon for \\u00e5 ansl\\u00e5 din sluttid for den valgte distansen.<\\\/p>\\n\n\n<p>I tillegg til l\\u00f8petrening kan du velge \\u00e5 inkludere st\\u00f8tte\\u00f8velser i programmet. De er i videoformat og du kan enkelt gj\\u00f8re dem hjemme. \\u00d8kt styrke, bedre kontroll over kjernemuskulatur og bedre bevegelighet kan utgj\\u00f8re en stor forskjell for l\\u00f8pingen.<\\\/p>\\n\n\n<p>Anslaget er basert p\\u00e5 Running Index-verdien du f\\u00e5r fra hver l\\u00f8pe\\u00f8kt. Anslaget oppdateres etter hvert som du fullf\\u00f8rer flere l\\u00f8pe\\u00f8kter.<\\\/p>\"}}]},{\"type\":\"column\",\"props\":{\"position_sticky_breakpoint\":\"m\",\"image_position\":\"center-center\",\"media_overlay_gradient\":\"\",\"width_medium\":\"1-3\",\"style\":\"muted\",\"padding\":\"small\"},\"children\":[{\"type\":\"headline\",\"props\":{\"title_element\":\"h2\",\"content\":\"\n\n<p>Slik gj\\u00f8r du det<\\\/p>\"}},{\"type\":\"image\",\"props\":{\"margin\":\"default\",\"image_svg_color\":\"emphasis\",\"image\":\"wp-content\\\/uploads\\\/2023\\\/06\\\/treningsprogram-bilde.jpg\"}},{\"type\":\"text\",\"props\":{\"margin\":\"default\",\"column_breakpoint\":\"m\",\"content\":\"\n\n<p>For \\u00e5 kunne lage et l\\u00f8peprogram hos Polar m\\u00e5 du f\\u00f8rst opprette en profil p\\u00e5 Flow.polar.com. Legg inn personlige data slik du blir bedt om, og du er klar til \\u00e5 utforme ditt eget treningsprogram.<\\\/p>\\n\n\n<ul>\\n\n\n<li>Logg inn p\\u00e5 Flow.polar.com<\\\/li>\\n\n\n<li>Velg \\u00abProgrammer\\u00bb fra menyen<\\\/li>\\n\n\n<li>Velg hvilken distanse du skal l\\u00f8pe, n\\u00e5r du \\u00f8nsker at programmet skal starte og n\\u00e5r konkurransedagen er<\\\/li>\\n\n\n<li>N\\u00e5r du er ferdig kan du trykke p\\u00e5 \\u00abStart program\\u00bb<\\\/li>\\n<\\\/ul>\"}}]}]}]},{\"type\":\"section\",\"props\":{\"style\":\"default\",\"width\":\"default\",\"vertical_align\":\"middle\",\"title_position\":\"top-left\",\"title_rotation\":\"left\",\"title_breakpoint\":\"xl\",\"image_position\":\"center-center\",\"padding\":\"large\",\"padding_remove_top\":false},\"children\":[{\"type\":\"row\",\"props\":{\"layout\":\"1-2,1-2\"},\"children\":[{\"type\":\"column\",\"props\":{\"position_sticky_breakpoint\":\"m\",\"image_position\":\"center-center\",\"media_overlay_gradient\":\"\",\"width_medium\":\"1-2\"},\"children\":[{\"type\":\"button\",\"props\":{\"grid_column_gap\":\"small\",\"grid_row_gap\":\"small\",\"margin\":\"default\",\"position\":\"absolute\"},\"children\":[{\"type\":\"button_item\",\"props\":{\"button_style\":\"danger\",\"icon_align\":\"left\",\"content\":\"Forrige\"},\"source\":{\"query\":{\"name\":\"pages.singleNextPage\"},\"props\":{\"link\":{\"filters\":{\"search\":\"\"},\"name\":\"link\"}}}}]}]},{\"type\":\"column\",\"props\":{\"position_sticky_breakpoint\":\"m\",\"image_position\":\"center-center\",\"media_overlay_gradient\":\"\",\"width_medium\":\"1-2\"},\"children\":[{\"type\":\"button\",\"props\":{\"grid_column_gap\":\"small\",\"grid_row_gap\":\"small\",\"margin\":\"default\",\"text_align\":\"right\",\"position\":\"absolute\"},\"children\":[{\"type\":\"button_item\",\"props\":{\"button_style\":\"danger\",\"icon_align\":\"left\",\"content\":\"Neste\"},\"source\":{\"query\":{\"name\":\"pages.singlePreviousPage\"},\"props\":{\"link\":{\"filters\":{\"search\":\"\"},\"name\":\"link\"}}}}]}]}]}],\"name\":\"Forrige\\\/Neste - BUNN\"}],\"version\":\"2.7.22\"} --><\/p>\n","protected":false},"excerpt":{"rendered":"<p>Forrige Neste Slik kan du lage ditt eget treningsprogram Klar for l\u00f8p: Det gir en st\u00f8rre trygghet \u00e5 stille til start i l\u00f8p n\u00e5r en vet at en har trent m\u00e5lbevisst p\u00e5 forh\u00e5nd. F.v.: Runa Bye R\u00f8dseth, Alf Kalmar og Christine Heitmann som l\u00f8p maraton under Trondheim Maraton 2022. (Foto: Marianne R\u00f8hme) Tren mot en [&hellip;]<\/p>\n","protected":false},"author":1,"featured_media":0,"parent":0,"menu_order":13,"comment_status":"closed","ping_status":"closed","template":"","meta":{"footnotes":""},"class_list":["post-5689","page","type-page","status-publish","hentry"],"acf":[],"_links":{"self":[{"href":"https:\/\/tm2023.mittmagasin.online\/index.php?rest_route=\/wp\/v2\/pages\/5689","targetHints":{"allow":["GET"]}}],"collection":[{"href":"https:\/\/tm2023.mittmagasin.online\/index.php?rest_route=\/wp\/v2\/pages"}],"about":[{"href":"https:\/\/tm2023.mittmagasin.online\/index.php?rest_route=\/wp\/v2\/types\/page"}],"author":[{"embeddable":true,"href":"https:\/\/tm2023.mittmagasin.online\/index.php?rest_route=\/wp\/v2\/users\/1"}],"replies":[{"embeddable":true,"href":"https:\/\/tm2023.mittmagasin.online\/index.php?rest_route=%2Fwp%2Fv2%2Fcomments&post=5689"}],"version-history":[{"count":15,"href":"https:\/\/tm2023.mittmagasin.online\/index.php?rest_route=\/wp\/v2\/pages\/5689\/revisions"}],"predecessor-version":[{"id":6011,"href":"https:\/\/tm2023.mittmagasin.online\/index.php?rest_route=\/wp\/v2\/pages\/5689\/revisions\/6011"}],"wp:attachment":[{"href":"https:\/\/tm2023.mittmagasin.online\/index.php?rest_route=%2Fwp%2Fv2%2Fmedia&parent=5689"}],"curies":[{"name":"wp","href":"https:\/\/api.w.org\/{rel}","templated":true}]}}