{"id":5587,"date":"2023-06-27T12:30:09","date_gmt":"2023-06-27T12:30:09","guid":{"rendered":"https:\/\/tm2023.mittmagasin.online\/?page_id=5587"},"modified":"2023-06-29T20:08:31","modified_gmt":"2023-06-29T20:08:31","slug":"smastoff-2","status":"publish","type":"page","link":"https:\/\/tm2023.mittmagasin.online\/?page_id=5587","title":{"rendered":"Sm\u00e5stoff"},"content":{"rendered":"<p>\n    <a href=\"\">Forrige<\/a>\n<\/p>\n<p>\n    <a href=\"\">Neste<\/a>\n<\/p>\n<h1>Sm\u00e5stoff<\/h1>\n<h1>\n<p>Studentene lover mye moro p\u00e5 l\u00f8psdagen<\/p>\n<\/h1>\n<p><img decoding=\"async\" src=\"\/wp-content\/uploads\/2023\/06\/diggc1203_cropped.jpg\" alt=\"\"><\/p>\n<div>\n<p><em><strong>Livat:<\/strong> Det vil bli mye show og moro fra studentene under Trondheim Maraton b\u00e5de i og rundt l\u00f8ypa. (Foto: Samfundet.no)<\/em><\/p>\n<\/div>\n<div>\n<p><strong>MYE HEMMELIG:<\/strong> Programmet er ikke helt spikret enn\u00e5, men UKE-sjef Kari Johanne S\u00f8rensen B\u00f8ckman lover at de skal bidra p\u00e5 mange m\u00e5ter p\u00e5 selve l\u00f8psdagen. Hun vil ikke r\u00f8pe detaljene.<\/p>\n<p>\u2013 Dette skal v\u00e6re overraskende, og vi \u00f8nsker ikke \u00e5 r\u00f8pe alt p\u00e5 forh\u00e5nd, sier hun.<\/p>\n<p>Det er rundt 50 studenter som er p\u00e5meldt allerede n\u00e5. De fleste p\u00e5 halvmaraton.<\/p>\n<p>\u2013 Vi regner med at det vil bli mange flere n\u00e5r det n\u00e6rmer seg l\u00f8psdagen. I tillegg til \u00e5 v\u00e6re deltakere, vil vi ogs\u00e5 heie og underholde underveis, sier hun og legger til at de ogs\u00e5 vil pr\u00f8ve seg p\u00e5 et verdensrekordfors\u00f8k, men hva det er, vil hun ikke r\u00f8pe enn\u00e5.<\/p>\n<p>\u2013 Det er bare \u00e5 m\u00f8te opp s\u00e5 f\u00e5r dere se, ler hun.<\/p>\n<\/div>\n<h1>\n<p>Visste du at: Det er rundt 37\u00a0000 studenter i Trondheim<\/p>\n<\/h1>\n<h1>\n<p>Viktig med oppmerksomhet rundt organdonasjon<\/p>\n<\/h1>\n<p><img decoding=\"async\" src=\"\/wp-content\/uploads\/2023\/06\/20220916_3_for_alle_0018_alle.jpg\" alt=\"\"><\/p>\n<div>\n<p><em><strong>L\u00f8per for stiftelsen:<\/strong> F.v.: Tehmina Dar, Marit Haughdal, Kari Anne Pedersen, David Toms og Ann-Karin Gjertsen l\u00f8per gjerne for Stiftelsen Organdonasjon i sine gr\u00f8nne T-skjorter. (Foto: Cathrine Kildal)<\/em><\/p>\n<\/div>\n<div>\n<p><strong>GR\u00d8NNE T-SKJORTER:<\/strong> Jo flere som l\u00f8per Trondheim Maraton i Stiftelsen Organdonasjon sine gr\u00f8nne T-skjorter, jo mer oppmerksomhet f\u00e5r stiftelsen, og sjansen for at flere melder seg som organdonorer tiltar.<\/p>\n<p>\u2013 Vi h\u00e5per at mange skal melde seg p\u00e5 Trondheim Maraton gjennom oss. Da st\u00f8tter de en god sak \u00f8konomisk samtidig som vi f\u00e5r \u00f8kt profilering i l\u00f8pet, sier Thomas Louis Aasen som er prosjektleder i Stiftelsen Organdonasjon og legger til at de setter stor pris p\u00e5 samarbeidet med Trondheim Maraton.<\/p>\n<p>\u2013 Trondheim Maraton er for oss en engasjert og flott samarbeidspartner som sprer b\u00e5de l\u00f8psglede og samfunnsengasjement om hverandre. Slike samarbeid hjelper oss mye i \u00e5 n\u00e5 ut til den norske befolkningen om viktigheten av at vi alle tar stilling til organdonasjon mens vi fortsatt lever. Vi er sv\u00e6rt takknemlige for at vi for tredje \u00e5ret p\u00e5 rad er med som veldedig samarbeidspartner, sier han.<\/p>\n<\/div>\n<h1>\n<p>Thon Hotels vil gjerne samarbeide med Trondheim Maraton<\/p>\n<\/h1>\n<p><img decoding=\"async\" src=\"\/wp-content\/uploads\/2023\/06\/IMG_559711.jpg\" alt=\"\"><\/p>\n<div>\n<p><em><strong>Aktiv:<\/strong> Thon Hotels er opptatt av \u00e5 st\u00f8tte idretten. Direkt\u00f8r Morten Vines ved Thon Hotel Nidaros er selv en aktiv mann. Her avfotografert under Trondheim Skogsmaraton. (Foto: Tone Vines)<\/em><\/p>\n<\/div>\n<div>\n<p><strong>VIL HA MED ALLE:<\/strong> Trondheim Maraton har som m\u00e5l \u00e5 v\u00e6re et arrangement for alle, b\u00e5de de som vil l\u00f8pe fort, og de som melder seg p\u00e5 for \u00e5 g\u00e5 5-kilometeren.<\/p>\n<p>Det er som musikk i \u00f8rene til ledelsen i Olav Thon Gruppen.<\/p>\n<p>\u2013 Olav Thon Gruppen har st\u00f8ttet idretten i en \u00e5rrekke. Vi \u00f8nsker at alle skal ha et godt sportslig tilbud. Vi har st\u00f8ttet toppserien i kvinnefotball, og vi har et n\u00e6rt samarbeid med friidrettsforbundet, men det er ikke bare eliten vi er opptatt av, sier direkt\u00f8r Morten Vines i Thon Hotel Nidaros og legger til at det viktigste er \u00e5 spre idrettsglede. \u00a0<\/p>\n<p>\u2013 Arrang\u00f8ren bak Trondheim Maraton er flink til nettopp dette med \u00e5 spre idrettsglede, og de har treningsgrupper som er gratis og \u00e5pne for alle. Her kan folk b\u00e5de komme i form og f\u00e5 nye venner innen idretten. Det synes vi det er viktig for oss \u00e5 v\u00e6re med p\u00e5, sier han.<\/p>\n<p>I tillegg legger Morten vekt p\u00e5 at alt de driver med, skal ha b\u00e6rekraft.<\/p>\n<p>\u2013 Det at Trondheim Maraton ogs\u00e5 deler denne verdien med oss, synes vi er utrolig fint, sier han og vil \u00f8nske alle deltakerne en fantastisk dag f\u00f8rste l\u00f8rdag i september.<\/p>\n<\/div>\n<hr>\n<h1>\n<p>334 personer l\u00f8p maraton under Trondheim Maraton i 2022<\/p>\n<\/h1>\n<p>\n    <a href=\"\">Forrige<\/a>\n<\/p>\n<p>\n    <a href=\"\">Neste<\/a>\n<\/p>\n<p><!--more--><br \/>\n<!-- {\"name\":\"Sm\\u00e5stoff\",\"type\":\"layout\",\"children\":[{\"type\":\"section\",\"props\":{\"style\":\"default\",\"width\":\"default\",\"vertical_align\":\"middle\",\"title_position\":\"top-left\",\"title_rotation\":\"left\",\"title_breakpoint\":\"xl\",\"image_position\":\"center-center\",\"padding\":\"xsmall\",\"padding_remove_top\":false},\"children\":[{\"type\":\"row\",\"props\":{\"layout\":\"1-2,1-2\"},\"children\":[{\"type\":\"column\",\"props\":{\"position_sticky_breakpoint\":\"m\",\"image_position\":\"center-center\",\"media_overlay_gradient\":\"\",\"width_medium\":\"1-2\"},\"children\":[{\"type\":\"button\",\"props\":{\"grid_column_gap\":\"small\",\"grid_row_gap\":\"small\",\"margin\":\"default\",\"position\":\"absolute\"},\"children\":[{\"type\":\"button_item\",\"props\":{\"button_style\":\"danger\",\"icon_align\":\"left\",\"content\":\"Forrige\"},\"source\":{\"query\":{\"name\":\"pages.singleNextPage\"},\"props\":{\"link\":{\"filters\":{\"search\":\"\"},\"name\":\"link\"}}}}]}]},{\"type\":\"column\",\"props\":{\"position_sticky_breakpoint\":\"m\",\"image_position\":\"center-center\",\"media_overlay_gradient\":\"\",\"width_medium\":\"1-2\"},\"children\":[{\"type\":\"button\",\"props\":{\"grid_column_gap\":\"small\",\"grid_row_gap\":\"small\",\"margin\":\"default\",\"text_align\":\"right\",\"position\":\"absolute\"},\"children\":[{\"type\":\"button_item\",\"props\":{\"button_style\":\"danger\",\"icon_align\":\"left\",\"content\":\"Neste\"},\"source\":{\"query\":{\"name\":\"pages.singlePreviousPage\"},\"props\":{\"link\":{\"filters\":{\"search\":\"\"},\"name\":\"link\"}}}}]}]}]}],\"name\":\"Forrige\\\/Neste - TOPP\"},{\"type\":\"section\",\"props\":{\"style\":\"default\",\"width\":\"default\",\"vertical_align\":\"middle\",\"title_position\":\"top-left\",\"title_rotation\":\"left\",\"title_breakpoint\":\"xl\",\"image_position\":\"center-center\",\"padding\":\"small\"},\"children\":[{\"type\":\"row\",\"children\":[{\"type\":\"column\",\"props\":{\"position_sticky_breakpoint\":\"m\",\"image_position\":\"center-center\",\"media_overlay_gradient\":\"\"},\"children\":[{\"type\":\"headline\",\"props\":{\"title_element\":\"h1\",\"content\":\"Sm\\u00e5stoff\",\"title_color\":\"primary\",\"title_style\":\"h2\",\"text_align\":\"center\"}}]}]}]},{\"type\":\"section\",\"props\":{\"style\":\"default\",\"width\":\"default\",\"vertical_align\":\"middle\",\"title_position\":\"top-left\",\"title_rotation\":\"left\",\"title_breakpoint\":\"xl\",\"image_position\":\"center-center\",\"padding\":\"small\",\"padding_remove_top\":true},\"children\":[{\"type\":\"row\",\"children\":[{\"type\":\"column\",\"props\":{\"position_sticky_breakpoint\":\"m\",\"image_position\":\"center-center\",\"media_overlay_gradient\":\"\",\"width_medium\":\"\"},\"children\":[{\"type\":\"headline\",\"props\":{\"title_element\":\"h1\",\"content\":\"\n\n<p>Studentene lover mye moro p\\u00e5 l\\u00f8psdagen<\\\/p>\",\"text_align\":\"center\"}},{\"type\":\"image\",\"props\":{\"margin\":\"default\",\"image_svg_color\":\"emphasis\",\"image\":\"wp-content\\\/uploads\\\/2023\\\/06\\\/diggc1203_cropped.jpg\",\"margin_remove_bottom\":false}},{\"type\":\"text\",\"props\":{\"margin\":\"default\",\"column_breakpoint\":\"m\",\"content\":\"\n\n<p><em><strong>Livat:<\\\/strong> Det vil bli mye show og moro fra studentene under Trondheim Maraton b\\u00e5de i og rundt l\\u00f8ypa. (Foto: Samfundet.no)<\\\/em><\\\/p>\",\"margin_remove_top\":false,\"margin_remove_bottom\":false}},{\"type\":\"text\",\"props\":{\"margin\":\"default\",\"column_breakpoint\":\"m\",\"content\":\"\n\n<p><strong>MYE HEMMELIG:<\\\/strong> Programmet er ikke helt spikret enn\\u00e5, men UKE-sjef Kari Johanne S\\u00f8rensen B\\u00f8ckman lover at de skal bidra p\\u00e5 mange m\\u00e5ter p\\u00e5 selve l\\u00f8psdagen. Hun vil ikke r\\u00f8pe detaljene.<\\\/p>\\n\n\n<p>\\u2013 Dette skal v\\u00e6re overraskende, og vi \\u00f8nsker ikke \\u00e5 r\\u00f8pe alt p\\u00e5 forh\\u00e5nd, sier hun.<\\\/p>\\n\n\n<p>Det er rundt 50 studenter som er p\\u00e5meldt allerede n\\u00e5. De fleste p\\u00e5 halvmaraton.<\\\/p>\\n\n\n<p>\\u2013 Vi regner med at det vil bli mange flere n\\u00e5r det n\\u00e6rmer seg l\\u00f8psdagen. I tillegg til \\u00e5 v\\u00e6re deltakere, vil vi ogs\\u00e5 heie og underholde underveis, sier hun og legger til at de ogs\\u00e5 vil pr\\u00f8ve seg p\\u00e5 et verdensrekordfors\\u00f8k, men hva det er, vil hun ikke r\\u00f8pe enn\\u00e5.<\\\/p>\\n\n\n<p>\\u2013 Det er bare \\u00e5 m\\u00f8te opp s\\u00e5 f\\u00e5r dere se, ler hun.<\\\/p>\"}}]}]}]},{\"type\":\"section\",\"props\":{\"style\":\"primary\",\"width\":\"default\",\"vertical_align\":\"middle\",\"title_position\":\"top-left\",\"title_rotation\":\"left\",\"title_breakpoint\":\"xl\",\"image_position\":\"center-center\",\"padding\":\"small\"},\"children\":[{\"type\":\"row\",\"children\":[{\"type\":\"column\",\"props\":{\"position_sticky_breakpoint\":\"m\",\"image_position\":\"center-center\",\"media_overlay_gradient\":\"\"},\"children\":[{\"type\":\"headline\",\"props\":{\"title_element\":\"h1\",\"content\":\"\n\n<p>Visste du at: Det er rundt 37\\u00a0000 studenter i Trondheim<\\\/p>\",\"title_style\":\"h2\",\"margin\":\"small\",\"margin_remove_top\":false}}]}]}]},{\"type\":\"section\",\"props\":{\"style\":\"default\",\"width\":\"default\",\"vertical_align\":\"middle\",\"title_position\":\"top-left\",\"title_rotation\":\"left\",\"title_breakpoint\":\"xl\",\"image_position\":\"center-center\",\"padding\":\"small\",\"padding_remove_top\":false},\"children\":[{\"type\":\"row\",\"children\":[{\"type\":\"column\",\"props\":{\"position_sticky_breakpoint\":\"m\",\"image_position\":\"center-center\",\"media_overlay_gradient\":\"\",\"width_medium\":\"2-3\"},\"children\":[{\"type\":\"headline\",\"props\":{\"title_element\":\"h1\",\"content\":\"\n\n<p>Viktig med oppmerksomhet rundt organdonasjon<\\\/p>\",\"text_align\":\"center\"}},{\"type\":\"image\",\"props\":{\"margin\":\"default\",\"image_svg_color\":\"emphasis\",\"image\":\"wp-content\\\/uploads\\\/2023\\\/06\\\/20220916_3_for_alle_0018_alle.jpg\",\"margin_remove_bottom\":false}},{\"type\":\"text\",\"props\":{\"margin\":\"default\",\"column_breakpoint\":\"m\",\"content\":\"\n\n<p><em><strong>L\\u00f8per for stiftelsen:<\\\/strong> F.v.: Tehmina Dar, Marit Haughdal, Kari Anne Pedersen, David Toms og Ann-Karin Gjertsen l\\u00f8per gjerne for Stiftelsen Organdonasjon i sine gr\\u00f8nne T-skjorter. (Foto: Cathrine Kildal)<\\\/em><\\\/p>\",\"margin_remove_top\":false,\"margin_remove_bottom\":false}},{\"type\":\"text\",\"props\":{\"margin\":\"default\",\"column_breakpoint\":\"m\",\"content\":\"\n\n<p><strong>GR\\u00d8NNE T-SKJORTER:<\\\/strong> Jo flere som l\\u00f8per Trondheim Maraton i Stiftelsen Organdonasjon sine gr\\u00f8nne T-skjorter, jo mer oppmerksomhet f\\u00e5r stiftelsen, og sjansen for at flere melder seg som organdonorer tiltar.<\\\/p>\\n\n\n<p>\\u2013 Vi h\\u00e5per at mange skal melde seg p\\u00e5 Trondheim Maraton gjennom oss. Da st\\u00f8tter de en god sak \\u00f8konomisk samtidig som vi f\\u00e5r \\u00f8kt profilering i l\\u00f8pet, sier Thomas Louis Aasen som er prosjektleder i Stiftelsen Organdonasjon og legger til at de setter stor pris p\\u00e5 samarbeidet med Trondheim Maraton.<\\\/p>\\n\n\n<p>\\u2013 Trondheim Maraton er for oss en engasjert og flott samarbeidspartner som sprer b\\u00e5de l\\u00f8psglede og samfunnsengasjement om hverandre. Slike samarbeid hjelper oss mye i \\u00e5 n\\u00e5 ut til den norske befolkningen om viktigheten av at vi alle tar stilling til organdonasjon mens vi fortsatt lever. Vi er sv\\u00e6rt takknemlige for at vi for tredje \\u00e5ret p\\u00e5 rad er med som veldedig samarbeidspartner, sier han.<\\\/p>\"}}]},{\"type\":\"column\",\"props\":{\"position_sticky_breakpoint\":\"m\",\"image_position\":\"center-center\",\"media_overlay_gradient\":\"\",\"width_medium\":\"1-3\",\"style\":\"muted\"},\"children\":[{\"type\":\"headline\",\"props\":{\"title_element\":\"h1\",\"content\":\"\n\n<p>Thon Hotels vil gjerne samarbeide med Trondheim Maraton<\\\/p>\",\"title_style\":\"h2\"}},{\"type\":\"image\",\"props\":{\"margin\":\"default\",\"image_svg_color\":\"emphasis\",\"image\":\"wp-content\\\/uploads\\\/2023\\\/06\\\/IMG_559711.jpg\"}},{\"type\":\"text\",\"props\":{\"margin\":\"default\",\"column_breakpoint\":\"m\",\"content\":\"\n\n<p><em><strong>Aktiv:<\\\/strong> Thon Hotels er opptatt av \\u00e5 st\\u00f8tte idretten. Direkt\\u00f8r Morten Vines ved Thon Hotel Nidaros er selv en aktiv mann. Her avfotografert under Trondheim Skogsmaraton. (Foto: Tone Vines)<\\\/em><\\\/p>\"}},{\"type\":\"text\",\"props\":{\"margin\":\"default\",\"column_breakpoint\":\"m\",\"content\":\"\n\n<p><strong>VIL HA MED ALLE:<\\\/strong> Trondheim Maraton har som m\\u00e5l \\u00e5 v\\u00e6re et arrangement for alle, b\\u00e5de de som vil l\\u00f8pe fort, og de som melder seg p\\u00e5 for \\u00e5 g\\u00e5 5-kilometeren.<\\\/p>\\n\n\n<p>Det er som musikk i \\u00f8rene til ledelsen i Olav Thon Gruppen.<\\\/p>\\n\n\n<p>\\u2013 Olav Thon Gruppen har st\\u00f8ttet idretten i en \\u00e5rrekke. Vi \\u00f8nsker at alle skal ha et godt sportslig tilbud. Vi har st\\u00f8ttet toppserien i kvinnefotball, og vi har et n\\u00e6rt samarbeid med friidrettsforbundet, men det er ikke bare eliten vi er opptatt av, sier direkt\\u00f8r Morten Vines i Thon Hotel Nidaros og legger til at det viktigste er \\u00e5 spre idrettsglede. \\u00a0<\\\/p>\\n\n\n<p>\\u2013 Arrang\\u00f8ren bak Trondheim Maraton er flink til nettopp dette med \\u00e5 spre idrettsglede, og de har treningsgrupper som er gratis og \\u00e5pne for alle. Her kan folk b\\u00e5de komme i form og f\\u00e5 nye venner innen idretten. Det synes vi det er viktig for oss \\u00e5 v\\u00e6re med p\\u00e5, sier han.<\\\/p>\\n\n\n<p>I tillegg legger Morten vekt p\\u00e5 at alt de driver med, skal ha b\\u00e6rekraft.<\\\/p>\\n\n\n<p>\\u2013 Det at Trondheim Maraton ogs\\u00e5 deler denne verdien med oss, synes vi er utrolig fint, sier han og vil \\u00f8nske alle deltakerne en fantastisk dag f\\u00f8rste l\\u00f8rdag i september.<\\\/p>\"}},{\"type\":\"divider\",\"props\":{\"divider_element\":\"hr\"}}]}],\"props\":{\"layout\":\"2-3,1-3\"}}]},{\"type\":\"section\",\"props\":{\"style\":\"primary\",\"width\":\"default\",\"vertical_align\":\"middle\",\"title_position\":\"top-left\",\"title_rotation\":\"left\",\"title_breakpoint\":\"xl\",\"image_position\":\"center-center\",\"padding\":\"small\"},\"children\":[{\"type\":\"row\",\"children\":[{\"type\":\"column\",\"props\":{\"position_sticky_breakpoint\":\"m\",\"image_position\":\"center-center\",\"media_overlay_gradient\":\"\"},\"children\":[{\"type\":\"headline\",\"props\":{\"title_element\":\"h1\",\"content\":\"\n\n<p>334 personer l\\u00f8p maraton under Trondheim Maraton i 2022<\\\/p>\",\"title_style\":\"h2\",\"margin\":\"small\",\"margin_remove_top\":false}}]}]}]},{\"type\":\"section\",\"props\":{\"style\":\"default\",\"width\":\"default\",\"vertical_align\":\"middle\",\"title_position\":\"top-left\",\"title_rotation\":\"left\",\"title_breakpoint\":\"xl\",\"image_position\":\"center-center\",\"padding\":\"large\",\"padding_remove_top\":false},\"children\":[{\"type\":\"row\",\"props\":{\"layout\":\"1-2,1-2\"},\"children\":[{\"type\":\"column\",\"props\":{\"position_sticky_breakpoint\":\"m\",\"image_position\":\"center-center\",\"media_overlay_gradient\":\"\",\"width_medium\":\"1-2\"},\"children\":[{\"type\":\"button\",\"props\":{\"grid_column_gap\":\"small\",\"grid_row_gap\":\"small\",\"margin\":\"default\",\"position\":\"absolute\"},\"children\":[{\"type\":\"button_item\",\"props\":{\"button_style\":\"danger\",\"icon_align\":\"left\",\"content\":\"Forrige\"},\"source\":{\"query\":{\"name\":\"pages.singleNextPage\"},\"props\":{\"link\":{\"filters\":{\"search\":\"\"},\"name\":\"link\"}}}}]}]},{\"type\":\"column\",\"props\":{\"position_sticky_breakpoint\":\"m\",\"image_position\":\"center-center\",\"media_overlay_gradient\":\"\",\"width_medium\":\"1-2\"},\"children\":[{\"type\":\"button\",\"props\":{\"grid_column_gap\":\"small\",\"grid_row_gap\":\"small\",\"margin\":\"default\",\"text_align\":\"right\",\"position\":\"absolute\"},\"children\":[{\"type\":\"button_item\",\"props\":{\"button_style\":\"danger\",\"icon_align\":\"left\",\"content\":\"Neste\"},\"source\":{\"query\":{\"name\":\"pages.singlePreviousPage\"},\"props\":{\"link\":{\"filters\":{\"search\":\"\"},\"name\":\"link\"}}}}]}]}]}],\"name\":\"Forrige\\\/Neste - BUNN\"}],\"version\":\"2.7.22\"} --><\/p>\n","protected":false},"excerpt":{"rendered":"<p>Forrige Neste Sm\u00e5stoff Studentene lover mye moro p\u00e5 l\u00f8psdagen Livat: Det vil bli mye show og moro fra studentene under Trondheim Maraton b\u00e5de i og rundt l\u00f8ypa. (Foto: Samfundet.no) MYE HEMMELIG: Programmet er ikke helt spikret enn\u00e5, men UKE-sjef Kari Johanne S\u00f8rensen B\u00f8ckman lover at de skal bidra p\u00e5 mange m\u00e5ter p\u00e5 selve l\u00f8psdagen. Hun [&hellip;]<\/p>\n","protected":false},"author":1,"featured_media":0,"parent":0,"menu_order":7,"comment_status":"closed","ping_status":"closed","template":"","meta":{"footnotes":""},"class_list":["post-5587","page","type-page","status-publish","hentry"],"acf":[],"_links":{"self":[{"href":"https:\/\/tm2023.mittmagasin.online\/index.php?rest_route=\/wp\/v2\/pages\/5587","targetHints":{"allow":["GET"]}}],"collection":[{"href":"https:\/\/tm2023.mittmagasin.online\/index.php?rest_route=\/wp\/v2\/pages"}],"about":[{"href":"https:\/\/tm2023.mittmagasin.online\/index.php?rest_route=\/wp\/v2\/types\/page"}],"author":[{"embeddable":true,"href":"https:\/\/tm2023.mittmagasin.online\/index.php?rest_route=\/wp\/v2\/users\/1"}],"replies":[{"embeddable":true,"href":"https:\/\/tm2023.mittmagasin.online\/index.php?rest_route=%2Fwp%2Fv2%2Fcomments&post=5587"}],"version-history":[{"count":20,"href":"https:\/\/tm2023.mittmagasin.online\/index.php?rest_route=\/wp\/v2\/pages\/5587\/revisions"}],"predecessor-version":[{"id":6008,"href":"https:\/\/tm2023.mittmagasin.online\/index.php?rest_route=\/wp\/v2\/pages\/5587\/revisions\/6008"}],"wp:attachment":[{"href":"https:\/\/tm2023.mittmagasin.online\/index.php?rest_route=%2Fwp%2Fv2%2Fmedia&parent=5587"}],"curies":[{"name":"wp","href":"https:\/\/api.w.org\/{rel}","templated":true}]}}