{"id":4681,"date":"2022-06-27T09:41:14","date_gmt":"2022-06-27T09:41:14","guid":{"rendered":"https:\/\/tm2023.mittmagasin.online\/?page_id=4681"},"modified":"2023-06-29T20:08:31","modified_gmt":"2023-06-29T20:08:31","slug":"smastoff","status":"publish","type":"page","link":"https:\/\/tm2023.mittmagasin.online\/?page_id=4681","title":{"rendered":"Sm\u00e5stoff"},"content":{"rendered":"<p>\n    <a href=\"\">Forrige<\/a>\n<\/p>\n<p>\n    <a href=\"\">Neste<\/a>\n<\/p>\n<h1>Sm\u00e5stoff<\/h1>\n<h1>\n<p>\u00c5 v\u00e6re fysisk aktiv gir h\u00f8yere smertetoleranse<\/p>\n<\/h1>\n<p><img decoding=\"async\" src=\"\/wp-content\/uploads\/2023\/06\/smerte.jpg\" alt=\"\"><\/p>\n<div>\n<p><em><strong>Erfaring med smerte: <\/strong>\u2013 Ved \u00e5 trene f\u00e5r man erfaring med \u00e5 f\u00f8le ubehag i en ufarlig og lystbetont setting, sier forsker Anders \u00c5rnes. Foto: UiT\/J\u00f8rn Berger-Nyvoll<\/em><\/p>\n<\/div>\n<div>\n<p><strong>MANGE DELTAKERE:<\/strong> De ferske forskningsresultatene fra UiT viser at blant mer enn 10\u00a0000 voksne personer, hadde de som var fysisk aktive h\u00f8yere smertetoleranse enn de som var stillesittende, og de med h\u00f8yere aktivitetsniv\u00e5 hadde h\u00f8yere smertetoleranse.<\/p>\n<p>\u2013 Du m\u00e5 ikke v\u00e6re toppidrettsut\u00f8ver for \u00e5 ha effekt av \u00e5 v\u00e6re aktiv, men enhver \u00f8kning i aktivitetsniv\u00e5et later til \u00e5 henge sammen med mindre smerte og mer smertetoleranse, sier doktorgradsstudent Anders \u00c5rnes fra UiT, som sammen med kolleger st\u00e5r bak studien.<\/p>\n<p>For \u00e5 finne ut sammenhengen mellom fysisk aktivitet og smertetoleranse m\u00e5tte deltakerne senke h\u00e5nden i iskaldt vann som var p\u00e5 tre grader celsius. De rapportere selv deres fysiske aktivitetsniv\u00e5.<\/p>\n<\/div>\n<h1>\n<p>Plasteriet lager medaljene av resirkulert plast til barnel\u00f8pet<\/p>\n<\/h1>\n<p><img decoding=\"async\" src=\"\/wp-content\/uploads\/2023\/06\/medaljer.jpg\" alt=\"\"><\/p>\n<div>\n<p><em><strong>Milj\u00f8tiltak:<\/strong> Ogs\u00e5 i \u00e5r er det bedriften Plasteriet i Trondheim som har f\u00e5tt i oppdrag \u00e5 lage medaljene til barnel\u00f8pet. Materialet er 100 prosent resirkulert plast. (Foto: Plasteriet)<\/em><\/p>\n<\/div>\n<div>\n<p><strong>OMFATTENDE:<\/strong> Hele 1000 medaljer skal produseres av Trondheimsbedriften Plateriet.<\/p>\n<p>\u2013 Det er viktig for oss \u00e5 satse p\u00e5 de som skal overta kloden. Det gj\u00f8r vi ved \u00e5 legge til rette for at barna f\u00e5r info p\u00e5 alle arenaer. Vi \u00f8nsker \u00e5 v\u00e6re med \u00e5 p\u00e5virke dem i en positiv retning mot en b\u00e6rekraftig framtid. Derfor var det medaljene til barn som ble prioritert i f\u00f8rste omgang, sier Morten Rasch Eliassen som er prosjektleder for Trondheim Maraton.<\/p>\n<\/div>\n<hr>\n<h1>\n<p>Visste du at: Rockheim er det nasjonale museet for popul\u00e6rmusikk og skal samle inn, ta vare p\u00e5 og videreformidle norsk popul\u00e6rmusikk fra 1950-tallet og frem til i dag. L\u00f8ypa g\u00e5r forbi Rockheim nede ved Bratt\u00f8rkaia.<\/p>\n<\/h1>\n<h1>\n<p>AktiVM blir med p\u00e5 Trondheim Maraton<\/p>\n<\/h1>\n<p><img decoding=\"async\" src=\"\/wp-content\/uploads\/2023\/06\/Hilde-med-bamse.jpg\" alt=\"\"><\/p>\n<div>\n<p><em><strong>AktiVM: <\/strong>Hilde Martinsen og Bedriftsidretten Midt-Norge er prosjektleder for AktiVM med ansvar for planlegging og gjennomf\u00f8ring av alle fysiske og sosiale aktiviteter. Her avfotografert sammen med en bamse p\u00e5 et barnearrangement i samarbeid med Trondhjems turistforening. (Foto: Privat)<\/em><\/p>\n<\/div>\n<div>\n<p><strong>TO HATTER:<\/strong> Bedriftsidretten Midt-Norge er engasjert b\u00e5de med Trondheim Maraton og AktiVM. Det gj\u00f8r Trondheim Maraton til en enda viktigere bidragsyter til folkehelsa enn ved kun \u00e5 arrangere et l\u00f8p f\u00f8rste helga i september.<\/p>\n<p>\u2013 Vi h\u00e5per \u00e5 kunne v\u00e6re med \u00e5 gi varige endringer som fremmer folkehelse og aktivitetsglede, sier Hilde.<\/p>\n<\/div>\n<h1>\n<p>Mange l\u00f8per for barnekreftforeningen<\/p>\n<\/h1>\n<p><img decoding=\"async\" src=\"\/wp-content\/uploads\/2023\/06\/Ida.jpg\" alt=\"\"><\/p>\n<div>\n<p><em><strong>Setter pris p\u00e5: <\/strong>Ida Kiel er sv\u00e6rt takknemlig for alle dem som velger \u00e5 l\u00f8pe for barnekreftforeningen i Trondheim Maraton. (Foto: Privat)<\/em><\/p>\n<\/div>\n<div>\n<p><strong>TIL NYTTE:<\/strong> N\u00e5r noen velger \u00e5 melde seg p\u00e5 Trondheim Maraton gjennom Barnekreftforeningen, gir dette \u00f8kte inntekter til foreningen. Disse kommer sv\u00e6rt godt med.<\/p>\n<p>\u2013 Pengene vi samler inn, g\u00e5r til mange ulike arrangementer og opplevelser for familier som er rammet. Deler av midlene brukes ogs\u00e5 til forskning, trivselssykepleier p\u00e5 sykehuset, tilrettelegging for familie og s\u00f8sken til det syke barnet, ulike st\u00f8tteordninger og mye, mye mer, forteller Ida Kiel.<\/p>\n<p>Barnekreftforeningen er en frivillig organisasjon som drives av familier som har eller har hatt barn med kreft. P\u00e5 l\u00f8psdagen vil de ha stand med ulike aktiviteter i tilknytning til arrangementet.<\/p>\n<p>\u2013 Vi h\u00e5per mange, b\u00e5de barn og unge, kommer innom, sier hun.<\/p>\n<\/div>\n<p>\n    <a href=\"\">Forrige<\/a>\n<\/p>\n<p>\n    <a href=\"\">Neste<\/a>\n<\/p>\n<p><!--more--><br \/>\n<!-- {\"type\":\"layout\",\"children\":[{\"type\":\"section\",\"props\":{\"style\":\"default\",\"width\":\"default\",\"vertical_align\":\"middle\",\"title_position\":\"top-left\",\"title_rotation\":\"left\",\"title_breakpoint\":\"xl\",\"image_position\":\"center-center\",\"padding\":\"xsmall\",\"padding_remove_top\":false},\"children\":[{\"type\":\"row\",\"props\":{\"layout\":\"1-2,1-2\"},\"children\":[{\"type\":\"column\",\"props\":{\"position_sticky_breakpoint\":\"m\",\"image_position\":\"center-center\",\"media_overlay_gradient\":\"\",\"width_medium\":\"1-2\"},\"children\":[{\"type\":\"button\",\"props\":{\"grid_column_gap\":\"small\",\"grid_row_gap\":\"small\",\"margin\":\"default\",\"position\":\"absolute\"},\"children\":[{\"type\":\"button_item\",\"props\":{\"button_style\":\"danger\",\"icon_align\":\"left\",\"content\":\"Forrige\"},\"source\":{\"query\":{\"name\":\"pages.singleNextPage\"},\"props\":{\"link\":{\"filters\":{\"search\":\"\"},\"name\":\"link\"}}}}]}]},{\"type\":\"column\",\"props\":{\"position_sticky_breakpoint\":\"m\",\"image_position\":\"center-center\",\"media_overlay_gradient\":\"\",\"width_medium\":\"1-2\"},\"children\":[{\"type\":\"button\",\"props\":{\"grid_column_gap\":\"small\",\"grid_row_gap\":\"small\",\"margin\":\"default\",\"text_align\":\"right\",\"position\":\"absolute\"},\"children\":[{\"type\":\"button_item\",\"props\":{\"button_style\":\"danger\",\"icon_align\":\"left\",\"content\":\"Neste\"},\"source\":{\"query\":{\"name\":\"pages.singlePreviousPage\"},\"props\":{\"link\":{\"filters\":{\"search\":\"\"},\"name\":\"link\"}}}}]}]}]}],\"name\":\"Forrige\\\/Neste - TOPP\"},{\"type\":\"section\",\"props\":{\"style\":\"default\",\"width\":\"default\",\"vertical_align\":\"middle\",\"title_position\":\"top-left\",\"title_rotation\":\"left\",\"title_breakpoint\":\"xl\",\"image_position\":\"center-center\",\"padding\":\"small\"},\"children\":[{\"type\":\"row\",\"children\":[{\"type\":\"column\",\"props\":{\"position_sticky_breakpoint\":\"m\",\"image_position\":\"center-center\",\"media_overlay_gradient\":\"\"},\"children\":[{\"type\":\"headline\",\"props\":{\"title_element\":\"h1\",\"content\":\"Sm\\u00e5stoff\",\"title_color\":\"primary\",\"title_style\":\"h2\",\"text_align\":\"center\"}}]}]}]},{\"type\":\"section\",\"props\":{\"style\":\"default\",\"width\":\"default\",\"vertical_align\":\"middle\",\"title_position\":\"top-left\",\"title_rotation\":\"left\",\"title_breakpoint\":\"xl\",\"image_position\":\"center-center\",\"padding\":\"small\",\"padding_remove_top\":true},\"children\":[{\"type\":\"row\",\"children\":[{\"type\":\"column\",\"props\":{\"position_sticky_breakpoint\":\"m\",\"image_position\":\"center-center\",\"media_overlay_gradient\":\"\",\"width_medium\":\"2-3\"},\"children\":[{\"type\":\"headline\",\"props\":{\"title_element\":\"h1\",\"content\":\"\n\n<p>\\u00c5 v\\u00e6re fysisk aktiv gir h\\u00f8yere smertetoleranse<\\\/p>\",\"text_align\":\"center\"}},{\"type\":\"image\",\"props\":{\"margin\":\"default\",\"image_svg_color\":\"emphasis\",\"image\":\"wp-content\\\/uploads\\\/2023\\\/06\\\/smerte.jpg\",\"margin_remove_bottom\":false}},{\"type\":\"text\",\"props\":{\"margin\":\"default\",\"column_breakpoint\":\"m\",\"content\":\"\n\n<p><em><strong>Erfaring med smerte: <\\\/strong>\\u2013 Ved \\u00e5 trene f\\u00e5r man erfaring med \\u00e5 f\\u00f8le ubehag i en ufarlig og lystbetont setting, sier forsker Anders \\u00c5rnes. Foto: UiT\\\/J\\u00f8rn Berger-Nyvoll<\\\/em><\\\/p>\",\"margin_remove_top\":false,\"margin_remove_bottom\":false}},{\"type\":\"text\",\"props\":{\"margin\":\"default\",\"column_breakpoint\":\"m\",\"content\":\"\n\n<p><strong>MANGE DELTAKERE:<\\\/strong> De ferske forskningsresultatene fra UiT viser at blant mer enn 10\\u00a0000 voksne personer, hadde de som var fysisk aktive h\\u00f8yere smertetoleranse enn de som var stillesittende, og de med h\\u00f8yere aktivitetsniv\\u00e5 hadde h\\u00f8yere smertetoleranse.<\\\/p>\\n\n\n<p>\\u2013 Du m\\u00e5 ikke v\\u00e6re toppidrettsut\\u00f8ver for \\u00e5 ha effekt av \\u00e5 v\\u00e6re aktiv, men enhver \\u00f8kning i aktivitetsniv\\u00e5et later til \\u00e5 henge sammen med mindre smerte og mer smertetoleranse, sier doktorgradsstudent Anders \\u00c5rnes fra UiT, som sammen med kolleger st\\u00e5r bak studien.<\\\/p>\\n\n\n<p>For \\u00e5 finne ut sammenhengen mellom fysisk aktivitet og smertetoleranse m\\u00e5tte deltakerne senke h\\u00e5nden i iskaldt vann som var p\\u00e5 tre grader celsius. De rapportere selv deres fysiske aktivitetsniv\\u00e5.<\\\/p>\"}}]},{\"type\":\"column\",\"props\":{\"position_sticky_breakpoint\":\"m\",\"image_position\":\"center-center\",\"media_overlay_gradient\":\"\",\"width_medium\":\"1-3\",\"style\":\"muted\",\"padding\":\"small\"},\"children\":[{\"type\":\"headline\",\"props\":{\"title_element\":\"h1\",\"content\":\"\n\n<p>Plasteriet lager medaljene av resirkulert plast til barnel\\u00f8pet<\\\/p>\",\"title_style\":\"h2\"}},{\"type\":\"image\",\"props\":{\"margin\":\"default\",\"image_svg_color\":\"emphasis\",\"image\":\"wp-content\\\/uploads\\\/2023\\\/06\\\/medaljer.jpg\"}},{\"type\":\"text\",\"props\":{\"margin\":\"default\",\"column_breakpoint\":\"m\",\"content\":\"\n\n<p><em><strong>Milj\\u00f8tiltak:<\\\/strong> Ogs\\u00e5 i \\u00e5r er det bedriften Plasteriet i Trondheim som har f\\u00e5tt i oppdrag \\u00e5 lage medaljene til barnel\\u00f8pet. Materialet er 100 prosent resirkulert plast. (Foto: Plasteriet)<\\\/em><\\\/p>\"}},{\"type\":\"text\",\"props\":{\"margin\":\"default\",\"column_breakpoint\":\"m\",\"content\":\"\n\n<p><strong>OMFATTENDE:<\\\/strong> Hele 1000 medaljer skal produseres av Trondheimsbedriften Plateriet.<\\\/p>\\n\n\n<p>\\u2013 Det er viktig for oss \\u00e5 satse p\\u00e5 de som skal overta kloden. Det gj\\u00f8r vi ved \\u00e5 legge til rette for at barna f\\u00e5r info p\\u00e5 alle arenaer. Vi \\u00f8nsker \\u00e5 v\\u00e6re med \\u00e5 p\\u00e5virke dem i en positiv retning mot en b\\u00e6rekraftig framtid. Derfor var det medaljene til barn som ble prioritert i f\\u00f8rste omgang, sier Morten Rasch Eliassen som er prosjektleder for Trondheim Maraton.<\\\/p>\"}},{\"type\":\"divider\",\"props\":{\"divider_element\":\"hr\"}}]}],\"props\":{\"layout\":\"2-3,1-3\"}}]},{\"type\":\"section\",\"props\":{\"style\":\"primary\",\"width\":\"default\",\"vertical_align\":\"middle\",\"title_position\":\"top-left\",\"title_rotation\":\"left\",\"title_breakpoint\":\"xl\",\"image_position\":\"center-center\",\"padding\":\"small\"},\"children\":[{\"type\":\"row\",\"children\":[{\"type\":\"column\",\"props\":{\"position_sticky_breakpoint\":\"m\",\"image_position\":\"center-center\",\"media_overlay_gradient\":\"\"},\"children\":[{\"type\":\"headline\",\"props\":{\"title_element\":\"h1\",\"content\":\"\n\n<p>Visste du at: Rockheim er det nasjonale museet for popul\\u00e6rmusikk og skal samle inn, ta vare p\\u00e5 og videreformidle norsk popul\\u00e6rmusikk fra 1950-tallet og frem til i dag. L\\u00f8ypa g\\u00e5r forbi Rockheim nede ved Bratt\\u00f8rkaia.<\\\/p>\",\"title_style\":\"h2\",\"margin\":\"small\",\"margin_remove_top\":false}}]}]}]},{\"type\":\"section\",\"props\":{\"style\":\"default\",\"width\":\"default\",\"vertical_align\":\"middle\",\"title_position\":\"top-left\",\"title_rotation\":\"left\",\"title_breakpoint\":\"xl\",\"image_position\":\"center-center\",\"padding\":\"small\",\"padding_remove_top\":false},\"children\":[{\"type\":\"row\",\"children\":[{\"type\":\"column\",\"props\":{\"position_sticky_breakpoint\":\"m\",\"image_position\":\"center-center\",\"media_overlay_gradient\":\"\",\"width_medium\":\"2-3\"},\"children\":[{\"type\":\"headline\",\"props\":{\"title_element\":\"h1\",\"content\":\"\n\n<p>AktiVM blir med p\\u00e5 Trondheim Maraton<\\\/p>\",\"text_align\":\"center\"}},{\"type\":\"image\",\"props\":{\"margin\":\"default\",\"image_svg_color\":\"emphasis\",\"image\":\"wp-content\\\/uploads\\\/2023\\\/06\\\/Hilde-med-bamse.jpg\",\"margin_remove_bottom\":false}},{\"type\":\"text\",\"props\":{\"margin\":\"default\",\"column_breakpoint\":\"m\",\"content\":\"\n\n<p><em><strong>AktiVM: <\\\/strong>Hilde Martinsen og Bedriftsidretten Midt-Norge er prosjektleder for AktiVM med ansvar for planlegging og gjennomf\\u00f8ring av alle fysiske og sosiale aktiviteter. Her avfotografert sammen med en bamse p\\u00e5 et barnearrangement i samarbeid med Trondhjems turistforening. (Foto: Privat)<\\\/em><\\\/p>\",\"margin_remove_top\":false,\"margin_remove_bottom\":false}},{\"type\":\"text\",\"props\":{\"margin\":\"default\",\"column_breakpoint\":\"m\",\"content\":\"\n\n<p><strong>TO HATTER:<\\\/strong> Bedriftsidretten Midt-Norge er engasjert b\\u00e5de med Trondheim Maraton og AktiVM. Det gj\\u00f8r Trondheim Maraton til en enda viktigere bidragsyter til folkehelsa enn ved kun \\u00e5 arrangere et l\\u00f8p f\\u00f8rste helga i september.<\\\/p>\\n\n\n<p>\\u2013 Vi h\\u00e5per \\u00e5 kunne v\\u00e6re med \\u00e5 gi varige endringer som fremmer folkehelse og aktivitetsglede, sier Hilde.<\\\/p>\"}}]},{\"type\":\"column\",\"props\":{\"position_sticky_breakpoint\":\"m\",\"image_position\":\"center-center\",\"media_overlay_gradient\":\"\",\"width_medium\":\"1-3\",\"style\":\"muted\",\"padding\":\"small\"},\"children\":[{\"type\":\"headline\",\"props\":{\"title_element\":\"h1\",\"content\":\"\n\n<p>Mange l\\u00f8per for barnekreftforeningen<\\\/p>\",\"title_style\":\"h2\"}},{\"type\":\"image\",\"props\":{\"margin\":\"default\",\"image_svg_color\":\"emphasis\",\"image\":\"wp-content\\\/uploads\\\/2023\\\/06\\\/Ida.jpg\"}},{\"type\":\"text\",\"props\":{\"margin\":\"default\",\"column_breakpoint\":\"m\",\"content\":\"\n\n<p><em><strong>Setter pris p\\u00e5: <\\\/strong>Ida Kiel er sv\\u00e6rt takknemlig for alle dem som velger \\u00e5 l\\u00f8pe for barnekreftforeningen i Trondheim Maraton. (Foto: Privat)<\\\/em><\\\/p>\"}},{\"type\":\"text\",\"props\":{\"margin\":\"default\",\"column_breakpoint\":\"m\",\"content\":\"\n\n<p><strong>TIL NYTTE:<\\\/strong> N\\u00e5r noen velger \\u00e5 melde seg p\\u00e5 Trondheim Maraton gjennom Barnekreftforeningen, gir dette \\u00f8kte inntekter til foreningen. Disse kommer sv\\u00e6rt godt med.<\\\/p>\\n\n\n<p>\\u2013 Pengene vi samler inn, g\\u00e5r til mange ulike arrangementer og opplevelser for familier som er rammet. Deler av midlene brukes ogs\\u00e5 til forskning, trivselssykepleier p\\u00e5 sykehuset, tilrettelegging for familie og s\\u00f8sken til det syke barnet, ulike st\\u00f8tteordninger og mye, mye mer, forteller Ida Kiel.<\\\/p>\\n\n\n<p>Barnekreftforeningen er en frivillig organisasjon som drives av familier som har eller har hatt barn med kreft. P\\u00e5 l\\u00f8psdagen vil de ha stand med ulike aktiviteter i tilknytning til arrangementet.<\\\/p>\\n\n\n<p>\\u2013 Vi h\\u00e5per mange, b\\u00e5de barn og unge, kommer innom, sier hun.<\\\/p>\"}}]}],\"props\":{\"layout\":\"2-3,1-3\"}}]},{\"type\":\"section\",\"props\":{\"style\":\"default\",\"width\":\"default\",\"vertical_align\":\"middle\",\"title_position\":\"top-left\",\"title_rotation\":\"left\",\"title_breakpoint\":\"xl\",\"image_position\":\"center-center\",\"padding\":\"large\",\"padding_remove_top\":false},\"children\":[{\"type\":\"row\",\"props\":{\"layout\":\"1-2,1-2\"},\"children\":[{\"type\":\"column\",\"props\":{\"position_sticky_breakpoint\":\"m\",\"image_position\":\"center-center\",\"media_overlay_gradient\":\"\",\"width_medium\":\"1-2\"},\"children\":[{\"type\":\"button\",\"props\":{\"grid_column_gap\":\"small\",\"grid_row_gap\":\"small\",\"margin\":\"default\",\"position\":\"absolute\"},\"children\":[{\"type\":\"button_item\",\"props\":{\"button_style\":\"danger\",\"icon_align\":\"left\",\"content\":\"Forrige\"},\"source\":{\"query\":{\"name\":\"pages.singleNextPage\"},\"props\":{\"link\":{\"filters\":{\"search\":\"\"},\"name\":\"link\"}}}}]}]},{\"type\":\"column\",\"props\":{\"position_sticky_breakpoint\":\"m\",\"image_position\":\"center-center\",\"media_overlay_gradient\":\"\",\"width_medium\":\"1-2\"},\"children\":[{\"type\":\"button\",\"props\":{\"grid_column_gap\":\"small\",\"grid_row_gap\":\"small\",\"margin\":\"default\",\"text_align\":\"right\",\"position\":\"absolute\"},\"children\":[{\"type\":\"button_item\",\"props\":{\"button_style\":\"danger\",\"icon_align\":\"left\",\"content\":\"Neste\"},\"source\":{\"query\":{\"name\":\"pages.singlePreviousPage\"},\"props\":{\"link\":{\"filters\":{\"search\":\"\"},\"name\":\"link\"}}}}]}]}]}],\"name\":\"Forrige\\\/Neste - BUNN\"}],\"version\":\"2.7.22\"} --><\/p>\n","protected":false},"excerpt":{"rendered":"<p>Forrige Neste Sm\u00e5stoff \u00c5 v\u00e6re fysisk aktiv gir h\u00f8yere smertetoleranse Erfaring med smerte: \u2013 Ved \u00e5 trene f\u00e5r man erfaring med \u00e5 f\u00f8le ubehag i en ufarlig og lystbetont setting, sier forsker Anders \u00c5rnes. Foto: UiT\/J\u00f8rn Berger-Nyvoll MANGE DELTAKERE: De ferske forskningsresultatene fra UiT viser at blant mer enn 10\u00a0000 voksne personer, hadde de som [&hellip;]<\/p>\n","protected":false},"author":1,"featured_media":0,"parent":0,"menu_order":6,"comment_status":"closed","ping_status":"closed","template":"","meta":{"footnotes":""},"class_list":["post-4681","page","type-page","status-publish","hentry"],"acf":[],"_links":{"self":[{"href":"https:\/\/tm2023.mittmagasin.online\/index.php?rest_route=\/wp\/v2\/pages\/4681","targetHints":{"allow":["GET"]}}],"collection":[{"href":"https:\/\/tm2023.mittmagasin.online\/index.php?rest_route=\/wp\/v2\/pages"}],"about":[{"href":"https:\/\/tm2023.mittmagasin.online\/index.php?rest_route=\/wp\/v2\/types\/page"}],"author":[{"embeddable":true,"href":"https:\/\/tm2023.mittmagasin.online\/index.php?rest_route=\/wp\/v2\/users\/1"}],"replies":[{"embeddable":true,"href":"https:\/\/tm2023.mittmagasin.online\/index.php?rest_route=%2Fwp%2Fv2%2Fcomments&post=4681"}],"version-history":[{"count":97,"href":"https:\/\/tm2023.mittmagasin.online\/index.php?rest_route=\/wp\/v2\/pages\/4681\/revisions"}],"predecessor-version":[{"id":6002,"href":"https:\/\/tm2023.mittmagasin.online\/index.php?rest_route=\/wp\/v2\/pages\/4681\/revisions\/6002"}],"wp:attachment":[{"href":"https:\/\/tm2023.mittmagasin.online\/index.php?rest_route=%2Fwp%2Fv2%2Fmedia&parent=4681"}],"curies":[{"name":"wp","href":"https:\/\/api.w.org\/{rel}","templated":true}]}}