{"id":4673,"date":"2022-06-27T09:34:14","date_gmt":"2022-06-27T09:34:14","guid":{"rendered":"https:\/\/tm2023.mittmagasin.online\/?page_id=4673"},"modified":"2023-06-29T20:07:59","modified_gmt":"2023-06-29T20:07:59","slug":"velkommen-til-trondheim","status":"publish","type":"page","link":"https:\/\/tm2023.mittmagasin.online\/?page_id=4673","title":{"rendered":"Velkommen fra ordf\u00f8reren"},"content":{"rendered":"<p>\n    <a href=\"\">Forrige<\/a>\n<\/p>\n<p>\n    <a href=\"\">Neste<\/a>\n<\/p>\n<h1>\n<p><span>Velkommen fra ordf\u00f8reren<\/span><\/p>\n<div class=\"uk-panel uk-margin\"><\/div>\n<\/h1>\n<div>\n<p>Signingsbyen. Kunnskapsbyen. Matbyen. Velkommen til Norges eldste by hvis vi skal tro arkeologene, etter at nye funn har gjort oss eldre enn vi trodde at vi var.<\/p>\n<p>Som dere skj\u00f8nner, Trondheim er byen for det lange l\u00f8p. Derfor klinger det godt at vi ogs\u00e5 har Norges eldste maraton, startet av byens studenter i 1969. I dag er det en stor folkefest for hele byen og alle tilreisende. Vi er stolte av v\u00e5re tradisjoner. Trondheim Maraton er en av dem.<\/p>\n<p>Dere som er med og l\u00f8per, f\u00e5r oppleve mye av vakre Trondheim p\u00e5 relativt kort tid. Jeg h\u00e5per at dere har muligheten til \u00e5 se enda mer av byen utenfor konkurransen. Trondheim har mye \u00e5 by p\u00e5, b\u00e5de av severdigheter og opplevelser. Og at vi n\u00e5 er blitt en internasjonalt anerkjent matby, taler for at dere kan fylle p\u00e5 tanken med kvalitetsdrivstoff etter endt maraton.<\/p>\n<p>Jeg \u00f8nsker dere alle, ut\u00f8vere og publikum, lykke til med \u00e5rets maraton. H\u00e5per dere f\u00e5r flotte dager i byen v\u00e5r.<\/p>\n<p><strong>Rita Ottervik<br \/><\/strong><strong>Ordf\u00f8rer i Trondheim<\/strong><\/p>\n<\/div>\n<p><img decoding=\"async\" src=\"\/wp-content\/uploads\/2023\/06\/image_67189505-2.jpg\" alt=\"\"><\/p>\n<div>\n<p><em>Rita Ottervik, ordf\u00f8rer i Trondheim<\/em><\/p>\n<\/div>\n<p>\n    <a href=\"\">Forrige<\/a>\n<\/p>\n<p>\n    <a href=\"\">Neste<\/a>\n<\/p>\n<p><!--more--><br \/>\n<!-- {\"type\":\"layout\",\"children\":[{\"type\":\"section\",\"props\":{\"style\":\"default\",\"width\":\"default\",\"vertical_align\":\"middle\",\"title_position\":\"top-left\",\"title_rotation\":\"left\",\"title_breakpoint\":\"xl\",\"image_position\":\"center-center\",\"padding\":\"xsmall\",\"padding_remove_top\":false},\"children\":[{\"type\":\"row\",\"props\":{\"layout\":\"1-2,1-2\"},\"children\":[{\"type\":\"column\",\"props\":{\"position_sticky_breakpoint\":\"m\",\"image_position\":\"center-center\",\"media_overlay_gradient\":\"\",\"width_medium\":\"1-2\"},\"children\":[{\"type\":\"button\",\"props\":{\"grid_column_gap\":\"small\",\"grid_row_gap\":\"small\",\"margin\":\"default\",\"position\":\"absolute\"},\"children\":[{\"type\":\"button_item\",\"props\":{\"button_style\":\"danger\",\"icon_align\":\"left\",\"content\":\"Forrige\"},\"source\":{\"query\":{\"name\":\"pages.singleNextPage\"},\"props\":{\"link\":{\"filters\":{\"search\":\"\"},\"name\":\"link\"}}}}]}]},{\"type\":\"column\",\"props\":{\"position_sticky_breakpoint\":\"m\",\"image_position\":\"center-center\",\"media_overlay_gradient\":\"\",\"width_medium\":\"1-2\"},\"children\":[{\"type\":\"button\",\"props\":{\"grid_column_gap\":\"small\",\"grid_row_gap\":\"small\",\"margin\":\"default\",\"text_align\":\"right\",\"position\":\"absolute\"},\"children\":[{\"type\":\"button_item\",\"props\":{\"button_style\":\"danger\",\"icon_align\":\"left\",\"content\":\"Neste\"},\"source\":{\"query\":{\"name\":\"pages.singlePreviousPage\"},\"props\":{\"link\":{\"filters\":{\"search\":\"\"},\"name\":\"link\"}}}}]}]}]}],\"name\":\"Forrige\\\/Neste - TOPP\"},{\"type\":\"section\",\"props\":{\"style\":\"default\",\"width\":\"default\",\"vertical_align\":\"middle\",\"title_position\":\"top-left\",\"title_rotation\":\"left\",\"title_breakpoint\":\"xl\",\"image_position\":\"center-center\",\"padding\":\"small\"},\"children\":[{\"type\":\"row\",\"props\":{\"layout\":\"1-2,1-2\"},\"children\":[{\"type\":\"column\",\"props\":{\"position_sticky_breakpoint\":\"m\",\"image_position\":\"center-center\",\"media_overlay_gradient\":\"\",\"width_medium\":\"1-2\"},\"children\":[{\"type\":\"headline\",\"props\":{\"title_element\":\"h1\",\"content\":\"\n\n<p><span>Velkommen fra ordf\\u00f8reren<\\\/span><\\\/p>\\n\n\n<div class=\\\"uk-panel uk-margin\\\"><\\\/div>\"}},{\"type\":\"text\",\"props\":{\"margin\":\"default\",\"column_breakpoint\":\"m\",\"content\":\"\n\n<p>Signingsbyen. Kunnskapsbyen. Matbyen. Velkommen til Norges eldste by hvis vi skal tro arkeologene, etter at nye funn har gjort oss eldre enn vi trodde at vi var.<\\\/p>\\n\n\n<p>Som dere skj\\u00f8nner, Trondheim er byen for det lange l\\u00f8p. Derfor klinger det godt at vi ogs\\u00e5 har Norges eldste maraton, startet av byens studenter i 1969. I dag er det en stor folkefest for hele byen og alle tilreisende. Vi er stolte av v\\u00e5re tradisjoner. Trondheim Maraton er en av dem.<\\\/p>\\n\n\n<p>Dere som er med og l\\u00f8per, f\\u00e5r oppleve mye av vakre Trondheim p\\u00e5 relativt kort tid. Jeg h\\u00e5per at dere har muligheten til \\u00e5 se enda mer av byen utenfor konkurransen. Trondheim har mye \\u00e5 by p\\u00e5, b\\u00e5de av severdigheter og opplevelser. Og at vi n\\u00e5 er blitt en internasjonalt anerkjent matby, taler for at dere kan fylle p\\u00e5 tanken med kvalitetsdrivstoff etter endt maraton.<\\\/p>\\n\n\n<p>Jeg \\u00f8nsker dere alle, ut\\u00f8vere og publikum, lykke til med \\u00e5rets maraton. H\\u00e5per dere f\\u00e5r flotte dager i byen v\\u00e5r.<\\\/p>\\n\n\n<p><strong>Rita Ottervik<br \\\/><\\\/strong><strong>Ordf\\u00f8rer i Trondheim<\\\/strong><\\\/p>\"}}]},{\"type\":\"column\",\"props\":{\"position_sticky_breakpoint\":\"m\",\"image_position\":\"center-center\",\"media_overlay_gradient\":\"\",\"width_medium\":\"1-2\"},\"children\":[{\"type\":\"image\",\"props\":{\"margin\":\"default\",\"image_svg_color\":\"emphasis\",\"image\":\"wp-content\\\/uploads\\\/2023\\\/06\\\/image_67189505-2.jpg\"}},{\"type\":\"text\",\"props\":{\"margin\":\"default\",\"column_breakpoint\":\"m\",\"content\":\"\n\n<p><em>Rita Ottervik, ordf\\u00f8rer i Trondheim<\\\/em><\\\/p>\"}}]}]}]},{\"type\":\"section\",\"props\":{\"style\":\"default\",\"width\":\"default\",\"vertical_align\":\"middle\",\"title_position\":\"top-left\",\"title_rotation\":\"left\",\"title_breakpoint\":\"xl\",\"image_position\":\"center-center\",\"padding\":\"large\",\"padding_remove_top\":false},\"children\":[{\"type\":\"row\",\"props\":{\"layout\":\"1-2,1-2\"},\"children\":[{\"type\":\"column\",\"props\":{\"position_sticky_breakpoint\":\"m\",\"image_position\":\"center-center\",\"media_overlay_gradient\":\"\",\"width_medium\":\"1-2\"},\"children\":[{\"type\":\"button\",\"props\":{\"grid_column_gap\":\"small\",\"grid_row_gap\":\"small\",\"margin\":\"default\",\"position\":\"absolute\"},\"children\":[{\"type\":\"button_item\",\"props\":{\"button_style\":\"danger\",\"icon_align\":\"left\",\"content\":\"Forrige\"},\"source\":{\"query\":{\"name\":\"pages.singleNextPage\"},\"props\":{\"link\":{\"filters\":{\"search\":\"\"},\"name\":\"link\"}}}}]}]},{\"type\":\"column\",\"props\":{\"position_sticky_breakpoint\":\"m\",\"image_position\":\"center-center\",\"media_overlay_gradient\":\"\",\"width_medium\":\"1-2\"},\"children\":[{\"type\":\"button\",\"props\":{\"grid_column_gap\":\"small\",\"grid_row_gap\":\"small\",\"margin\":\"default\",\"text_align\":\"right\",\"position\":\"absolute\"},\"children\":[{\"type\":\"button_item\",\"props\":{\"button_style\":\"danger\",\"icon_align\":\"left\",\"content\":\"Neste\"},\"source\":{\"query\":{\"name\":\"pages.singlePreviousPage\"},\"props\":{\"link\":{\"filters\":{\"search\":\"\"},\"name\":\"link\"}}}}]}]}]}],\"name\":\"Forrige\\\/Neste - BUNN\"}],\"version\":\"2.7.22\"} --><\/p>\n","protected":false},"excerpt":{"rendered":"<p>Forrige Neste Velkommen fra ordf\u00f8reren Signingsbyen. Kunnskapsbyen. Matbyen. Velkommen til Norges eldste by hvis vi skal tro arkeologene, etter at nye funn har gjort oss eldre enn vi trodde at vi var. Som dere skj\u00f8nner, Trondheim er byen for det lange l\u00f8p. Derfor klinger det godt at vi ogs\u00e5 har Norges eldste maraton, startet av [&hellip;]<\/p>\n","protected":false},"author":1,"featured_media":0,"parent":0,"menu_order":5,"comment_status":"closed","ping_status":"closed","template":"","meta":{"footnotes":""},"class_list":["post-4673","page","type-page","status-publish","hentry"],"acf":[],"_links":{"self":[{"href":"https:\/\/tm2023.mittmagasin.online\/index.php?rest_route=\/wp\/v2\/pages\/4673","targetHints":{"allow":["GET"]}}],"collection":[{"href":"https:\/\/tm2023.mittmagasin.online\/index.php?rest_route=\/wp\/v2\/pages"}],"about":[{"href":"https:\/\/tm2023.mittmagasin.online\/index.php?rest_route=\/wp\/v2\/types\/page"}],"author":[{"embeddable":true,"href":"https:\/\/tm2023.mittmagasin.online\/index.php?rest_route=\/wp\/v2\/users\/1"}],"replies":[{"embeddable":true,"href":"https:\/\/tm2023.mittmagasin.online\/index.php?rest_route=%2Fwp%2Fv2%2Fcomments&post=4673"}],"version-history":[{"count":27,"href":"https:\/\/tm2023.mittmagasin.online\/index.php?rest_route=\/wp\/v2\/pages\/4673\/revisions"}],"predecessor-version":[{"id":6061,"href":"https:\/\/tm2023.mittmagasin.online\/index.php?rest_route=\/wp\/v2\/pages\/4673\/revisions\/6061"}],"wp:attachment":[{"href":"https:\/\/tm2023.mittmagasin.online\/index.php?rest_route=%2Fwp%2Fv2%2Fmedia&parent=4673"}],"curies":[{"name":"wp","href":"https:\/\/api.w.org\/{rel}","templated":true}]}}