{"id":4090,"date":"2022-03-28T09:57:28","date_gmt":"2022-03-28T09:57:28","guid":{"rendered":"https:\/\/sentrumslopet.mittmagasin.online\/?page_id=4090"},"modified":"2023-07-03T13:14:09","modified_gmt":"2023-07-03T13:14:09","slug":"innhold","status":"publish","type":"page","link":"https:\/\/tm2023.mittmagasin.online\/?page_id=4090","title":{"rendered":"Innhold"},"content":{"rendered":"<p>\n    <a href=\"\">Forrige<\/a>\n<\/p>\n<p>\n    <a href=\"\">Neste<\/a>\n<\/p>\n<h1>Innhold<\/h1>\n<div>\n<\/div>\n<p><img decoding=\"async\" src=\"\/wp-content\/uploads\/2023\/07\/Trondheim-Maraton-2023.jpg\" alt=\"\"><\/p>\n<div>\n<p style=\"font-weight: 400;\"><strong>Kondis<br \/><\/strong>Post- og bes\u00f8ksadresse:<br \/>Sognsveien 75 A, 0855 Oslo<br \/>Tlf: 22 60 94 70<br \/>Internett: Kondis.no<br \/>E-post: <a href=\"mailto:kondis@kondis.no\">kondis@kondis.no<\/a><\/p>\n<p style=\"font-weight: 400;\"><strong>Ansvarlig redakt\u00f8r:<br \/><\/strong>Marianne R\u00f8hme<br \/>Tlf: 415 09 061<br \/>E-post: <a href=\"mailto:marianne.rohme@kondis.no\">marianne.rohme@kondis.no<\/a><\/p>\n<p style=\"font-weight: 400;\"><strong>Ansvarlig utgiver: <br \/><\/strong>Trondheim Maraton<\/p>\n<p style=\"font-weight: 400;\"><strong>Annonser:<br \/><\/strong>Trond Hansen, tlf: 412 78\u00a0472<\/p>\n<p style=\"font-weight: 400;\"><strong>Kontakt arrang\u00f8r:<br \/><\/strong>Bedriftsidretten Midt-Norge<br \/>Ingvald Ystgaardsvei 3A<br \/>7047 Trondheim<\/p>\n<p><strong><img loading=\"lazy\" decoding=\"async\" src=\"https:\/\/tm2023.mittmagasin.online\/wp-content\/uploads\/2022\/06\/TM-2019-KTL-114.jpg\" alt=\"\" width=\"150\" height=\"175\" class=\"wp-image-5510 alignnone\" srcset=\"https:\/\/tm2023.mittmagasin.online\/wp-content\/uploads\/2022\/06\/TM-2019-KTL-114.jpg 374w, https:\/\/tm2023.mittmagasin.online\/wp-content\/uploads\/2022\/06\/TM-2019-KTL-114-257x300.jpg 257w\" sizes=\"auto, (max-width: 150px) 100vw, 150px\" \/><\/strong><\/p>\n<p style=\"font-weight: 400;\"><strong>Prosjektansvarlig:<br \/><\/strong>Morten R. Eliassen<br \/>e-post: <a href=\"mailto:post@trondheimmaraton.no\">post@trondheimmaraton.no<\/a><\/p>\n<\/div>\n<p>\n    <a href=\"\">Forrige<\/a>\n<\/p>\n<p>\n    <a href=\"\">Neste<\/a>\n<\/p>\n<p><!--more--><br \/>\n<!-- {\"type\":\"layout\",\"children\":[{\"type\":\"section\",\"props\":{\"style\":\"default\",\"width\":\"default\",\"vertical_align\":\"middle\",\"title_position\":\"top-left\",\"title_rotation\":\"left\",\"title_breakpoint\":\"xl\",\"image_position\":\"center-center\",\"padding\":\"xsmall\",\"padding_remove_top\":false},\"children\":[{\"type\":\"row\",\"props\":{\"layout\":\"1-2,1-2\"},\"children\":[{\"type\":\"column\",\"props\":{\"position_sticky_breakpoint\":\"m\",\"image_position\":\"center-center\",\"media_overlay_gradient\":\"\",\"width_medium\":\"1-2\"},\"children\":[{\"type\":\"button\",\"props\":{\"grid_column_gap\":\"small\",\"grid_row_gap\":\"small\",\"margin\":\"default\",\"position\":\"absolute\"},\"children\":[{\"type\":\"button_item\",\"props\":{\"button_style\":\"danger\",\"icon_align\":\"left\",\"content\":\"Forrige\"},\"source\":{\"query\":{\"name\":\"pages.singleNextPage\"},\"props\":{\"link\":{\"filters\":{\"search\":\"\"},\"name\":\"link\"}}}}]}]},{\"type\":\"column\",\"props\":{\"position_sticky_breakpoint\":\"m\",\"image_position\":\"center-center\",\"media_overlay_gradient\":\"\",\"width_medium\":\"1-2\"},\"children\":[{\"type\":\"button\",\"props\":{\"grid_column_gap\":\"small\",\"grid_row_gap\":\"small\",\"margin\":\"default\",\"text_align\":\"right\",\"position\":\"absolute\"},\"children\":[{\"type\":\"button_item\",\"props\":{\"button_style\":\"danger\",\"icon_align\":\"left\",\"content\":\"Neste\"},\"source\":{\"query\":{\"name\":\"pages.singlePreviousPage\"},\"props\":{\"link\":{\"filters\":{\"search\":\"\"},\"name\":\"link\"}}}}]}]}]}]},{\"type\":\"section\",\"props\":{\"style\":\"default\",\"width\":\"default\",\"vertical_align\":\"middle\",\"title_position\":\"top-left\",\"title_rotation\":\"left\",\"title_breakpoint\":\"xl\",\"image_position\":\"center-center\",\"padding\":\"small\"},\"children\":[{\"type\":\"row\",\"props\":{\"layout\":\"1-3,1-3,1-3\"},\"children\":[{\"type\":\"column\",\"props\":{\"position_sticky_breakpoint\":\"m\",\"image_position\":\"center-center\",\"media_overlay_gradient\":\"\",\"width_medium\":\"1-3\"},\"children\":[{\"type\":\"headline\",\"props\":{\"title_element\":\"h1\",\"content\":\"Innhold\"}},{\"type\":\"list\",\"props\":{\"show_image\":true,\"show_link\":true,\"list_type\":\"vertical\",\"list_element\":\"ul\",\"list_horizontal_separator\":\", \",\"column_breakpoint\":\"m\",\"image_svg_color\":\"emphasis\",\"image_align\":\"left\",\"image_vertical_align\":true},\"children\":[{\"type\":\"list_item\",\"source\":{\"query\":{\"name\":\"pages.customPages\",\"arguments\":{\"users\":[],\"users_operator\":\"IN\",\"offset\":2,\"limit\":27,\"order\":\"date\",\"order_direction\":\"DESC\"}},\"props\":{\"content\":{\"filters\":{\"search\":\"\"},\"name\":\"title\"},\"_condition\":{\"filters\":{\"condition\":\"!~=\",\"condition_value\":\"annonse\"},\"name\":\"title\"},\"link\":{\"filters\":{\"search\":\"\"},\"name\":\"link\"}}}}]}]},{\"type\":\"column\",\"props\":{\"position_sticky_breakpoint\":\"m\",\"image_position\":\"center-center\",\"media_overlay_gradient\":\"\",\"width_medium\":\"1-3\",\"style\":\"muted\",\"padding\":\"xsmall\"},\"children\":[{\"type\":\"image\",\"props\":{\"margin\":\"default\",\"image_svg_color\":\"emphasis\",\"image\":\"wp-content\\\/uploads\\\/2023\\\/07\\\/Trondheim-Maraton-2023.jpg\"}}]},{\"type\":\"column\",\"props\":{\"position_sticky_breakpoint\":\"m\",\"image_position\":\"center-center\",\"media_overlay_gradient\":\"\",\"width_medium\":\"1-3\"},\"children\":[{\"type\":\"text\",\"props\":{\"margin\":\"default\",\"column_breakpoint\":\"m\",\"content\":\"\n\n<p style=\\\"font-weight: 400;\\\"><strong>Kondis<br \\\/><\\\/strong>Post- og bes\\u00f8ksadresse:<br \\\/>Sognsveien 75 A, 0855 Oslo<br \\\/>Tlf: 22 60 94 70<br \\\/>Internett: Kondis.no<br \\\/>E-post: <a href=\\\"mailto:kondis@kondis.no\\\">kondis@kondis.no<\\\/a><\\\/p>\\n\n\n<p style=\\\"font-weight: 400;\\\"><strong>Ansvarlig redakt\\u00f8r:<br \\\/><\\\/strong>Marianne R\\u00f8hme<br \\\/>Tlf: 415 09 061<br \\\/>E-post: <a href=\\\"mailto:marianne.rohme@kondis.no\\\">marianne.rohme@kondis.no<\\\/a><\\\/p>\\n\n\n<p style=\\\"font-weight: 400;\\\"><strong>Ansvarlig utgiver: <br \\\/><\\\/strong>Trondheim Maraton<\\\/p>\\n\n\n<p style=\\\"font-weight: 400;\\\"><strong>Annonser:<br \\\/><\\\/strong>Trond Hansen, tlf: 412 78\\u00a0472<\\\/p>\\n\n\n<p style=\\\"font-weight: 400;\\\"><strong>Kontakt arrang\\u00f8r:<br \\\/><\\\/strong>Bedriftsidretten Midt-Norge<br \\\/>Ingvald Ystgaardsvei 3A<br \\\/>7047 Trondheim<\\\/p>\\n\n\n<p><strong><img src=\\\"https:\\\/\\\/tm2023.mittmagasin.online\\\/wp-content\\\/uploads\\\/2022\\\/06\\\/TM-2019-KTL-114.jpg\\\" alt=\\\"\\\" width=\\\"150\\\" height=\\\"175\\\" class=\\\"wp-image-5510 alignnone\\\" \\\/><\\\/strong><\\\/p>\\n\n\n<p style=\\\"font-weight: 400;\\\"><strong>Prosjektansvarlig:<br \\\/><\\\/strong>Morten R. Eliassen<br \\\/>e-post: <a href=\\\"mailto:post@trondheimmaraton.no\\\">post@trondheimmaraton.no<\\\/a><\\\/p>\"}}]}]}]},{\"type\":\"section\",\"props\":{\"style\":\"default\",\"width\":\"default\",\"vertical_align\":\"middle\",\"title_position\":\"top-left\",\"title_rotation\":\"left\",\"title_breakpoint\":\"xl\",\"image_position\":\"center-center\",\"padding\":\"large\",\"padding_remove_top\":false},\"children\":[{\"type\":\"row\",\"props\":{\"layout\":\"1-2,1-2\"},\"children\":[{\"type\":\"column\",\"props\":{\"position_sticky_breakpoint\":\"m\",\"image_position\":\"center-center\",\"media_overlay_gradient\":\"\",\"width_medium\":\"1-2\"},\"children\":[{\"type\":\"button\",\"props\":{\"grid_column_gap\":\"small\",\"grid_row_gap\":\"small\",\"margin\":\"default\",\"position\":\"absolute\"},\"children\":[{\"type\":\"button_item\",\"props\":{\"button_style\":\"danger\",\"icon_align\":\"left\",\"content\":\"Forrige\"},\"source\":{\"query\":{\"name\":\"pages.singleNextPage\"},\"props\":{\"link\":{\"filters\":{\"search\":\"\"},\"name\":\"link\"}}}}]}]},{\"type\":\"column\",\"props\":{\"position_sticky_breakpoint\":\"m\",\"image_position\":\"center-center\",\"media_overlay_gradient\":\"\",\"width_medium\":\"1-2\"},\"children\":[{\"type\":\"button\",\"props\":{\"grid_column_gap\":\"small\",\"grid_row_gap\":\"small\",\"margin\":\"default\",\"text_align\":\"right\",\"position\":\"absolute\"},\"children\":[{\"type\":\"button_item\",\"props\":{\"button_style\":\"danger\",\"icon_align\":\"left\",\"content\":\"Neste\"},\"source\":{\"query\":{\"name\":\"pages.singlePreviousPage\"},\"props\":{\"link\":{\"filters\":{\"search\":\"\"},\"name\":\"link\"}}}}]}]}]}],\"name\":\"Forrige-Neste 2023\"}],\"version\":\"2.7.22\"} --><\/p>\n","protected":false},"excerpt":{"rendered":"<p>Forrige Neste Innhold KondisPost- og bes\u00f8ksadresse:Sognsveien 75 A, 0855 OsloTlf: 22 60 94 70Internett: Kondis.noE-post: kondis@kondis.no Ansvarlig redakt\u00f8r:Marianne R\u00f8hmeTlf: 415 09 061E-post: marianne.rohme@kondis.no Ansvarlig utgiver: Trondheim Maraton Annonser:Trond Hansen, tlf: 412 78\u00a0472 Kontakt arrang\u00f8r:Bedriftsidretten Midt-NorgeIngvald Ystgaardsvei 3A7047 Trondheim Prosjektansvarlig:Morten R. Eliassene-post: post@trondheimmaraton.no Forrige Neste<\/p>\n","protected":false},"author":1,"featured_media":0,"parent":0,"menu_order":2,"comment_status":"closed","ping_status":"closed","template":"","meta":{"footnotes":""},"class_list":["post-4090","page","type-page","status-publish","hentry"],"acf":[],"_links":{"self":[{"href":"https:\/\/tm2023.mittmagasin.online\/index.php?rest_route=\/wp\/v2\/pages\/4090","targetHints":{"allow":["GET"]}}],"collection":[{"href":"https:\/\/tm2023.mittmagasin.online\/index.php?rest_route=\/wp\/v2\/pages"}],"about":[{"href":"https:\/\/tm2023.mittmagasin.online\/index.php?rest_route=\/wp\/v2\/types\/page"}],"author":[{"embeddable":true,"href":"https:\/\/tm2023.mittmagasin.online\/index.php?rest_route=\/wp\/v2\/users\/1"}],"replies":[{"embeddable":true,"href":"https:\/\/tm2023.mittmagasin.online\/index.php?rest_route=%2Fwp%2Fv2%2Fcomments&post=4090"}],"version-history":[{"count":128,"href":"https:\/\/tm2023.mittmagasin.online\/index.php?rest_route=\/wp\/v2\/pages\/4090\/revisions"}],"predecessor-version":[{"id":6066,"href":"https:\/\/tm2023.mittmagasin.online\/index.php?rest_route=\/wp\/v2\/pages\/4090\/revisions\/6066"}],"wp:attachment":[{"href":"https:\/\/tm2023.mittmagasin.online\/index.php?rest_route=%2Fwp%2Fv2%2Fmedia&parent=4090"}],"curies":[{"name":"wp","href":"https:\/\/api.w.org\/{rel}","templated":true}]}}